{"id":6765,"date":"2024-04-16T22:31:30","date_gmt":"2024-04-16T20:31:30","guid":{"rendered":"https:\/\/mama-niemowlaka.pl\/sklep\/?post_type=product&#038;p=6765"},"modified":"2025-04-23T00:50:19","modified_gmt":"2025-04-22T22:50:19","slug":"komplet-niemowlecy-bluzka-i-szorty-dla-chlopca","status":"publish","type":"product","link":"https:\/\/mama-niemowlaka.pl\/sklep\/produkt\/ubranka-niemowlece\/komplet-niemowlecy\/komplet-niemowlecy-bluzka-i-szorty-dla-chlopca\/","title":{"rendered":"Komplet niemowl\u0119cy: bluzeczka i szorty &#8211; dla ch\u0142opca"},"content":{"rendered":"<h2>Komplet ubranek na lato dla ch\u0142opca<\/h2>\n<p>Nasz komplet niemowl\u0119cy to nie tylko zwyk\u0142y zestaw ubranek dla maluszka. Ka\u017cdy z element\u00f3w kompletu zosta\u0142 zaprojektowany z my\u015bl\u0105 o tym, aby u\u0142atwi\u0107 codzienne \u017cycie rodzic\u00f3w, a jednocze\u015bnie zapewni\u0107 dziecku maksymaln\u0105 wygod\u0119.<\/p>\n<p>Zestaw ubranek zosta\u0142 wykonany z mi\u0119kkiego bawe\u0142nianego materia\u0142u, zapewni Twojemu dziecku maksymalny komfort podczas ka\u017cdej zabawy i snu. Bawe\u0142na zapewnia odpowiedni\u0105 termoregulacj\u0119 dla dziecka. Dzi\u0119ki temu maluszek b\u0119dzie czu\u0142 si\u0119 komfortowo i swobodnie, bez wzgl\u0119du na temperatur\u0119 otoczenia. Bawe\u0142na to tak\u017ce materia\u0142 bezpieczny dla delikatnej sk\u00f3ry niemowl\u0105t, co daje rodzicom gwarancj\u0119, \u017ce ich dziecko nie podra\u017cni swojej delikatnej sk\u00f3ry.<\/p>\n<h2>Koszulka i szorty dla niemowlaka<\/h2>\n<p>Spodenki posiadaj\u0105 w pasie nieuciskaj\u0105c\u0105 gum\u0119, dzi\u0119ki czemu dziecko czuje si\u0119 w nich swobodnie. Koszulka natomiast posiada zapi\u0119cie na napk\u0119 na ramieniu, kt\u00f3re u\u0142atwia zak\u0142adanie i zdejmowanie ubranka.<\/p>\n<p>Nie czekaj d\u0142u\u017cej i zam\u00f3w ju\u017c dzi\u015b nasz wyj\u0105tkowy komplet niemowl\u0119cy dla ch\u0142opca. To idealne ubranko na lato dla Twojego dziecka lub doskona\u0142y wyb\u00f3r, je\u015bli szukasz prezentu dla Malucha.<\/p>\n<p>Sk\u0142ad: 100% bawe\u0142na<\/p>\n","protected":false},"excerpt":{"rendered":"<p>Zestaw ubranek na lato, sk\u0142adaj\u0105cy si\u0119 z koszulki i kr\u00f3tkich spodenek. Kremowa koszula zosta\u0142a ozdobiona nadrukiem z misiem, a spodenki s\u0105 w kolorze granatowym. Ca\u0142o\u015b\u0107 zosta\u0142a uszyta z bawe\u0142ny, dzi\u0119ki czemu nie podra\u017cnia delikatnej sk\u00f3ry dziecka.<\/p>\n<p>Zestaw ubranek dost\u0119pny w 3 rozmiarach.<\/p>\n","protected":false},"featured_media":14526,"template":"","meta":[],"product_brand":[],"product_cat":[122,57],"product_tag":[118,145,352,162,359,355],"class_list":{"0":"post-6765","1":"product","2":"type-product","3":"status-publish","4":"has-post-thumbnail","6":"product_cat-komplet-niemowlecy","7":"product_cat-ubranka-niemowlece","8":"product_tag-bawelna","9":"product_tag-ubranka-dla-niemowlat-chlopca","10":"product_tag-komplety-niemowlece-dla-chlopca","11":"product_tag-lato","12":"product_tag-ubranka-dla-niemowlaka-chlopca-na-lato","13":"product_tag-letnie-ubranka-dla-niemowlat","14":"product_shipping_class-lekka","15":"pa_rozmiar-313","16":"pa_rozmiar-314","17":"pa_rozmiar-315","19":"first","20":"instock","21":"taxable","22":"shipping-taxable","23":"purchasable","24":"product-type-variable","25":"has-default-attributes","26":"wvs-archive-product-wrapper"},"_links":{"self":[{"href":"https:\/\/mama-niemowlaka.pl\/sklep\/wp-json\/wp\/v2\/product\/6765","targetHints":{"allow":["GET"]}}],"collection":[{"href":"https:\/\/mama-niemowlaka.pl\/sklep\/wp-json\/wp\/v2\/product"}],"about":[{"href":"https:\/\/mama-niemowlaka.pl\/sklep\/wp-json\/wp\/v2\/types\/product"}],"wp:featuredmedia":[{"embeddable":true,"href":"https:\/\/mama-niemowlaka.pl\/sklep\/wp-json\/wp\/v2\/media\/14526"}],"wp:attachment":[{"href":"https:\/\/mama-niemowlaka.pl\/sklep\/wp-json\/wp\/v2\/media?parent=6765"}],"wp:term":[{"taxonomy":"product_brand","embeddable":true,"href":"https:\/\/mama-niemowlaka.pl\/sklep\/wp-json\/wp\/v2\/product_brand?post=6765"},{"taxonomy":"product_cat","embeddable":true,"href":"https:\/\/mama-niemowlaka.pl\/sklep\/wp-json\/wp\/v2\/product_cat?post=6765"},{"taxonomy":"product_tag","embeddable":true,"href":"https:\/\/mama-niemowlaka.pl\/sklep\/wp-json\/wp\/v2\/product_tag?post=6765"}],"curies":[{"name":"wp","href":"https:\/\/api.w.org\/{rel}","templated":true}]}}