{"id":7303,"date":"2024-04-13T14:57:10","date_gmt":"2024-04-13T12:57:10","guid":{"rendered":"https:\/\/mama-niemowlaka.pl\/sklep\/?post_type=product&#038;p=7303"},"modified":"2026-03-19T19:58:30","modified_gmt":"2026-03-19T18:58:30","slug":"sukienka-do-chrztu-z-dlugim-rekawem-ecru-2","status":"publish","type":"product","link":"https:\/\/mama-niemowlaka.pl\/sklep\/produkt\/ubranka-niemowlece\/sukieneczki-do-chrztu\/sukienka-do-chrztu-z-dlugim-rekawem-ecru-2\/","title":{"rendered":"Sukienka do Chrztu z d\u0142ugim r\u0119kawem z ozdobnym kwiatkiem &#8211; ecru"},"content":{"rendered":"<div>\n<h2 data-pm-slice=\"1 1 []\"><strong>Najpi\u0119kniejsza sukienka na Chrzest \u015awi\u0119ty<\/strong><\/h2>\n<p>Wyb\u00f3r sukienki na Chrzest jest niezwykle trudny. Na Chrzest dziewczynka powinna mie\u0107 idealne ubranko. To wyj\u0105tkowy moment w Waszym \u017cyciu. Nasza sukienka tiulowa do Chrztu jest doskona\u0142ym wyborem dla ma\u0142ych dziewczynek, kt\u00f3re chc\u0105 wygl\u0105da\u0107 uroczo w dniu swojego chrztu.<\/p>\n<p>Sukienka wykonana jest z wysokiej jako\u015bci bawe\u0142ny i tiulu, co sprawia, \u017ce jest mi\u0119kka, delikatna i przewiewna. Dzi\u0119ki temu dziecko czuje si\u0119 w niej komfortowo i swobodnie. Sukienka posiada d\u0142ugi r\u0119kaw, kt\u00f3ry chroni ma\u0142e r\u0105czki i delikatn\u0105 sk\u00f3r\u0119 dziecka przed ch\u0142odem i niekorzystnymi warunkami pogodowymi. Nawet latem w ko\u015bciele jest du\u017co ch\u0142odniej ni\u017c na zewn\u0105trz. W zwi\u0105zku z tym sukienka doskonale sprawdzi si\u0119 na ka\u017cd\u0105 pogod\u0119.<\/p>\n<p>Dodatkowo sukienka i opaska s\u0105 ozdobione tiulowym kwiatkiem w kolorze sukienki ze z\u0142otymi elementami.<\/p>\n<h2><strong>Komplet sukienka i opaska do Chrztu z d\u0142ugim r\u0119kawem<\/strong><\/h2>\n<p>Do sukienki do\u0142\u0105czona jest elastyczna opaska, kt\u00f3ra idealnie dopasowuje si\u0119 do g\u0142owy dziecka, nie uciskaj\u0105c i nie kr\u0119puj\u0105c ruch\u00f3w.<\/p>\n<h2><strong>Ubranko dla dziewczynki sukienka i opaska na Chrzest \u015awi\u0119ty<\/strong><\/h2>\n<p>Je\u015bli szukasz pi\u0119knej i wygodnej sukienki do Chrztu dla swojej c\u00f3reczki, nasza propozycja na pewno spe\u0142ni Twoje oczekiwania. Wybieraj\u0105c nasz\u0105 delikatn\u0105 sukienk\u0119 do chrztu zapewnisz Twojej c\u00f3rce wyj\u0105tkowy wygl\u0105d w dniu uroczysto\u015bci. Wysokiej jako\u015bci tkaniny, z kt\u00f3rych zosta\u0142a wykonana, gwarantuj\u0105 delikatno\u015b\u0107 i przyjemno\u015b\u0107 dla sk\u00f3ry dziecka. D\u0142ugi r\u0119kaw chroni przed ch\u0142odem, co jest szczeg\u00f3lnie istotne w czasie chrztu. Do\u0142\u0105czona do sukienki opaska jest elastyczna i wygodna, nie kr\u0119puj\u0105c ruch\u00f3w dziecka.<\/p>\n<p>Sukienka tiulowa idealnie sprawdzi si\u0119 na roczek, Chrzest, urodziny, wesele. Sukienka wyst\u0119puje w czterech rozmiarach, co umo\u017cliwia dob\u00f3r odpowiedniego rozmiaru do wieku i rozmiaru dziecka.<\/p>\n<p>Zapraszamy do zakupu!<\/p>\n<p>Sk\u0142ad: 50% bawe\u0142na, 50% poliester.<\/p>\n<\/div>\n<h3><strong>W naszym sklepie internetowym znajdziesz wyj\u0105tkowe ubranka dla niemowl\u0105t. Sprawd\u017a nasz\u0105 ofert\u0119 <a href=\"https:\/\/mama-niemowlaka.pl\/sklep\/c\/ubranka\/sukienki\/\" target=\"_blank\" rel=\"noopener noreferrer\">sukienek<\/a><a href=\"https:\/\/mama-niemowlaka.pl\/sklep\/c\/ubranka\/sukienki\/\" target=\"_blank\" rel=\"noopener noreferrer\"> dla niemowl\u0105t.<\/a><\/strong><\/h3>\n","protected":false},"excerpt":{"rendered":"<p data-pm-slice=\"1 1 []\">Sukienka ecru wykonana z mi\u0119kkiej bawe\u0142ny i tiulu z d\u0142ugim r\u0119kawem i do\u0142\u0105czon\u0105 elastyczn\u0105 opask\u0105. Sukienka posiada d\u0142ugi r\u0119kaw, kt\u00f3ry chroni ma\u0142e r\u0105czki i cia\u0142o dziecka przed zimnem, zapewniaj\u0105c mu wygod\u0119 w czasie ceremonii. Do sukienki do\u0142\u0105czona jest elastyczna opaska, kt\u00f3ra jest wygodna i dopasowuje si\u0119 do g\u0142owy dziecka, nie uciskaj\u0105c i nie kr\u0119puj\u0105c ruch\u00f3w.<\/p>\n<p>Sukienka do Chrztu ecru dost\u0119pna jest w czerech rozmiarach.<\/p>\n","protected":false},"featured_media":7789,"template":"","meta":[],"product_brand":[],"product_cat":[163,144,135,126,57],"product_tag":[170,125,152,340,156,344],"class_list":{"0":"post-7303","1":"product","2":"type-product","3":"status-publish","4":"has-post-thumbnail","6":"product_cat-sukieneczki-do-chrztu","7":"product_cat-eleganckie-sukienki-dla-niemowlat","8":"product_cat-eleganckie-ubranka-dla-niemowlaka","9":"product_cat-sukienki-dla-niemowlat","10":"product_cat-ubranka-niemowlece","11":"product_tag-biala-sukienka-dla-niemowlaka","12":"product_tag-ubranka-do-chrztu","13":"product_tag-ubranka-dla-niemowlat-dziewczynek","14":"product_tag-sukieneczka-na-chrzciny","15":"product_tag-sukienka","16":"product_tag-ubranka-do-chrztu-dla-dziewczynki","17":"product_shipping_class-duza","18":"pa_rozmiar-313","19":"pa_rozmiar-314","20":"pa_rozmiar-315","21":"pa_rozmiar-316","23":"first","24":"instock","25":"taxable","26":"shipping-taxable","27":"purchasable","28":"product-type-variable","29":"has-default-attributes","30":"wvs-archive-product-wrapper"},"_links":{"self":[{"href":"https:\/\/mama-niemowlaka.pl\/sklep\/wp-json\/wp\/v2\/product\/7303","targetHints":{"allow":["GET"]}}],"collection":[{"href":"https:\/\/mama-niemowlaka.pl\/sklep\/wp-json\/wp\/v2\/product"}],"about":[{"href":"https:\/\/mama-niemowlaka.pl\/sklep\/wp-json\/wp\/v2\/types\/product"}],"wp:featuredmedia":[{"embeddable":true,"href":"https:\/\/mama-niemowlaka.pl\/sklep\/wp-json\/wp\/v2\/media\/7789"}],"wp:attachment":[{"href":"https:\/\/mama-niemowlaka.pl\/sklep\/wp-json\/wp\/v2\/media?parent=7303"}],"wp:term":[{"taxonomy":"product_brand","embeddable":true,"href":"https:\/\/mama-niemowlaka.pl\/sklep\/wp-json\/wp\/v2\/product_brand?post=7303"},{"taxonomy":"product_cat","embeddable":true,"href":"https:\/\/mama-niemowlaka.pl\/sklep\/wp-json\/wp\/v2\/product_cat?post=7303"},{"taxonomy":"product_tag","embeddable":true,"href":"https:\/\/mama-niemowlaka.pl\/sklep\/wp-json\/wp\/v2\/product_tag?post=7303"}],"curies":[{"name":"wp","href":"https:\/\/api.w.org\/{rel}","templated":true}]}}