{"id":7589,"date":"2023-09-25T15:48:01","date_gmt":"2023-09-25T13:48:01","guid":{"rendered":"https:\/\/mama-niemowlaka.pl\/sklep\/?post_type=product&#038;p=7589"},"modified":"2026-03-24T13:20:10","modified_gmt":"2026-03-24T12:20:10","slug":"komplet-koszula-do-karmienia-i-szlafrok-szary","status":"publish","type":"product","link":"https:\/\/mama-niemowlaka.pl\/sklep\/produkt\/dlamamy\/koszule-do-karmienia\/komplet-koszula-do-karmienia-i-szlafrok-szary\/","title":{"rendered":"Komplet koszula do karmienia i szlafrok &#8211; szary"},"content":{"rendered":"<h2 data-pm-slice=\"1 1 []\"><strong>Bielizna nocna dla przysz\u0142ych mam &#8211; koszula do karmienia i elegancki szlafrok do szpitala<\/strong><\/h2>\n<p data-pm-slice=\"1 1 []\">Komplet <a href=\"https:\/\/mama-niemowlaka.pl\/sklep\/produkt\/dlamamy\/komplet-koszula-do-karmienia-i-szlafrok-szary\/\" target=\"_blank\" rel=\"noopener\"><strong>koszula do karmienia i szlafrok<\/strong><\/a> to niezb\u0119dny element wyprawki do szpitala dla przysz\u0142ej mamy. Stylowy szlafrok ci\u0105\u017cowy i koszula nocna do karmienia to jedne z tych element\u00f3w garderoby, kt\u00f3re ka\u017cda przysz\u0142a mama powinna mie\u0107 w swojej szafie.<\/p>\n<p data-pm-slice=\"1 1 []\">Koszula nocna do karmienia do szpitala powinna powinna by\u0107 przede wszystkim wygodna. Nic nie stoi na przeszkodzie aby jednocze\u015bnie by\u0142a elegancka. Koszula do karmienia na rami\u0105czkach to najbardziej poszukiwany model koszul do karmienia przez kobiety w ci\u0105\u017cy. Koszula do karmienia na rami\u0105czkach zosta\u0142a zaprojektowana tak, aby umo\u017cliwia\u0107 dyskretne i wygodne karmienie piersi\u0105. Jest to szczeg\u00f3lnie wa\u017cne przy nocnym karmieniu dziecka. Karmienie male\u0144stwa piersi\u0105 jest mo\u017cliwe poprzez odpi\u0119cie ka\u017cdego rami\u0105czka. Eleganckiego wygl\u0105d koszuli do karmienia zapewnia wyko\u0144czenie jej delikatn\u0105 koronk\u0105.<\/p>\n<p data-pm-slice=\"1 1 []\">Szlafrok ci\u0105\u017cowy zapewnia wyj\u0105tkowy komfort i funkcjonalno\u015b\u0107. Ten elegancki szlafrok dla kobiet posiada szeroki pasek do wi\u0105zania, \u0142atwo dostosowuje si\u0119 do rosn\u0105cego brzucha, zapewniaj\u0105c odpowiednie wsparcie. D\u0142ugo\u015b\u0107 si\u0119ga kolan, co dodatkowo u\u0142atwia poruszanie si\u0119 i zapewnia swobod\u0119 ruch\u00f3w. Dodatkowo wygodny szlafrok bawe\u0142niany posiada dwie kieszonki, dzi\u0119ki czemu swobodnie przechowasz drobiazgi.<\/p>\n<p data-pm-slice=\"1 1 []\">Na co zwr\u00f3ci\u0107 uwag\u0119 wybieraj\u0105c wygodny szlafrok ci\u0105\u017cowy dla przysz\u0142ej mamy? W przypadku szlafrok\u00f3w dla ci\u0119\u017carnych szczeg\u00f3lne znaczenie ma rodzaj wi\u0105zania. Po porodzie kobieta mo\u017ce by\u0107 zm\u0119czona lub obola\u0142a, dlatego dobrze, aby szlafrok do porodu da\u0142o si\u0119 \u0142atwo zawi\u0105za\u0107. Najlepiej sprawdz\u0105 si\u0119 te tradycyjne, wi\u0105zane w pasie. Wyb\u00f3r szlafroka do szpitala nie jest taki trudny, wystarczy wybra\u0107 szlafrok damski ci\u0105\u017cowy dopasowany do potrzeb przysz\u0142ej mamy. Ten szlafrok ci\u0105\u017cowy doskonale pasuje do ka\u017cdej koszuli do karmienia.<\/p>\n<h2 data-pm-slice=\"1 1 []\"><strong>Komplet koszula nocna i szlafrok do szpitala dla kobiety w ci\u0105\u017cy. Czy szlafrok do szpitala jest potrzebny?<\/strong><\/h2>\n<p data-pm-slice=\"1 1 []\">Elegancki szlafrok i koszula do karmienia to komplet, kt\u00f3ry do szpitala sprawdzi si\u0119 doskonale. Wykonane z wysokiej jako\u015bci, delikatnego i przyjemnego materia\u0142u, zar\u00f3wno koszula do karmienia, jak i szlafrok ci\u0105\u017cowy s\u0105 doskonale przystosowane do zmieniaj\u0105cych si\u0119 kszta\u0142t\u00f3w cia\u0142a w trakcie ci\u0105\u017cy. Elastyczny materia\u0142 zapewnia dopasowanie do figury, jednocze\u015bnie pozwalaj\u0105c na swobodne poruszanie si\u0119. Szlafrok ci\u0105\u017cowy sprawdzi si\u0119 sprawdzi si\u0119 na oddziale po\u0142o\u017cniczym, ale tak\u017ce w domu. W szpitalu, na oddzia\u0142ach po\u0142o\u017cniczych zwykle jest ciep\u0142o, wi\u0119c m\u0142ode mamy, wychodz\u0105c na korytarz lub do \u0142azienki maj\u0105 potrzeb\u0119 zakrycia si\u0119 jedynie lekkim, wygodnym szlafrokiem bawe\u0142nianym.<\/p>\n<h2 data-pm-slice=\"1 1 []\"><strong>Koszule ci\u0105\u017cowe do szpitala\u2013 szeroki wyb\u00f3r pi\u017cam lub koszul do szpitala w sklepie <\/strong><a href=\"https:\/\/mama-niemowlaka.pl\"><strong>mama-niemowlaka.pl<\/strong><\/a><\/h2>\n<p data-pm-slice=\"1 1 []\">W sklepie <a href=\"https:\/\/mama-niemowlaka.pl\">mama-niemowlaka.pl<\/a> znajdziesz szeroki wyb\u00f3r pi\u017cam lub koszul do szpitala a tak\u017ce szeroki wyb\u00f3r szlafrok\u00f3w do szpitala dla przysz\u0142ej mamy. W\u015br\u00f3d naszych bawe\u0142nianych koszul nocnych i pi\u017cam znajdziesz <a href=\"https:\/\/mama-niemowlaka.pl\/sklep\/t\/koszule-do-karmienia-na-zamek\/\" target=\"_blank\" rel=\"noopener\"><strong>koszule do karmienia na zamek<\/strong><\/a>, <a href=\"https:\/\/mama-niemowlaka.pl\/sklep\/t\/koszule-do-karmienia-plus-size\/\" target=\"_blank\" rel=\"noopener\"><strong>koszule do karmienia plus size<\/strong><\/a>, <a href=\"https:\/\/mama-niemowlaka.pl\/sklep\/t\/koszula-na-napy\/\" target=\"_blank\" rel=\"noopener\"><strong>koszule do karmienia na napy<\/strong><\/a>, <a href=\"https:\/\/mama-niemowlaka.pl\/sklep\/t\/eleganckie-koszule-ciazowe\/\" target=\"_blank\" rel=\"noopener\"><strong>eleganckie koszule do karmienia<\/strong><\/a> i wiele innych wygodnych i funkcjonalnych koszul do karmienia. Pozosta\u0142e koszule do karmienia i koszule do porodu znajdziesz w kategorii <a href=\"https:\/\/mama-niemowlaka.pl\/sklep\/c\/dlamamy\/koszule-do-karmienia\/\" target=\"_blank\" rel=\"noopener\"><strong>Koszule do karmienia, <\/strong><\/a>a szlafroki ci\u0105\u017cowe dost\u0119pne w naszym sklepie znajdziesz w kategorii <a href=\"https:\/\/mama-niemowlaka.pl\/sklep\/c\/dlamamy\/szlafroki\/\" target=\"_blank\" rel=\"noopener\"><strong>Szlafroki ci\u0105\u017cowe<\/strong><\/a><strong>.<\/strong><\/p>\n<p data-pm-slice=\"1 1 []\">Mo\u017cesz te\u017c zdecydowa\u0107 si\u0119 na gotowe komplety koszula nocna i szlafrok &#8211; znajdziesz je kategorii <a href=\"https:\/\/mama-niemowlaka.pl\/sklep\/c\/dlamamy\/zestawy\/\" target=\"_blank\" rel=\"noopener\"><strong>Zestawy<\/strong><\/a>. <a href=\"https:\/\/mama-niemowlaka.pl\/sklep\/c\/dlamamy\/bielizna-poporodowa\/\" target=\"_blank\" rel=\"noopener\"><strong>Bielizna nocna dla ci\u0119\u017carnych<\/strong><\/a> to r\u00f3wnie\u017c <a href=\"https:\/\/mama-niemowlaka.pl\/sklep\/c\/dlamamy\/pizamy-do-karmienia\/\" target=\"_blank\" rel=\"noopener\"><strong>pi\u017cama ci\u0105\u017cowa<\/strong><\/a>. Nie ka\u017cda kobieta czuje si\u0119 komfortowo w koszuli do karmienia. I my to doskonale rozumiemy. W sklepie <a href=\"https:\/\/mama-niemowlaka.pl\">mama-niemowlaka.pl<\/a> znajdziesz wygodne <a href=\"https:\/\/mama-niemowlaka.pl\/sklep\/c\/dlamamy\/pizamy-do-karmienia\/\" target=\"_blank\" rel=\"noopener\"><strong>pi\u017camy ci\u0105\u017cowe<\/strong><\/a> w kategorii <a href=\"https:\/\/mama-niemowlaka.pl\/sklep\/c\/dlamamy\/pizamy-do-karmienia\/\" target=\"_blank\" rel=\"noopener\"><strong>Pi\u017camy do karmienia<\/strong><\/a>.<\/p>\n<p data-pm-slice=\"1 1 []\">Nasze produkty wysy\u0142amy w ci\u0105gu 48 godzin. Oferujemy bezp\u0142atn\u0105 wymian\u0119 i 14-dniowy zwrot. Dodatkowo, je\u015bli zam\u00f3wisz za minimum 249 z\u0142, dostawa b\u0119dzie ca\u0142kowicie bezp\u0142atna. Nasze produkty s\u0105 starannie dobierane tak, aby zapewni\u0107 Ci maksymalny komfort i bezpiecze\u0144stwo. Nie musisz ju\u017c traci\u0107 czasu na przeszukiwanie innych sklep\u00f3w. <a href=\"https:\/\/mama-niemowlaka.pl\">mama-niemowlaka.pl<\/a> ma wszystko, czego potrzebujesz! Skorzystaj z naszych us\u0142ug ju\u017c teraz i sprawd\u017a nasz\u0105 ofert\u0119 odzie\u017cy dla ci\u0119\u017carnych, <a href=\"https:\/\/mama-niemowlaka.pl\/sklep\/c\/dlamamy\/bielizna-poporodowa\/\" target=\"_blank\" rel=\"noopener\"><strong>bielizny do porodu<\/strong><\/a> oraz ubranek dla niemowl\u0105t ju\u017c dzi\u015b!<\/p>\n<p data-pm-slice=\"1 1 []\">Ka\u017cda mama powinna wybra\u0107 szlafrok i koszul\u0119 do szpitala. Kup nasz elegancki szlafrok do szpitala i koszul\u0119 do karmienia. Zadbaj o swoje bezpiecze\u0144stwo i wygod\u0119, a tak\u017ce stylowy wygl\u0105d w szpitalu.<\/p>\n<p data-pm-slice=\"1 1 []\">Tabela rozmiar\u00f3w:<\/p>\n<table width=\"700\">\n<tbody>\n<tr>\n<td><strong>Rozmiar<\/strong><\/td>\n<td style=\"text-align: center;\"><strong>S<\/strong><\/td>\n<td style=\"text-align: center;\"><strong>M<\/strong><\/td>\n<td style=\"text-align: center;\"><strong>L<\/strong><\/td>\n<td style=\"text-align: center;\"><strong>XL<\/strong><\/td>\n<td style=\"text-align: center;\"><strong>XXL<\/strong><\/td>\n<\/tr>\n<tr>\n<td>D\u0142ugo\u015b\u0107 ca\u0142kowita koszuli<\/td>\n<td style=\"text-align: center;\">88 cm<\/td>\n<td style=\"text-align: center;\">89 cm<\/td>\n<td style=\"text-align: center;\">90 cm<\/td>\n<td style=\"text-align: center;\">91 cm<\/td>\n<td style=\"text-align: center;\">92 cm<\/td>\n<\/tr>\n<tr>\n<td>Obw\u00f3d klatki piersiowej koszula<\/td>\n<td style=\"text-align: center;\">88 cm<\/td>\n<td style=\"text-align: center;\">88 cm<\/td>\n<td style=\"text-align: center;\">92 cm<\/td>\n<td style=\"text-align: center;\">94 cm<\/td>\n<td style=\"text-align: center;\">96 cm<\/td>\n<\/tr>\n<tr>\n<td>D\u0142ugo\u015b\u0107 ca\u0142kowita szlafroka<\/td>\n<td style=\"text-align: center;\">99 cm<\/td>\n<td style=\"text-align: center;\">101 cm<\/td>\n<td style=\"text-align: center;\">104 cm<\/td>\n<td style=\"text-align: center;\">106 cm<\/td>\n<td style=\"text-align: center;\">108 cm<\/td>\n<\/tr>\n<tr>\n<td>Szeroko\u015b\u0107 pod pachami szlafrok<\/td>\n<td style=\"text-align: center;\">52 cm<\/td>\n<td style=\"text-align: center;\">55 cm<\/td>\n<td style=\"text-align: center;\">58 cm<\/td>\n<td style=\"text-align: center;\">61 cm<\/td>\n<td style=\"text-align: center;\">62 cm<\/td>\n<\/tr>\n<tr>\n<td>D\u0142ugo\u015b\u0107 r\u0119kawa szlafroka<\/td>\n<td style=\"text-align: center;\">38 cm<\/td>\n<td style=\"text-align: center;\">39 cm<\/td>\n<td style=\"text-align: center;\">40 cm<\/td>\n<td style=\"text-align: center;\">41 cm<\/td>\n<td style=\"text-align: center;\">42 cm<\/td>\n<\/tr>\n<\/tbody>\n<\/table>\n<p>&nbsp;<\/p>\n","protected":false},"excerpt":{"rendered":"<p data-pm-slice=\"1 1 []\">Fantastyczny komplet <a href=\"https:\/\/mama-niemowlaka.pl\/sklep\/produkt\/dlamamy\/komplet-koszula-do-karmienia-i-szlafrok-szary\/\" target=\"_blank\" rel=\"noopener\"><strong>koszula do karmienia i szlafrok<\/strong><\/a> to absolutny obowi\u0105zkowy element <a href=\"https:\/\/mama-niemowlaka.pl\/sklep\/t\/dla-mamy\/\" target=\"_blank\" rel=\"noopener\"><strong>torby do szpitala dla przysz\u0142ej mamy<\/strong><\/a>. To zestaw idealny dla kobiet, kt\u00f3re ceni\u0105 sobie estetyk\u0119 i komfort, poniewa\u017c \u0142\u0105czy w sobie zmys\u0142owo\u015b\u0107 i wygod\u0119. Doskonale sprawdzi si\u0119 nie tylko na czas ci\u0105\u017cy, ale tak\u017ce podczas porodu i przez ca\u0142y okres karmienia piersi\u0105. Koszula do karmienia na rami\u0105czkach zosta\u0142a zaprojektowana tak, aby umo\u017cliwia\u0107 dyskretne i wygodne karmienie piersi\u0105. Wygodny szlafrok ci\u0105\u017cowy zapewnia wyj\u0105tkowy komfort i funkcjonalno\u015b\u0107. Posiada szeroki pasek do wi\u0105zania, \u0142atwo dostosowuje si\u0119 do rosn\u0105cego brzucha, zapewniaj\u0105c odpowiednie wsparcie. Ka\u017cda mama powinna mie\u0107 szlafrok i koszul\u0119 do szpitala, gdy pakuje torb\u0119 do porodu.<\/p>\n<p>W sk\u0142ad kompletu wchodzi bawe\u0142niana koszula nocna do karmienia i damski szlafrok ci\u0105\u017cowy wykonany z tego samego materia\u0142u.<\/p>\n<p>Komplet <a href=\"https:\/\/mama-niemowlaka.pl\/sklep\/produkt\/dlamamy\/komplet-koszula-do-karmienia-i-szlafrok-szary\/\" target=\"_blank\" rel=\"noopener\"><strong>koszula do karmienia i szlafrok<\/strong><\/a> dost\u0119pne s\u0105 w czterech rozmiarach w kolorze r\u00f3\u017cowym: S, M, L i XL. zestaw koszula nocna do karmienia i szlafrok ci\u0105\u017cowy dost\u0119pne s\u0105 r\u00f3wnie\u017c w kolorze szarym &#8211; <a href=\"https:\/\/mama-niemowlaka.pl\/sklep\/produkt\/dlamamy\/koszule-do-karmienia\/ciazowa-koszula-i-szlafrok-do-szpitala-rozowy\/\" target=\"_blank\" rel=\"noopener\"><strong>Komplet koszula do karmienia i szlafrok \u2013 r\u00f3\u017cowy<\/strong><\/a>.<\/p>\n<p>Sk\u0142ad: 70% bawe\u0142na 30% poliester<\/p>\n","protected":false},"featured_media":18604,"template":"","meta":[],"product_brand":[],"product_cat":[97,64,149,187],"product_tag":[118,214,608,119,337,236,146,218,259,258,173,98,257,260,331,142],"class_list":{"0":"post-7589","1":"product","2":"type-product","3":"status-publish","4":"has-post-thumbnail","6":"product_cat-koszule-do-karmienia","7":"product_cat-dlamamy","8":"product_cat-szlafrok-ciazowy","9":"product_cat-koszula-i-szlafrok-do-porodu","10":"product_tag-bawelna","11":"product_tag-bestseller","12":"product_tag-bestsellery-dla-mamy","13":"product_tag-dla-mamy","14":"product_tag-eleganckie-koszule-ciazowe","15":"product_tag-koszula-do-karmienia","16":"product_tag-koszule-ciazowe-do-karmienia","17":"product_tag-koszule-do-porodu","18":"product_tag-koszula-do-karmienia-l","19":"product_tag-koszula-do-karmienia-m","20":"product_tag-koszula-na-ramiaczkach","21":"product_tag-koszule-nocne-do-karmienia","22":"product_tag-koszula-do-karmienia-s","23":"product_tag-koszula-do-karmienia-xl","24":"product_tag-koszulka-nocna-do-karmienia","25":"product_tag-szlafrok","26":"product_shipping_class-lekka","27":"pa_rozmiar-2xl","28":"pa_rozmiar-l","29":"pa_rozmiar-m","30":"pa_rozmiar-s","31":"pa_rozmiar-xl","33":"first","34":"instock","35":"taxable","36":"shipping-taxable","37":"purchasable","38":"product-type-variable","39":"has-default-attributes","40":"wvs-archive-product-wrapper"},"_links":{"self":[{"href":"https:\/\/mama-niemowlaka.pl\/sklep\/wp-json\/wp\/v2\/product\/7589","targetHints":{"allow":["GET"]}}],"collection":[{"href":"https:\/\/mama-niemowlaka.pl\/sklep\/wp-json\/wp\/v2\/product"}],"about":[{"href":"https:\/\/mama-niemowlaka.pl\/sklep\/wp-json\/wp\/v2\/types\/product"}],"wp:featuredmedia":[{"embeddable":true,"href":"https:\/\/mama-niemowlaka.pl\/sklep\/wp-json\/wp\/v2\/media\/18604"}],"wp:attachment":[{"href":"https:\/\/mama-niemowlaka.pl\/sklep\/wp-json\/wp\/v2\/media?parent=7589"}],"wp:term":[{"taxonomy":"product_brand","embeddable":true,"href":"https:\/\/mama-niemowlaka.pl\/sklep\/wp-json\/wp\/v2\/product_brand?post=7589"},{"taxonomy":"product_cat","embeddable":true,"href":"https:\/\/mama-niemowlaka.pl\/sklep\/wp-json\/wp\/v2\/product_cat?post=7589"},{"taxonomy":"product_tag","embeddable":true,"href":"https:\/\/mama-niemowlaka.pl\/sklep\/wp-json\/wp\/v2\/product_tag?post=7589"}],"curies":[{"name":"wp","href":"https:\/\/api.w.org\/{rel}","templated":true}]}}