{"id":7672,"date":"2023-05-27T14:25:53","date_gmt":"2023-05-27T12:25:53","guid":{"rendered":"https:\/\/mama-niemowlaka.pl\/sklep\/?post_type=product&#038;p=7672"},"modified":"2024-09-09T17:33:48","modified_gmt":"2024-09-09T15:33:48","slug":"zestaw-ubranek-dla-noworodka-do-szpitala","status":"publish","type":"product","link":"https:\/\/mama-niemowlaka.pl\/sklep\/produkt\/ubranka-niemowlece\/wyprawka-dla-noworodka\/zestaw-ubranek-dla-noworodka-do-szpitala\/","title":{"rendered":"Komplet niemowl\u0119cy: kaftanik, body i p\u00f3\u0142\u015bpiochy &#8211; serduszka"},"content":{"rendered":"<h2 data-pm-slice=\"1 1 []\"><strong>Wyj\u0105tkowy design ubranka niemowl\u0119cego<\/strong><\/h2>\n<p>Nasz zestaw ubranek dla noworodka do szpitala to po\u0142\u0105czenie wygody i uroku dla Twojego maluszka. Sk\u0142adaj\u0105cy si\u0119 z p\u00f3\u0142\u015bpioch\u00f3w, body z d\u0142ugim r\u0119kawem i kaftanika, ten kompletny zestaw zapewnia komfort przez ca\u0142y dzie\u0144. Uroczy wz\u00f3r w serduszka nadaje temu zestawowi niepowtarzalnego wygl\u0105du.<\/p>\n<h2><strong>Mi\u0119kka bawe\u0142na dla delikatnej sk\u00f3ry<\/strong><\/h2>\n<p>Zatroszcz si\u0119 o delikatn\u0105 sk\u00f3r\u0119 Twojego dziecka dzi\u0119ki naszemu kompletowi, kt\u00f3ry zosta\u0142 wykonany z najwy\u017cszej jako\u015bci bawe\u0142ny. Materia\u0142 ten jest nie tylko przyjemny w dotyku, ale r\u00f3wnie\u017c zapewnia oddychalno\u015b\u0107, co jest niezwykle istotne dla sk\u00f3ry niemowl\u0105t.<\/p>\n<h2><strong>Kaftanik niemowl\u0119cy od pierwszych chwil \u017cycia<\/strong><\/h2>\n<p>Nasz bawe\u0142niany komplet niemowl\u0119cy zawiera najbardziej popularne ubranka dla niemowl\u0105t, a jednocze\u015bnie ma niezwykle uroczy design. Bia\u0142e ubranka s\u0105 uniwersalne, a wz\u00f3r serduszek nadaje im dziewcz\u0119cego charakteru.<\/p>\n<p>Kaftanik niemowl\u0119cy jest wi\u0105zany dzi\u0119ki czemu \u0142atwo ubierzesz maluszka. Body posiadaj\u0105 d\u0142ugi r\u0119kaw, dzi\u0119ki czemu zapewnisz ciep\u0142o swojemu dziecku. A urocze p\u00f3\u0142\u015bpiochy doskonale uzupe\u0142niaj\u0105 ten zestaw.<\/p>\n<h3><strong>Stw\u00f3rz niezapomniane wspomnienia w naszym uroczym komplecie niemowl\u0119cym &#8211; kup ju\u017c dzi\u015b.<\/strong><\/h3>\n<p>Sk\u0142ad: 100% bawe\u0142na<\/p>\n","protected":false},"excerpt":{"rendered":"<p data-pm-slice=\"1 1 []\">Wyj\u0105tkowy komplet niemowl\u0119cy z bawe\u0142ny w sk\u0142ad, kt\u00f3rego wchodzi wi\u0105zany kaftanik niemowl\u0119cy, body z d\u0142ugim r\u0119kawem i p\u00f3\u0142\u015bpiochy. Komplet niemowl\u0119cy uszyty z bia\u0142ej bawe\u0142ny z uroczym wzorem serduszek. Komplet jest bardzo wygodny i delikatny dla sk\u00f3ry dziecka. Idealny na wyprawk\u0119 do szpitala.<\/p>\n<p>Zestaw niemowl\u0119cy dost\u0119pny jest w dw\u00f3ch rozmiarach &#8211; 62 i 68<\/p>\n","protected":false},"featured_media":7732,"template":"","meta":[],"product_brand":[],"product_cat":[91,122,57],"product_tag":[118,214,243,161,249,252,247,152,164,153,351,220,165],"class_list":{"0":"post-7672","1":"product","2":"type-product","3":"status-publish","4":"has-post-thumbnail","6":"product_cat-wyprawka-dla-noworodka","7":"product_cat-komplet-niemowlecy","8":"product_cat-ubranka-niemowlece","9":"product_tag-bawelna","10":"product_tag-bestseller","11":"product_tag-black-friday","12":"product_tag-body-dla-niemowlat","13":"product_tag-body-dla-dziewczynek","14":"product_tag-body-dla-noworodka","15":"product_tag-body-z-dlugim-rekawem","16":"product_tag-ubranka-dla-niemowlat-dziewczynek","17":"product_tag-kaftaniki-niemowlece","18":"product_tag-komplet","19":"product_tag-komplety-niemowlece-dla-dziewczynki","20":"product_tag-ubranka-dla-noworodkow","21":"product_tag-polspiochy","22":"product_shipping_class-lekka","23":"pa_rozmiar-312","24":"pa_rozmiar-313","26":"first","27":"outofstock","28":"taxable","29":"shipping-taxable","30":"product-type-variable","31":"has-default-attributes","32":"wvs-archive-product-wrapper"},"_links":{"self":[{"href":"https:\/\/mama-niemowlaka.pl\/sklep\/wp-json\/wp\/v2\/product\/7672","targetHints":{"allow":["GET"]}}],"collection":[{"href":"https:\/\/mama-niemowlaka.pl\/sklep\/wp-json\/wp\/v2\/product"}],"about":[{"href":"https:\/\/mama-niemowlaka.pl\/sklep\/wp-json\/wp\/v2\/types\/product"}],"wp:featuredmedia":[{"embeddable":true,"href":"https:\/\/mama-niemowlaka.pl\/sklep\/wp-json\/wp\/v2\/media\/7732"}],"wp:attachment":[{"href":"https:\/\/mama-niemowlaka.pl\/sklep\/wp-json\/wp\/v2\/media?parent=7672"}],"wp:term":[{"taxonomy":"product_brand","embeddable":true,"href":"https:\/\/mama-niemowlaka.pl\/sklep\/wp-json\/wp\/v2\/product_brand?post=7672"},{"taxonomy":"product_cat","embeddable":true,"href":"https:\/\/mama-niemowlaka.pl\/sklep\/wp-json\/wp\/v2\/product_cat?post=7672"},{"taxonomy":"product_tag","embeddable":true,"href":"https:\/\/mama-niemowlaka.pl\/sklep\/wp-json\/wp\/v2\/product_tag?post=7672"}],"curies":[{"name":"wp","href":"https:\/\/api.w.org\/{rel}","templated":true}]}}