{"id":7768,"date":"2023-08-09T13:23:07","date_gmt":"2023-08-09T11:23:07","guid":{"rendered":"https:\/\/mama-niemowlaka.pl\/sklep\/?post_type=product&#038;p=7768"},"modified":"2025-08-29T22:36:26","modified_gmt":"2025-08-29T20:36:26","slug":"bolerko-do-chrztu-z-dlugim-rekawem-ecru","status":"publish","type":"product","link":"https:\/\/mama-niemowlaka.pl\/sklep\/produkt\/ubranka-niemowlece\/eleganckie-sukienki-dla-niemowlat\/bolerko-do-chrztu-z-dlugim-rekawem-ecru\/","title":{"rendered":"Bolerko do Chrztu z d\u0142ugim r\u0119kawem ecru"},"content":{"rendered":"<h2 data-pm-slice=\"1 1 []\">Bolerko na Chrzest \u015awi\u0119ty<\/h2>\n<p>Bolerko do Chrztu to dzieci\u0119cy kardigan w eleganckim kolorze ecru. Jest idealnym uzupe\u0142nieniem sukienki do Chrztu lub innej sukienki wizytowej. To eleganckie bolerko ma d\u0142ugi r\u0119kaw i jest zapinane jest na dwa guziki. Po lewej stronie, bolerko posiada trzy haftowane r\u00f3\u017cyczki w kolorze ubranka, kt\u00f3re dodaj\u0105 mu uroku.<\/p>\n<h2>Eleganckie bolerko do Chrztu<\/h2>\n<p>Bolerko do Chrztu z d\u0142ugim r\u0119kawem wyst\u0119puje w pi\u0119ciu rozmiarach: 68,74,80,86,92. Idealnie komponuje si\u0119 z sukienkami do Chrztu, kt\u00f3re znajdziesz w naszym sklepie <a href=\"http:\/\/mama-niemowlaka.pl\">mama-niemowlaka.pl<\/a>.<\/p>\n<p>Kupuj na <a href=\"http:\/\/mama-niemowlaka.pl\">mama-niemowlaka.pl<\/a> wysokiej jako\u015bci ubranka dla niemowl\u0105t z naturalnych tkanin, z wysy\u0142k\u0105 zam\u00f3wie\u0144 w ci\u0105gu 24 godzin oraz bezp\u0142atn\u0105 wymian\u0105 i zwrotem w ci\u0105gu 14 dni.<\/p>\n<p>Sk\u0142ad: 100% bawe\u0142na<\/p>\n","protected":false},"excerpt":{"rendered":"<p data-pm-slice=\"1 1 []\">Bolerko z d\u0142ugim r\u0119kawem dla dziewczynki do Chrztu i nie tylko.<\/p>\n<p>Bolerko do Chrztu to zapewnienie idealnego wyko\u0144czenia stroju do Chrztu Twojego dziecka. To eleganckie bolerko do Chrztu posiada d\u0142ugi r\u0119kaw, dzi\u0119ki czemu doskonale chroni ma\u0142e r\u0105czki przed ch\u0142odem. Zapinane jest na dwa guziczki.<\/p>\n<p>Nasze bolerko do Chrztu z d\u0142ugim r\u0119kawem jest dost\u0119pne w pi\u0119ciu rozmiarach, aby mo\u017cna by\u0142o je skompletowa\u0107 z sukienk\u0105 do Chrztu. Sukienki do Chrztu znajdziesz tutaj &#8211; <a href=\"https:\/\/mama-niemowlaka.pl\/sklep\/c\/ubranka\/eleganckie-sukienki\/\" target=\"_blank\" rel=\"noopener\"><strong>eleganckie sukienki<\/strong><\/a> .<\/p>\n","protected":false},"featured_media":7770,"template":"","meta":[],"product_brand":[],"product_cat":[144,135,163,80,57],"product_tag":[118,125,152,344],"class_list":{"0":"post-7768","1":"product","2":"type-product","3":"status-publish","4":"has-post-thumbnail","6":"product_cat-eleganckie-sukienki-dla-niemowlat","7":"product_cat-eleganckie-ubranka-dla-niemowlaka","8":"product_cat-sukieneczki-do-chrztu","9":"product_cat-sweterki-dla-niemowlat","10":"product_cat-ubranka-niemowlece","11":"product_tag-bawelna","12":"product_tag-ubranka-do-chrztu","13":"product_tag-ubranka-dla-niemowlat-dziewczynek","14":"product_tag-ubranka-do-chrztu-dla-dziewczynki","15":"product_shipping_class-duza","16":"pa_rozmiar-313","17":"pa_rozmiar-314","18":"pa_rozmiar-315","19":"pa_rozmiar-316","20":"pa_rozmiar-317","22":"first","23":"outofstock","24":"taxable","25":"shipping-taxable","26":"product-type-variable","27":"has-default-attributes","28":"wvs-archive-product-wrapper"},"_links":{"self":[{"href":"https:\/\/mama-niemowlaka.pl\/sklep\/wp-json\/wp\/v2\/product\/7768","targetHints":{"allow":["GET"]}}],"collection":[{"href":"https:\/\/mama-niemowlaka.pl\/sklep\/wp-json\/wp\/v2\/product"}],"about":[{"href":"https:\/\/mama-niemowlaka.pl\/sklep\/wp-json\/wp\/v2\/types\/product"}],"wp:featuredmedia":[{"embeddable":true,"href":"https:\/\/mama-niemowlaka.pl\/sklep\/wp-json\/wp\/v2\/media\/7770"}],"wp:attachment":[{"href":"https:\/\/mama-niemowlaka.pl\/sklep\/wp-json\/wp\/v2\/media?parent=7768"}],"wp:term":[{"taxonomy":"product_brand","embeddable":true,"href":"https:\/\/mama-niemowlaka.pl\/sklep\/wp-json\/wp\/v2\/product_brand?post=7768"},{"taxonomy":"product_cat","embeddable":true,"href":"https:\/\/mama-niemowlaka.pl\/sklep\/wp-json\/wp\/v2\/product_cat?post=7768"},{"taxonomy":"product_tag","embeddable":true,"href":"https:\/\/mama-niemowlaka.pl\/sklep\/wp-json\/wp\/v2\/product_tag?post=7768"}],"curies":[{"name":"wp","href":"https:\/\/api.w.org\/{rel}","templated":true}]}}