{"id":8527,"date":"2023-09-07T20:16:51","date_gmt":"2023-09-07T18:16:51","guid":{"rendered":"https:\/\/mama-niemowlaka.pl\/sklep\/?post_type=product&#038;p=8527"},"modified":"2025-07-09T11:25:43","modified_gmt":"2025-07-09T09:25:43","slug":"elegancki-komplet-dla-chlopca-3cz-jasny-braz","status":"publish","type":"product","link":"https:\/\/mama-niemowlaka.pl\/sklep\/produkt\/ubranka-niemowlece\/eleganckie-ubranka-dla-chlopca\/elegancki-komplet-dla-chlopca-3cz-jasny-braz\/","title":{"rendered":"Elegancki komplet dla ch\u0142opca 3cz\u0119\u015bciowy &#8211; jasny br\u0105z kratka"},"content":{"rendered":"<h2 data-pm-slice=\"1 1 []\">Eleganckie komplety niemowl\u0119ce &#8211; odzie\u017c na specjalne okazje<\/h2>\n<p>Nasz elegancki komplet dla ch\u0142opca to \u015bwietne ubranko na specjalne okazje. Eleganckie komplety ch\u0142opi\u0119ce s\u0105 przyk\u0142adem na to, jak w \u0142atwy i szybki spos\u00f3b przyodzia\u0107 ma\u0142ego d\u017centelmena. Dzi\u0119ki gotowym kompletom nie musisz martwi\u0107 si\u0119 o odpowiednie dopasowanie poszczeg\u00f3lnych cz\u0119\u015bci garderoby Twojego dziecka. Eleganckie ubranka dla ch\u0142opca w naszym sklepie zapewni\u0105 dziecku nie tylko elegancj\u0119, ale r\u00f3wnie\u017c wygod\u0119 i swobod\u0119 poruszania si\u0119 s\u0105 idealnym rozwi\u0105zaniem, gdy szukamy gotowego zestawu. Wybieraj\u0105c nasze eleganckie zestawy masz pewno\u015b\u0107, \u017ce wybierasz ciuszki najlepszej jako\u015bci.<\/p>\n<h2>Elegancki komplet dla ch\u0142opca w sklepie <a href=\"https:\/\/mama-niemowlaka.pl\">mama-niemowlaka.pl<\/a><\/h2>\n<p>Wybierasz elegancki komplet dla ch\u0142opca? Sprawd\u017a nasze ubrania ch\u0142opi\u0119ce. Elegancki komplet dla ch\u0142opca \u015bwietnie sprawdzi si\u0119 na chrzest, roczek b\u0105d\u017a inne wa\u017cne uroczysto\u015bci rodzinne. Lu\u017any, a zarazem elegancki zestaw dla ch\u0142opca idealny na ka\u017cd\u0105 wyj\u0105tkow\u0105 okazj\u0119.<\/p>\n<p>Ten elegancki zestaw sk\u0142ada si\u0119 z trzech cz\u0119\u015bci &#8211; spodni ogrodniczek, koszulki z d\u0142ugim r\u0119kawem z muszk\u0105 oraz czapeczki typu kaszkiet. Wygodne spodnie niemowl\u0119ce posiadaj\u0105 d\u0142ugie nogawki i s\u0105 zapinane na szelki. Dzi\u0119ki guzikom mo\u017cliwe jest regulowanie d\u0142ugo\u015bci spodni. Dodatkowo, maj\u0105 one tak\u017ce naszywki pod kolanami i na wysoko\u015bci klatki piersiowej. Bluzka niemowl\u0119ca z d\u0142ugim r\u0119kawem ma elegancki ko\u0142nierzyk i jest zapinana na bezniklowe napki po \u015brodku. Do bluzki do\u0142\u0105czona jest muszka pasuj\u0105ca wzorem do spodni. Ca\u0142o\u015b\u0107 uzupe\u0142nia czapeczka typu kaszkiet, kt\u00f3ra posiada ten sam wz\u00f3r co spodnie.<\/p>\n<p>Wszystkie elementy tego kompletnego zestawu dla niemowlak\u00f3w zosta\u0142y wykonane z wysokiej jako\u015bci materia\u0142\u00f3w gwarantuj\u0105cych maluchom wysoki komfort u\u017cytkowania.<\/p>\n<h2>W sklepie <a href=\"https:\/\/mama-niemowlaka.pl\">mama-niemowlaka.pl<\/a> znajdziesz elegancki komplet dla swojego dziecka<\/h2>\n<p>Sklep <a href=\"https:\/\/mama-niemowlaka.pl\">mama-niemowlaka.pl<\/a> zapewnia profesjonaln\u0105 obs\u0142ug\u0119 klienta, szybk\u0105 realizacj\u0119 zam\u00f3wienia oraz bezpieczn\u0105 dostaw\u0119. Nasze produkty s\u0105 starannie wyselekcjonowane, aby spe\u0142ni\u0107 wymagania najbardziej wymagaj\u0105cych klient\u00f3w. Bez trudu dobierzesz komplet ubranek do Chrztu lub inne uroczysto\u015bci. Jednocze\u015bnie zapewnisz swojemu dziecku jako\u015b\u0107 i bezpiecze\u0144stwo.<\/p>\n<p>Zapraszamy do zapoznania si\u0119 z innymi kompletnymi zestawami niemowl\u0119cymi oferowanymi w naszym sklepie internetowym w kategorii <a href=\"https:\/\/mama-niemowlaka.pl\/sklep\/c\/ubranka\/komplety-niemowlece\/\" rel=\" \"><strong>Komplety niemowl\u0119ce<\/strong><\/a>. Tam znajdziesz r\u00f3\u017cnorodne kolory komplet\u00f3w dla ch\u0142opc\u00f3w i dziewczynek. Kup ju\u017c dzi\u015b eleganckie komplety niemowl\u0119ce lub gotowe komplety na co dzie\u0144 dost\u0119pne w naszym sklepie i ciesz si\u0119 szybkim sposobem na ubranie Twojego maluszka.<\/p>\n","protected":false},"excerpt":{"rendered":"<p data-pm-slice=\"1 1 []\">Elegancki komplet dla ch\u0142opca 3cz\u0119\u015bciowy w jasnej br\u0105zowej kratk\u0119 to idealny wyb\u00f3r dla ch\u0142opc\u00f3w na specjalne okazje jak chrzest lub komunia, roczek ale tak\u017ce urodziny lub imieniny. Eleganckie spodnie ogrodniczki maj\u0105 d\u0142ugie nogawki i s\u0105 zapinane na szelki. Ich d\u0142ugo\u015b\u0107 mo\u017cna regulowa\u0107 za pomoc\u0105 guzik\u00f3w. Ch\u0142opi\u0119ce spodnie posiadaj\u0105 naszywki pod kolanami i na wysoko\u015bci klatki piersiowej. Bluzka z d\u0142ugim r\u0119kawem posiada elegancki ko\u0142nierzyk i jest zapinana na bezniklowe napki po \u015brodku. Do bluzki do\u0142\u0105czona jest mucha wykonana w tym samym wzorze, co spodnie. Ca\u0142y komplet uzupe\u0142nia czapeczka typu kaszkiet, kt\u00f3ra ma identyczny wz\u00f3r co spodnie. Elegancki komplet dla ch\u0142opca to ubranko dla niemowlaka wysokiej jako\u015bci.<\/p>\n<p>Elegancki komplet dla ch\u0142opca dost\u0119pny jest w czterech rozmiarach: 62, 68, 74 i 80.<\/p>\n<p>Sk\u0142ad: 100% bawe\u0142na<\/p>\n","protected":false},"featured_media":9967,"template":"","meta":[],"product_brand":[],"product_cat":[143,135,122,57],"product_tag":[118,125,145,155,352,216,343],"class_list":{"0":"post-8527","1":"product","2":"type-product","3":"status-publish","4":"has-post-thumbnail","6":"product_cat-eleganckie-ubranka-dla-chlopca","7":"product_cat-eleganckie-ubranka-dla-niemowlaka","8":"product_cat-komplet-niemowlecy","9":"product_cat-ubranka-niemowlece","10":"product_tag-bawelna","11":"product_tag-ubranka-do-chrztu","12":"product_tag-ubranka-dla-niemowlat-chlopca","13":"product_tag-eleganckie","14":"product_tag-komplety-niemowlece-dla-chlopca","15":"product_tag-roczek","16":"product_tag-ubranka-do-chrztu-dla-chlopca","17":"product_shipping_class-lekka","18":"pa_rozmiar-312","19":"pa_rozmiar-313","20":"pa_rozmiar-314","21":"pa_rozmiar-315","23":"first","24":"instock","25":"taxable","26":"shipping-taxable","27":"purchasable","28":"product-type-variable","29":"has-default-attributes","30":"wvs-archive-product-wrapper"},"_links":{"self":[{"href":"https:\/\/mama-niemowlaka.pl\/sklep\/wp-json\/wp\/v2\/product\/8527","targetHints":{"allow":["GET"]}}],"collection":[{"href":"https:\/\/mama-niemowlaka.pl\/sklep\/wp-json\/wp\/v2\/product"}],"about":[{"href":"https:\/\/mama-niemowlaka.pl\/sklep\/wp-json\/wp\/v2\/types\/product"}],"wp:featuredmedia":[{"embeddable":true,"href":"https:\/\/mama-niemowlaka.pl\/sklep\/wp-json\/wp\/v2\/media\/9967"}],"wp:attachment":[{"href":"https:\/\/mama-niemowlaka.pl\/sklep\/wp-json\/wp\/v2\/media?parent=8527"}],"wp:term":[{"taxonomy":"product_brand","embeddable":true,"href":"https:\/\/mama-niemowlaka.pl\/sklep\/wp-json\/wp\/v2\/product_brand?post=8527"},{"taxonomy":"product_cat","embeddable":true,"href":"https:\/\/mama-niemowlaka.pl\/sklep\/wp-json\/wp\/v2\/product_cat?post=8527"},{"taxonomy":"product_tag","embeddable":true,"href":"https:\/\/mama-niemowlaka.pl\/sklep\/wp-json\/wp\/v2\/product_tag?post=8527"}],"curies":[{"name":"wp","href":"https:\/\/api.w.org\/{rel}","templated":true}]}}