{"id":8983,"date":"2023-08-08T13:47:24","date_gmt":"2023-08-08T11:47:24","guid":{"rendered":"https:\/\/mama-niemowlaka.pl\/sklep\/?post_type=product&#038;p=8983"},"modified":"2025-08-14T12:28:23","modified_gmt":"2025-08-14T10:28:23","slug":"pizama-do-karmienia-dwuczesciowa-rozowa","status":"publish","type":"product","link":"https:\/\/mama-niemowlaka.pl\/sklep\/produkt\/dlamamy\/pizama-do-karmienia\/pizama-do-karmienia-dwuczesciowa-rozowa\/","title":{"rendered":"Pi\u017cama do karmienia dwucz\u0119\u015bciowa r\u00f3\u017cowa"},"content":{"rendered":"<h2 data-pm-slice=\"1 1 []\"><strong>Dwucz\u0119\u015bciowa pi\u017cama ci\u0105\u017cowa i do karmienia piersi\u0105 w kolorze r\u00f3\u017cowym<\/strong><\/h2>\n<p data-pm-slice=\"1 1 []\"><a href=\"https:\/\/mama-niemowlaka.pl\/sklep\/produkt\/dlamamy\/pizama-do-karmienia\/pizama-do-karmienia-dwuczesciowa-rozowa\/\" target=\"_blank\" rel=\"noopener\"><strong>Dwucz\u0119\u015bciowa pi\u017cama do karmienia<\/strong><\/a> to doskona\u0142a alternatywa dla koszuli do karmienia. Nie ka\u017cda mama czuje si\u0119 komfortowo w koszuli do karmienia. Co wtedy wybra\u0107? Rozwi\u0105zaniem jest pi\u017cama damska do karmienia. Nasza praktyczna pi\u017cama ci\u0105\u017cowa to dwucz\u0119\u015bciowy komplet, kt\u00f3ry sk\u0142ada si\u0119 z spodni z d\u0142ugimi nogawkami oraz bluzki z kr\u00f3tkim r\u0119kawem z mo\u017cliwo\u015bci\u0105 karmienia piersi\u0105. Spodnie posiadaj\u0105 specjaln\u0105 wk\u0142adk\u0119 i regulowany pas, dzi\u0119ki czemu dopasowuj\u0105 si\u0119 do rosn\u0105cego brzuszka w czasie ci\u0105\u017cy. Bluzka z kr\u00f3tkim r\u0119kawem umo\u017cliwia karmienie piersi\u0105, dzi\u0119ki guzikom po obu stronach piersi. Nasza pi\u017cama do karmienia piersi\u0105 b\u0119dzie s\u0142u\u017cy\u0107 Ci zar\u00f3wno podczas ci\u0105\u017cy, jak i podczas nocnych karmie\u0144.<\/p>\n<p data-pm-slice=\"1 1 []\"><a href=\"https:\/\/mama-niemowlaka.pl\/sklep\/produkt\/dlamamy\/pizama-do-karmienia\/pizama-do-karmienia-dwuczesciowa-rozowa\/\" target=\"_blank\" rel=\"noopener\"><strong>Pi\u017cama do karmienia dwucz\u0119\u015bciowa<\/strong><\/a> to wygodne rozwi\u0105zanie dla mamy karmi\u0105cej zar\u00f3wno na lato jak i ch\u0142odniejsze dni. Zadbaj o sw\u00f3j komfort i wybierz wygodn\u0105 pi\u017cam\u0119 do karmienia dost\u0119pn\u0105 w naszym sklepie.<\/p>\n<h2 data-pm-slice=\"1 1 []\"><strong>Pi\u017camy dla kobiet w ci\u0105\u017cy i bielizna ci\u0105\u017cowa w sklepie <\/strong><a href=\"https:\/\/mama-niemowlaka.pl\/sklep\/\" target=\"_blank\" rel=\"noopener\"><strong>mama-niemowlaka.pl<\/strong><\/a><\/h2>\n<p data-pm-slice=\"1 1 []\">Ta <a href=\"https:\/\/mama-niemowlaka.pl\/sklep\/c\/dlamamy\/pizamy-do-karmienia\/\" target=\"_blank\" rel=\"noopener\"><strong>pi\u017cama ci\u0105\u017cowa<\/strong><\/a> pos\u0142u\u017cy Ci zar\u00f3wno w okresie ci\u0105\u017cy jak i w okresie karmienia piersi\u0105. Bielizna nocna dla mam karmi\u0105cych to nie tylko <a href=\"https:\/\/mama-niemowlaka.pl\/sklep\/c\/dlamamy\/pizamy-do-karmienia\/\" target=\"_blank\" rel=\"noopener\"><strong>pi\u017camy do karmienia<\/strong><\/a> czy <a href=\"https:\/\/mama-niemowlaka.pl\/sklep\/t\/eleganckie-koszule-ciazowe\/\" target=\"_blank\" rel=\"noopener\"><strong>eleganckie koszule ci\u0105\u017cowe<\/strong><\/a>. To tak\u017ce <a href=\"https:\/\/mama-niemowlaka.pl\/sklep\/t\/biustonosz-do-karmienia\/\" target=\"_blank\" rel=\"noopener\"><strong>biustonosze ci\u0105\u017cowe<\/strong><\/a> czy <a href=\"https:\/\/mama-niemowlaka.pl\/sklep\/t\/majtki-poporodowe\/\" target=\"_blank\" rel=\"noopener\"><strong>majtki poporodowe<\/strong><\/a>. Sprawd\u017a ofert\u0119 naszego sklepu <a href=\"https:\/\/mama-niemowlaka.pl\/sklep\/\" target=\"_blank\" rel=\"noopener\"><strong>mama-niemowlaka.pl<\/strong><\/a> i kup wysokiej jako\u015bci <a href=\"https:\/\/mama-niemowlaka.pl\/sklep\/c\/dlamamy\/koszule-do-karmienia\/\" target=\"_blank\" rel=\"noopener\"><strong>koszule do karmienia<\/strong><\/a>, wygodne <a href=\"https:\/\/mama-niemowlaka.pl\/sklep\/t\/majtki-poporodowe\/\" target=\"_blank\" rel=\"noopener\"><strong>majtki ci\u0105\u017cowe<\/strong><\/a> oraz odpowiedni biustonosz ci\u0105\u017cowy. Ofert\u0119 <a href=\"https:\/\/mama-niemowlaka.pl\/sklep\/c\/dlamamy\/bielizna-poporodowa\/\" target=\"_blank\" rel=\"noopener\"><strong>bielizny ci\u0105\u017cowej<\/strong><\/a> w naszym sklepie znajdziesz <a href=\"https:\/\/mama-niemowlaka.pl\/sklep\/c\/dlamamy\/bielizna-poporodowa\/\" target=\"_blank\" rel=\"noopener\"><strong>tutaj<\/strong><\/a>. Sprawd\u017a r\u00f3wnie\u017c nasz\u0105 propozycj\u0119 wyprawki do szpitala dla mamy &#8211; <a href=\"https:\/\/mama-niemowlaka.pl\/sklep\/t\/dla-mamy\/\" target=\"_blank\" rel=\"noopener\"><strong>torba do szpitala dla mamy<\/strong><\/a>. A pozosta\u0142e bawe\u0142niane wygodne pi\u017camy ci\u0105\u017cowe znajdziesz w kategorii <a href=\"https:\/\/mama-niemowlaka.pl\/sklep\/c\/dlamamy\/pizamy-do-karmienia\/\" target=\"_blank\" rel=\"noopener\"><strong>pi\u017cama do karmienia<\/strong><\/a>.<\/p>\n<h3>Kup ju\u017c dzi\u015b t\u0105 pi\u017cam\u0119 damsk\u0105 ci\u0105\u017cow\u0105 i do karmienia i zapewnij sobie komfort podczas ci\u0105\u017cy i po porodzie.<\/h3>\n","protected":false},"excerpt":{"rendered":"<p data-pm-slice=\"1 1 []\"><a href=\"https:\/\/mama-niemowlaka.pl\/sklep\/produkt\/dlamamy\/pizama-do-karmienia\/pizama-do-karmienia-dwuczesciowa-rozowa\/\" target=\"_blank\" rel=\"noopener\"><strong>Pi\u017cama do karmienia dwucz\u0119\u015bciowa<\/strong><\/a> to doskona\u0142y wyb\u00f3r dla mam i kobiet w ci\u0105\u017cy, kt\u00f3re preferuj\u0105 wygodn\u0105 i stylow\u0105 opcj\u0119 karmienia. Ten dwucz\u0119\u015bciowy komplet to zar\u00f3wno pi\u017cama ci\u0105\u017cowa i do karmienia. Wygodna pi\u017cama ci\u0105\u017cowa wykona jest w 100% z bawe\u0142ny, sk\u0142ada si\u0119 z d\u0142ugich spodni i bluzki z kr\u00f3tkim r\u0119kawem. Spodnie damskie ci\u0105\u017cowe posiadaj\u0105 specjaln\u0105 wk\u0142adk\u0119 i regulowany pas, aby dostosowa\u0107 si\u0119 do rosn\u0105cego brzuszka w czasie ci\u0105\u017cy. G\u00f3ra pi\u017camy damskiej do karmienia to bluzka z kr\u00f3tkim r\u0119kawem, kt\u00f3ra posiada guziki po obu stronach klatki piersiowej, umo\u017cliwiaj\u0105ce \u0142atwy dost\u0119p do piersi podczas karmienia piersi\u0105. Zadbaj o sw\u00f3j komfort podczas ci\u0105\u017cy i po porodzie i kup dwucz\u0119\u015bciow\u0105 pi\u017cam\u0119 ci\u0105\u017cow\u0105 umo\u017cliwiaj\u0105c\u0105 karmienie piersi\u0105 maluszka.<\/p>\n<p><a href=\"https:\/\/mama-niemowlaka.pl\/sklep\/produkt\/dlamamy\/pizama-do-karmienia\/pizama-do-karmienia-dwuczesciowa-rozowa\/\" target=\"_blank\" rel=\"noopener\"><strong>Pi\u017cama do karmienia dwucz\u0119\u015bciowa<\/strong><\/a> wyst\u0119puje w czerech rozmiarach: S, M, L i XL.<\/p>\n<p>Sk\u0142ad: 100% bawe\u0142na<\/p>\n","protected":false},"featured_media":13159,"template":"","meta":[],"product_brand":[],"product_cat":[192,64],"product_tag":[118,608,119,185,193],"class_list":{"0":"post-8983","1":"product","2":"type-product","3":"status-publish","4":"has-post-thumbnail","6":"product_cat-pizama-do-karmienia","7":"product_cat-dlamamy","8":"product_tag-bawelna","9":"product_tag-bestsellery-dla-mamy","10":"product_tag-dla-mamy","11":"product_tag-krotki-rekaw","12":"product_tag-pizama-do-karmienia","13":"product_shipping_class-lekka","14":"pa_rozmiar-l","15":"pa_rozmiar-m","16":"pa_rozmiar-s","17":"pa_rozmiar-xl","19":"first","20":"instock","21":"taxable","22":"shipping-taxable","23":"purchasable","24":"product-type-variable","25":"has-default-attributes","26":"wvs-archive-product-wrapper"},"_links":{"self":[{"href":"https:\/\/mama-niemowlaka.pl\/sklep\/wp-json\/wp\/v2\/product\/8983","targetHints":{"allow":["GET"]}}],"collection":[{"href":"https:\/\/mama-niemowlaka.pl\/sklep\/wp-json\/wp\/v2\/product"}],"about":[{"href":"https:\/\/mama-niemowlaka.pl\/sklep\/wp-json\/wp\/v2\/types\/product"}],"wp:featuredmedia":[{"embeddable":true,"href":"https:\/\/mama-niemowlaka.pl\/sklep\/wp-json\/wp\/v2\/media\/13159"}],"wp:attachment":[{"href":"https:\/\/mama-niemowlaka.pl\/sklep\/wp-json\/wp\/v2\/media?parent=8983"}],"wp:term":[{"taxonomy":"product_brand","embeddable":true,"href":"https:\/\/mama-niemowlaka.pl\/sklep\/wp-json\/wp\/v2\/product_brand?post=8983"},{"taxonomy":"product_cat","embeddable":true,"href":"https:\/\/mama-niemowlaka.pl\/sklep\/wp-json\/wp\/v2\/product_cat?post=8983"},{"taxonomy":"product_tag","embeddable":true,"href":"https:\/\/mama-niemowlaka.pl\/sklep\/wp-json\/wp\/v2\/product_tag?post=8983"}],"curies":[{"name":"wp","href":"https:\/\/api.w.org\/{rel}","templated":true}]}}