{"id":9238,"date":"2024-06-15T00:20:51","date_gmt":"2024-06-14T22:20:51","guid":{"rendered":"https:\/\/mama-niemowlaka.pl\/sklep\/?post_type=product&#038;p=9238"},"modified":"2026-02-01T22:43:34","modified_gmt":"2026-02-01T21:43:34","slug":"koszula-do-karmienia-bawelniana-blekitna-kwiaty","status":"publish","type":"product","link":"https:\/\/mama-niemowlaka.pl\/sklep\/produkt\/dlamamy\/koszule-do-karmienia\/koszula-do-karmienia-bawelniana-blekitna-kwiaty\/","title":{"rendered":"Bawe\u0142niana koszula do karmienia &#8211; b\u0142\u0119kitna kwiaty"},"content":{"rendered":"<p data-pm-slice=\"1 1 []\"><a href=\"https:\/\/mama-niemowlaka.pl\/sklep\/produkt\/dlamamy\/koszule-do-karmienia\/koszula-do-karmienia-bawelniana-blekitna-kwiaty\/\" target=\"_blank\" rel=\"noopener\"><strong>Koszula do karmienia bawe\u0142niana<\/strong><\/a> w niebieskie kwiaty to <a href=\"https:\/\/mama-niemowlaka.pl\/sklep\/c\/dlamamy\/koszule-do-karmienia\/\" target=\"_blank\" rel=\"noopener\"><strong>koszula do karmienia<\/strong><\/a> wykonana z mi\u0119kkiej i przyjaznej dla sk\u00f3ry bawe\u0142ny. Dzi\u0119ki guzikom po obu stronach piersi u\u0142atwia karmienie piersi\u0105. Niebieska koszula nocna dla karmi\u0105cych posiada kr\u00f3tki r\u0119kaw, dzi\u0119ki czemu b\u0119dzie Ci wygodnie.<\/p>\n<p><a href=\"https:\/\/mama-niemowlaka.pl\/sklep\/c\/dlamamy\/pizamy-do-karmienia\/\" target=\"_blank\" rel=\"noopener\"><strong>Koszula do karmienia<\/strong><\/a> male\u0144stwa jest mi\u0119kka, delikatna i nie kr\u0119puje ruch\u00f3w, zapewniaj\u0105c maksymalny komfort i swobod\u0119 podczas spania i nocnego karmienia noworodka. <a href=\"https:\/\/mama-niemowlaka.pl\/sklep\/dla-mamy\/\" target=\"_blank\" rel=\"noopener\"><strong>Wyprawka do szpitala dla mamy<\/strong><\/a> musi zawiera\u0107 wygodn\u0105 koszul\u0119 nocn\u0105. Wybierz <a href=\"https:\/\/mama-niemowlaka.pl\/sklep\/t\/koszulka-nocna-do-karmienia\/\" target=\"_blank\" rel=\"noopener\"><strong>koszulki nocne do karmienia<\/strong><\/a> dost\u0119pne w sklepie <a href=\"https:\/\/mama-niemowlaka.pl\/sklep\/\" target=\"_blank\" rel=\"noopener\"><strong>mama-niemowlaka.pl<\/strong><\/a>.<\/p>\n<p><strong>Najlepsze koszule nocne do karmienia piersi\u0105 &#8211; koszula do karmienia bawe\u0142niana<\/strong><\/p>\n<p data-pm-slice=\"1 1 []\">Dlaczego warto wybiera\u0107 <a href=\"https:\/\/mama-niemowlaka.pl\/sklep\/c\/dlamamy\/koszule-do-karmienia\/\" target=\"_blank\" rel=\"noopener\"><strong>bawe\u0142niane koszule do karmienia<\/strong><\/a> piersi\u0105? Bawe\u0142na to naturalna tkanina oddychaj\u0105ca, kt\u00f3ra pomaga regulowa\u0107 temperatur\u0119 cia\u0142a, szczeg\u00f3lnie podczas snu. Dzi\u0119ki temu, nie odczuwamy dyskomfortu zwi\u0105zanego z przegrzewaniem cia\u0142a czy zimnem. Wp\u0142ywa to nie tylko na jako\u015b\u0107 snu, ale tak\u017ce chroni nas przed przezi\u0119bieniami. Wybierz nasz\u0105 bawe\u0142nian\u0105 koszul\u0119 nocn\u0105 dla matek karmi\u0105cych i ciesz si\u0119 niezwyk\u0142\u0105 wygod\u0105 podczas opieki nad Twoim male\u0144stwem. Wa\u017cne jest r\u00f3wnie\u017c wygodne rozpinanie koszuli nocnej ci\u0105\u017cowej i do karmienia, tak aby zapewni\u0107 wygodne karmienia dziecka. Ta koszula damska do karmienia to wyj\u0105tkowa bielizna, kt\u00f3ra sprawi, \u017ce ka\u017cda m\u0142oda mama poczuje si\u0119 pi\u0119knie i atrakcyjnie, a jednocze\u015bnie zapewni dyskrecj\u0119 przy karmieniu male\u0144stwa.<\/p>\n<p data-pm-slice=\"1 1 []\">Nasza koszula nocna dla karmi\u0105cych piersi\u0105 ma modny design, kt\u00f3ry przypadnie do gustu ka\u017cdej kobiecie. Jest starannie wykonana z doskona\u0142\u0105 precyzj\u0105. Niezale\u017cnie od tego, czy jeste\u015b w ci\u0105\u017cy, czy karmisz piersi\u0105, ta koszula do karmienia rozpinana na guziki zapewnia wygodne i dyskretne karmienie male\u0144stwa. \u0141atwy i szybki dost\u0119p do piersi usprawni nocne karmienia maluszka piersi\u0105. Koszula do karmienia bawe\u0142niana to funkcjonalna koszula nocna do karmienia, kt\u00f3ra zosta\u0142a stworzona z my\u015bl\u0105 o dopasowywaniu si\u0119 do zmieniaj\u0105cego cia\u0142a kobiety. Koszula nocna ci\u0105\u017cowa do karmienia powinna znale\u017a\u0107 si\u0119 w Twoje torbie do szpitala.<\/p>\n<h2 data-pm-slice=\"1 1 []\"><strong>Szukasz koszuli ci\u0105\u017cowej i do karmienia piersi\u0105? Koszule dla karmi\u0105cych w sklepie <\/strong><a href=\"https:\/\/mama-niemowlaka.pl\/sklep\/\" target=\"_blank\" rel=\"noopener\"><strong>www.mama-niemowlaka.pl<\/strong><\/a><\/h2>\n<p data-pm-slice=\"1 1 []\"><a href=\"https:\/\/mama-niemowlaka.pl\/sklep\/c\/dlamamy\/koszule-do-karmienia\/\" target=\"_blank\" rel=\"noopener\"><strong>Koszule nocne ci\u0105\u017cowe i do karmienia<\/strong><\/a> to niezb\u0119dne elementy garderoby ci\u0105\u017cowej ka\u017cdej przysz\u0142ej mamy. Jaka koszula do karmienia b\u0119dzie dla ciebie najlepsza? <a href=\"https:\/\/mama-niemowlaka.pl\/sklep\/\" target=\"_blank\" rel=\"noopener\"><strong>www.mama-niemowlaka.pl<\/strong><\/a> to sklep internetowy oferuj\u0105cy szeroki wyb\u00f3r bielizny poporodowej, <a href=\"https:\/\/mama-niemowlaka.pl\/sklep\/c\/dlamamy\/koszule-do-karmienia\/\" target=\"_blank\" rel=\"noopener\"><strong>koszul do karmienia<\/strong><\/a> oraz <a href=\"https:\/\/mama-niemowlaka.pl\/sklep\/ubranka-niemowlece\/\" target=\"_blank\" rel=\"noopener\"><strong>ubranek dla niemowl\u0105t<\/strong><\/a>. Znajdziesz najlepsze <a href=\"https:\/\/mama-niemowlaka.pl\/sklep\/c\/dlamamy\/koszule-do-karmienia\/\" target=\"_blank\" rel=\"noopener\"><strong>koszule ci\u0105\u017cowe<\/strong><\/a> jak i <a href=\"https:\/\/mama-niemowlaka.pl\/sklep\/t\/koszulka-nocna-do-karmienia\/\" target=\"_blank\" rel=\"noopener\"><strong>koszulki nocne do karmienia<\/strong><\/a>. W naszym sklepie znajdziesz <a href=\"https:\/\/mama-niemowlaka.pl\/sklep\/t\/koszule-do-porodu\/\" target=\"_blank\" rel=\"noopener\"><strong>koszule do porodu<\/strong><\/a>, klasyczn\u0105 koszul\u0119 ci\u0105\u017cow\u0105 zapinan\u0105 na guziki, <a href=\"https:\/\/mama-niemowlaka.pl\/sklep\/t\/koszula-na-napy\/\" target=\"_blank\" rel=\"noopener\"><strong>koszule na napy<\/strong><\/a>, <a href=\"https:\/\/mama-niemowlaka.pl\/sklep\/t\/koszule-do-karmienia-na-zamek\/\" target=\"_blank\" rel=\"noopener\"><strong>koszule do karmienia na suwak<\/strong><\/a>, <a href=\"https:\/\/mama-niemowlaka.pl\/sklep\/t\/eleganckie-koszule-ciazowe\/\" target=\"_blank\" rel=\"noopener\"><strong>eleganckie koszule ci\u0105\u017cowe<\/strong><\/a> jaki <a href=\"https:\/\/mama-niemowlaka.pl\/sklep\/c\/dlamamy\/pizamy-do-karmienia\/\" target=\"_blank\" rel=\"noopener\"><strong>pi\u017camy ci\u0105\u017cowe<\/strong><\/a>. Znajdziesz koszule dla karmi\u0105cych w r\u00f3\u017cnych rozmiarach: od S do XXXL. Szeroki wyb\u00f3r koszul nocnych ci\u0105\u017cowych pozwoli Ci z \u0142atwo\u015bci\u0105 dopasowa\u0107 model do w\u0142asnych preferencji oraz anatomicznej budowy cia\u0142a.<\/p>\n<p data-pm-slice=\"1 1 []\">Nasze produkty wysy\u0142amy w ci\u0105gu 48 godzin. Zapewniamy r\u00f3wnie\u017c bezp\u0142atn\u0105 wymian\u0119 i 14-dniow\u0105 polityk\u0119 zwrotu. Dodatkowo, je\u015bli zam\u00f3wisz produkty o warto\u015bci minimum 249 z\u0142, dostawa jest ca\u0142kowicie bezp\u0142atna. Nasze produkty s\u0105 starannie dobrane, aby zapewni\u0107 maksymalny komfort i bezpiecze\u0144stwo Tobie i Twojemu dziecku. Nie musisz ju\u017c traci\u0107 czasu na przeszukiwanie innych sklep\u00f3w \u2013 <a href=\"https:\/\/mama-niemowlaka.pl\/sklep\/\" target=\"_blank\" rel=\"noopener\"><strong>www.mama-niemowlaka.pl<\/strong><\/a> ma wszystko, czego potrzebujesz! Skorzystaj z naszych us\u0142ug ju\u017c teraz i poznaj nasz\u0105 ofert\u0119 ju\u017c dzi\u015b!<\/p>\n<p data-pm-slice=\"1 1 []\">Sprawd\u017a nasz\u0105 ofert\u0119 koszul do karmienia piersi\u0105 i kup ju\u017c dzi\u015b wygodn\u0105 koszul\u0119 nocn\u0105 aby zapewni\u0107 sobie wygodne karmienie maluszka. Pami\u0119taj, aby <a href=\"https:\/\/mama-niemowlaka.pl\/sklep\/dla-mamy\/\" target=\"_blank\" rel=\"noopener\"><strong>wyprawk\u0119 do szpitala dla m\u0142odej mamy<\/strong><\/a> uzupe\u0142ni\u0107 o bielizn\u0119 poporodow\u0105. Sprawd\u017a koniecznie nasz\u0105 ofert\u0119 <a href=\"https:\/\/mama-niemowlaka.pl\/sklep\/t\/majtki-poporodowe\/\" target=\"_blank\" rel=\"noopener\"><strong>majtek poporodowych<\/strong><\/a> i <a href=\"https:\/\/mama-niemowlaka.pl\/sklep\/t\/biustonosze-do-karmienia\/\" target=\"_blank\" rel=\"noopener\"><strong>biustonoszy do karmienia<\/strong><\/a> \u2013 <a href=\"https:\/\/mama-niemowlaka.pl\/sklep\/c\/dlamamy\/bielizna-poporodowa\/\" target=\"_blank\" rel=\"noopener\"><strong>bielizna poporodowa<\/strong><\/a>.<\/p>\n<p>Tabela rozmiar\u00f3w bawe\u0142niana koszula do karmienia:<\/p>\n<table width=\"700\">\n<tbody>\n<tr>\n<td><strong>Rozmiar<\/strong><\/td>\n<td style=\"text-align: center;\"><strong>S<\/strong><\/td>\n<td style=\"text-align: center;\"><strong>M<\/strong><\/td>\n<td style=\"text-align: center;\"><strong>L<\/strong><\/td>\n<td style=\"text-align: center;\"><strong>XL<\/strong><\/td>\n<\/tr>\n<tr>\n<td>D\u0142ugo\u015b\u0107 ca\u0142kowita<\/td>\n<td style=\"text-align: center;\">98 cm<\/td>\n<td style=\"text-align: center;\">100 cm<\/td>\n<td style=\"text-align: center;\">102 cm<\/td>\n<td style=\"text-align: center;\">104 cm<\/td>\n<\/tr>\n<tr>\n<td>Obw\u00f3d w pasie<\/td>\n<td style=\"text-align: center;\">92 cm<\/td>\n<td style=\"text-align: center;\">96 cm<\/td>\n<td style=\"text-align: center;\">100 cm<\/td>\n<td style=\"text-align: center;\">104 cm<\/td>\n<\/tr>\n<tr>\n<td>Obw\u00f3d pod pachami<\/td>\n<td style=\"text-align: center;\">84 cm<\/td>\n<td style=\"text-align: center;\">88 cm<\/td>\n<td style=\"text-align: center;\">92 cm<\/td>\n<td style=\"text-align: center;\">96 cm<\/td>\n<\/tr>\n<\/tbody>\n<\/table>\n","protected":false},"excerpt":{"rendered":"<p data-pm-slice=\"1 1 []\"><a href=\"https:\/\/mama-niemowlaka.pl\/sklep\/produkt\/dlamamy\/koszule-do-karmienia\/koszula-do-karmienia-bawelniana-blekitna-kwiaty\/\" target=\"_blank\" rel=\"noopener\"><strong>Koszula do karmienia bawe\u0142niana<\/strong><\/a> w niebieskie kwiaty to <a href=\"https:\/\/mama-niemowlaka.pl\/sklep\/c\/dlamamy\/koszule-do-karmienia\/\" target=\"_blank\" rel=\"noopener\"><strong>koszula do karmienia<\/strong><\/a> wykonana z mi\u0119kkiej i przyjaznej dla sk\u00f3ry bawe\u0142ny. Dzi\u0119ki guzikom po obu stronach piersi u\u0142atwia karmienie piersi\u0105. Niebieska koszula nocna dla karmi\u0105cych posiada kr\u00f3tki r\u0119kaw, dzi\u0119ki czemu b\u0119dzie Ci wygodnie.<\/p>\n<p><a href=\"https:\/\/mama-niemowlaka.pl\/sklep\/c\/dlamamy\/pizamy-do-karmienia\/\" target=\"_blank\" rel=\"noopener\"><strong>Koszula do karmienia<\/strong><\/a> male\u0144stwa jest mi\u0119kka, delikatna i nie kr\u0119puje ruch\u00f3w, zapewniaj\u0105c maksymalny komfort i swobod\u0119 podczas spania i nocnego karmienia noworodka. <a href=\"https:\/\/mama-niemowlaka.pl\/sklep\/dla-mamy\/\" target=\"_blank\" rel=\"noopener\"><strong>Wyprawka do szpitala dla mamy<\/strong><\/a> musi zawiera\u0107 wygodn\u0105 koszul\u0119 nocn\u0105. Wybierz <a href=\"https:\/\/mama-niemowlaka.pl\/sklep\/t\/koszulka-nocna-do-karmienia\/\" target=\"_blank\" rel=\"noopener\"><strong>koszulki nocne do karmienia<\/strong><\/a> dost\u0119pne w sklepie <a href=\"https:\/\/mama-niemowlaka.pl\/sklep\/\" target=\"_blank\" rel=\"noopener\"><strong>mama-niemowlaka.pl<\/strong><\/a>.<\/p>\n<p><a href=\"https:\/\/mama-niemowlaka.pl\/sklep\/c\/dlamamy\/koszule-do-karmienia\/\" target=\"_blank\" rel=\"noopener\"><strong>Koszula ci\u0105\u017cowa do karmienia<\/strong><\/a> w niebieskie kwiaty dost\u0119pna jest rozmiarach od S do XL.<\/p>\n<p>Tabela rozmiar\u00f3w bawe\u0142niana koszula do karmienia:<\/p>\n<table width=\"700\">\n<tbody>\n<tr>\n<td><strong>Rozmiar<\/strong><\/td>\n<td style=\"text-align: center;\"><strong>S<\/strong><\/td>\n<td style=\"text-align: center;\"><strong>M<\/strong><\/td>\n<td style=\"text-align: center;\"><strong>L<\/strong><\/td>\n<td style=\"text-align: center;\"><strong>XL<\/strong><\/td>\n<\/tr>\n<tr>\n<td>D\u0142ugo\u015b\u0107 ca\u0142kowita<\/td>\n<td style=\"text-align: center;\">98 cm<\/td>\n<td style=\"text-align: center;\">100 cm<\/td>\n<td style=\"text-align: center;\">102 cm<\/td>\n<td style=\"text-align: center;\">104 cm<\/td>\n<\/tr>\n<tr>\n<td>Obw\u00f3d w pasie<\/td>\n<td style=\"text-align: center;\">92 cm<\/td>\n<td style=\"text-align: center;\">96 cm<\/td>\n<td style=\"text-align: center;\">100 cm<\/td>\n<td style=\"text-align: center;\">104 cm<\/td>\n<\/tr>\n<tr>\n<td>Obw\u00f3d pod pachami<\/td>\n<td style=\"text-align: center;\">84 cm<\/td>\n<td style=\"text-align: center;\">88 cm<\/td>\n<td style=\"text-align: center;\">92 cm<\/td>\n<td style=\"text-align: center;\">96 cm<\/td>\n<\/tr>\n<\/tbody>\n<\/table>\n<p>Sk\u0142ad: 100% bawe\u0142na<\/p>\n","protected":false},"featured_media":18477,"template":"","meta":[],"product_brand":[],"product_cat":[97,64],"product_tag":[118,119,236,138,146,259,258,98,257,260,331],"class_list":{"0":"post-9238","1":"product","2":"type-product","3":"status-publish","4":"has-post-thumbnail","6":"product_cat-koszule-do-karmienia","7":"product_cat-dlamamy","8":"product_tag-bawelna","9":"product_tag-dla-mamy","10":"product_tag-koszula-do-karmienia","11":"product_tag-koszule-ciazowe","12":"product_tag-koszule-ciazowe-do-karmienia","13":"product_tag-koszula-do-karmienia-l","14":"product_tag-koszula-do-karmienia-m","15":"product_tag-koszule-nocne-do-karmienia","16":"product_tag-koszula-do-karmienia-s","17":"product_tag-koszula-do-karmienia-xl","18":"product_tag-koszulka-nocna-do-karmienia","19":"product_shipping_class-lekka","20":"pa_rozmiar-l","21":"pa_rozmiar-m","22":"pa_rozmiar-s","23":"pa_rozmiar-xl","25":"first","26":"instock","27":"taxable","28":"shipping-taxable","29":"purchasable","30":"product-type-variable","31":"has-default-attributes","32":"wvs-archive-product-wrapper"},"_links":{"self":[{"href":"https:\/\/mama-niemowlaka.pl\/sklep\/wp-json\/wp\/v2\/product\/9238","targetHints":{"allow":["GET"]}}],"collection":[{"href":"https:\/\/mama-niemowlaka.pl\/sklep\/wp-json\/wp\/v2\/product"}],"about":[{"href":"https:\/\/mama-niemowlaka.pl\/sklep\/wp-json\/wp\/v2\/types\/product"}],"wp:featuredmedia":[{"embeddable":true,"href":"https:\/\/mama-niemowlaka.pl\/sklep\/wp-json\/wp\/v2\/media\/18477"}],"wp:attachment":[{"href":"https:\/\/mama-niemowlaka.pl\/sklep\/wp-json\/wp\/v2\/media?parent=9238"}],"wp:term":[{"taxonomy":"product_brand","embeddable":true,"href":"https:\/\/mama-niemowlaka.pl\/sklep\/wp-json\/wp\/v2\/product_brand?post=9238"},{"taxonomy":"product_cat","embeddable":true,"href":"https:\/\/mama-niemowlaka.pl\/sklep\/wp-json\/wp\/v2\/product_cat?post=9238"},{"taxonomy":"product_tag","embeddable":true,"href":"https:\/\/mama-niemowlaka.pl\/sklep\/wp-json\/wp\/v2\/product_tag?post=9238"}],"curies":[{"name":"wp","href":"https:\/\/api.w.org\/{rel}","templated":true}]}}