{"id":9272,"date":"2025-01-09T14:38:29","date_gmt":"2025-01-09T13:38:29","guid":{"rendered":"https:\/\/mama-niemowlaka.pl\/sklep\/?post_type=product&#038;p=9272"},"modified":"2026-04-07T23:00:18","modified_gmt":"2026-04-07T21:00:18","slug":"koszula-do-karmienia-na-suwak-grafitowa","status":"publish","type":"product","link":"https:\/\/mama-niemowlaka.pl\/sklep\/produkt\/dlamamy\/koszule-do-karmienia\/koszula-do-karmienia-na-suwak-grafitowa\/","title":{"rendered":"Koszula do karmienia na suwak &#8211; grafitowa"},"content":{"rendered":"<h2>Tabela rozmiar\u00f3w koszuli do karmienia na suwak:<\/h2>\n<table width=\"700\">\n<tbody>\n<tr>\n<td><strong>Rozmiar<\/strong><\/td>\n<td style=\"text-align: center;\"><strong>XL<\/strong><\/td>\n<td style=\"text-align: center;\"><strong>2XL<\/strong><\/td>\n<td style=\"text-align: center;\"><strong>3XL<\/strong><\/td>\n<td style=\"text-align: center;\"><strong>4XL<\/strong><\/td>\n<\/tr>\n<tr>\n<td>D\u0142ugo\u015b\u0107 ca\u0142kowita<\/td>\n<td style=\"text-align: center;\">97 cm<\/td>\n<td style=\"text-align: center;\">100 cm<\/td>\n<td style=\"text-align: center;\">102 cm<\/td>\n<td style=\"text-align: center;\">104 cm<\/td>\n<\/tr>\n<tr>\n<td>Obw\u00f3d w pasie<\/td>\n<td style=\"text-align: center;\">104 cm<\/td>\n<td style=\"text-align: center;\">108 cm<\/td>\n<td style=\"text-align: center;\">112 cm<\/td>\n<td style=\"text-align: center;\">116 cm<\/td>\n<\/tr>\n<tr>\n<td>Obw\u00f3d pod pachami<\/td>\n<td style=\"text-align: center;\">96\u00a0 cm<\/td>\n<td style=\"text-align: center;\">100 cm<\/td>\n<td style=\"text-align: center;\">104 cm<\/td>\n<td style=\"text-align: center;\">108 cm<\/td>\n<\/tr>\n<\/tbody>\n<\/table>\n<h2>Koszula ci\u0105\u017cowa do karmienia na suwak<\/h2>\n<p>Gdy nadchodzi czas karmienia trzeba kupi\u0107 koszul\u0119 do karmienia. Ale jak\u0105 koszul\u0119 do karmienia wybra\u0107? Bawe\u0142niana koszula nocna do karmienia to obowi\u0105zkowy element w wyprawce dla mamy karmi\u0105cej piersi\u0105. Idealna koszula do karmienia powinna by\u0107 wygodna, tak aby zapewni\u0107 komfort karmi\u0105cej mamie oraz umo\u017cliwi\u0107 wygodne karmienia dziecka. Zanim jednak zdecydujesz si\u0119 na koszul\u0119 do karmienia z zamkiem, zwr\u00f3\u0107 uwag\u0119 na to, z jakiego materia\u0142u jest wykonana. Nasza koszula do karmienia z zamkiem jest uszyta z wysokiej jako\u015b\u0107 bawe\u0142ny, przez co zapewnia niezwyk\u0142y komfort.<\/p>\n<p>Koszula nocna do karmienia na zamek dok\u0142adnie zas\u0142ania piersi, przez co jest idealna dla kobiet, kt\u00f3re ceni\u0105 sobie dyskrecj\u0119 podczas karmienia maluszka piersi\u0105. Jednocze\u015bnie to bardzo wygodna koszula do karmienia. Mo\u017ce by\u0107 noszona zar\u00f3wno w lecie, jak i w zimie. Przyda si\u0119 tak\u017ce po zako\u0144czeniu karmienia piersi\u0105 \u2013 jako koszula nocna damska rozpinana.<\/p>\n<h2>Koszule nocne ci\u0105\u017cowe do karmienia &#8211; szeroki wyb\u00f3r w sklepie <a href=\"https:\/\/mama-niemowlaka.pl\">mama-niemowlaka.pl<\/a><\/h2>\n<p>W sklepie <a href=\"https:\/\/mama-niemowlaka.pl\">mama-niemowlaka.pl<\/a> znajdziesz szeroki wyb\u00f3r koszul do karmienia piersi\u0105. Nasze produkty wysy\u0142amy w ci\u0105gu 48 godzin. Oferujemy bezp\u0142atn\u0105 wymian\u0119 i 14-dniowy zwrot. Dodatkowo, je\u015bli zam\u00f3wisz za minimum 249 z\u0142, dostawa b\u0119dzie ca\u0142kowicie bezp\u0142atna. Nasze produkty s\u0105 starannie dobierane tak, aby zapewni\u0107 Ci maksymalny komfort i bezpiecze\u0144stwo. Nie musisz ju\u017c traci\u0107 czasu na przeszukiwanie innych sklep\u00f3w. <a href=\"https:\/\/mama-niemowlaka.pl\">mama-niemowlaka.pl<\/a> ma wszystko, czego potrzebujesz! Skorzystaj z naszych us\u0142ug ju\u017c teraz i sprawd\u017a nasz\u0105 ofert\u0119 odzie\u017cy nocnej do karmienia oraz ubranek dla niemowl\u0105t ju\u017c dzi\u015b!<\/p>\n","protected":false},"excerpt":{"rendered":"<p data-pm-slice=\"1 1 []\">Bawe\u0142niana koszula do karmienia na suwak w kolorze grafitowym to doskona\u0142e rozwi\u0105zanie dla przysz\u0142ej mamy. Koszula posiada suwaki zapewniaj\u0105ce komfort karmienia. Koszula na zamek umo\u017cliwia karmienie piersi\u0105 poprzez rozsuni\u0119cie suwaka. Obustronne suwaki zapewniaj\u0105 dyskretne karmienie piersi\u0105. Koszula nocna z suwakami jest idealna podczas ci\u0105\u017cy &#8211; jej klasyczny kr\u00f3j zapewnia dopasowywanie do rosn\u0105cego brzuszka oraz dopasowanie po porodzie. Nasza koszula na suwak jest nie tylko przyjemna w dotyku, ale tak\u017ce niezwykle wygodna w noszeniu. Jej modny i nowoczesny design zadowoli nawet najbardziej wymagaj\u0105ce mamy. To idealny prezent dla bliskiej Ci osoby.<\/p>\n<p>Koszula ci\u0105\u017cowa do karmienia na suwak jest \u0142atwa w czyszczeniu &#8211; mo\u017cesz pra\u0107 j\u0105 w pralce.<\/p>\n<p>Koszula do karmienia na suwak dost\u0119pna jest w czerech rozmiarach: XL, XXL, XXXL oraz XXXL.<\/p>\n<p>Sk\u0142ad: 100% bawe\u0142na<\/p>\n","protected":false},"featured_media":9273,"template":"","meta":[],"product_brand":[],"product_cat":[97,64],"product_tag":[118,119,181,236,262,263,138,146,98,260,261,256,331],"class_list":{"0":"post-9272","1":"product","2":"type-product","3":"status-publish","4":"has-post-thumbnail","6":"product_cat-koszule-do-karmienia","7":"product_cat-dlamamy","8":"product_tag-bawelna","9":"product_tag-dla-mamy","10":"product_tag-koszule-do-karmienia-plus-size","11":"product_tag-koszula-do-karmienia","12":"product_tag-koszula-do-karmienia-3xl","13":"product_tag-koszula-do-karmienia-4xl","14":"product_tag-koszule-ciazowe","15":"product_tag-koszule-ciazowe-do-karmienia","16":"product_tag-koszule-nocne-do-karmienia","17":"product_tag-koszula-do-karmienia-xl","18":"product_tag-koszula-do-karmienia-xxl","19":"product_tag-koszule-do-karmienia-na-zamek","20":"product_tag-koszulka-nocna-do-karmienia","21":"product_shipping_class-lekka","22":"pa_rozmiar-2xl","23":"pa_rozmiar-3xl","24":"pa_rozmiar-4xl","25":"pa_rozmiar-xl","27":"first","28":"instock","29":"taxable","30":"shipping-taxable","31":"purchasable","32":"product-type-variable","33":"has-default-attributes","34":"wvs-archive-product-wrapper"},"_links":{"self":[{"href":"https:\/\/mama-niemowlaka.pl\/sklep\/wp-json\/wp\/v2\/product\/9272","targetHints":{"allow":["GET"]}}],"collection":[{"href":"https:\/\/mama-niemowlaka.pl\/sklep\/wp-json\/wp\/v2\/product"}],"about":[{"href":"https:\/\/mama-niemowlaka.pl\/sklep\/wp-json\/wp\/v2\/types\/product"}],"wp:featuredmedia":[{"embeddable":true,"href":"https:\/\/mama-niemowlaka.pl\/sklep\/wp-json\/wp\/v2\/media\/9273"}],"wp:attachment":[{"href":"https:\/\/mama-niemowlaka.pl\/sklep\/wp-json\/wp\/v2\/media?parent=9272"}],"wp:term":[{"taxonomy":"product_brand","embeddable":true,"href":"https:\/\/mama-niemowlaka.pl\/sklep\/wp-json\/wp\/v2\/product_brand?post=9272"},{"taxonomy":"product_cat","embeddable":true,"href":"https:\/\/mama-niemowlaka.pl\/sklep\/wp-json\/wp\/v2\/product_cat?post=9272"},{"taxonomy":"product_tag","embeddable":true,"href":"https:\/\/mama-niemowlaka.pl\/sklep\/wp-json\/wp\/v2\/product_tag?post=9272"}],"curies":[{"name":"wp","href":"https:\/\/api.w.org\/{rel}","templated":true}]}}