{"id":9302,"date":"2024-02-07T22:25:04","date_gmt":"2024-02-07T21:25:04","guid":{"rendered":"https:\/\/mama-niemowlaka.pl\/sklep\/?post_type=product&#038;p=9302"},"modified":"2025-11-02T16:32:44","modified_gmt":"2025-11-02T15:32:44","slug":"koszula-nocna-damska-do-karmienia-rozowy-melanz","status":"publish","type":"product","link":"https:\/\/mama-niemowlaka.pl\/sklep\/produkt\/dlamamy\/koszule-do-karmienia\/koszula-nocna-damska-do-karmienia-rozowy-melanz\/","title":{"rendered":"Koszula do karmienia &#8211; r\u00f3\u017cowy melan\u017c"},"content":{"rendered":"<h2 data-pm-slice=\"1 1 []\"><strong>R\u00f3\u017cowa <a href=\"https:\/\/mama-niemowlaka.pl\/sklep\/produkt\/dlamamy\/koszule-do-karmienia\/koszula-nocna-damska-do-karmienia-rozowy-melanz\/\" target=\"_blank\" rel=\"noopener\">koszula nocna damska do karmienia<\/a><\/strong><\/h2>\n<p data-pm-slice=\"1 1 []\">Nasza <a href=\"https:\/\/mama-niemowlaka.pl\/sklep\/c\/dlamamy\/koszule-do-karmienia\/\" target=\"_blank\" rel=\"noopener\"><strong>koszula nocna<\/strong><\/a> damska do karmienia piersi\u0105 ma modny design, kt\u00f3ry przypadnie do gustu ka\u017cdej kobiecie. Jest starannie wykonana z doskona\u0142\u0105 precyzj\u0105. Niezale\u017cnie od tego, czy jeste\u015b w ci\u0105\u017cy, czy karmisz piersi\u0105, ta koszula do karmienia rozpinana na guziki zapewnia wygodne i dyskretne karmienie male\u0144stwa. \u0141atwy i szybki dost\u0119p do piersi usprawni nocne karmienia maluszka piersi\u0105. Ta funkcjonalna <a href=\"https:\/\/mama-niemowlaka.pl\/sklep\/produkt\/dlamamy\/koszule-do-karmienia\/koszula-nocna-damska-do-karmienia-rozowy-melanz\/\" target=\"_blank\" rel=\"noopener\"><strong>koszula nocna damska do karmienia<\/strong><\/a> zosta\u0142a stworzona z my\u015bl\u0105 o dopasowywaniu si\u0119 do zmieniaj\u0105cego cia\u0142a kobiety. Ta wygodna koszula nocna musi si\u0119 znale\u017a\u0107 w Twojej <a href=\"https:\/\/mama-niemowlaka.pl\/sklep\/t\/dla-mamy\/\" target=\"_blank\" rel=\"noopener\"><strong>torbie do szpitala<\/strong><\/a>.<\/p>\n<p data-pm-slice=\"1 1 []\">Zakup tej koszuli nocnej damskiej do karmienia to doskona\u0142y wyb\u00f3r. Ta <a href=\"https:\/\/mama-niemowlaka.pl\/sklep\/produkt\/dlamamy\/koszule-do-karmienia\/koszula-do-karmienia-bawelniana-blekitna-kwiaty\/\" target=\"_blank\" rel=\"noopener\"><strong>koszula nocna bawe\u0142niana<\/strong><\/a> to wyj\u0105tkowa bielizna, kt\u00f3ra sprawi, \u017ce ka\u017cda m\u0142oda mama poczuje si\u0119 pi\u0119knie i atrakcyjnie, a jednocze\u015bnie zapewni dyskrecj\u0119 przy karmieniu male\u0144stwa.<\/p>\n<h2 data-pm-slice=\"1 1 []\"><strong><a href=\"https:\/\/mama-niemowlaka.pl\/sklep\/c\/dlamamy\/koszule-do-karmienia\/\" target=\"_blank\" rel=\"noopener\">Koszule do karmienia<\/a> w sklepie <a href=\"https:\/\/mama-niemowlaka.pl\/sklep\/\" target=\"_blank\" rel=\"noopener\">mama-niemowlaka.pl<\/a><\/strong><\/h2>\n<p data-pm-slice=\"1 1 []\"><a href=\"https:\/\/mama-niemowlaka.pl\/sklep\/c\/dlamamy\/koszule-do-karmienia\/\" target=\"_blank\" rel=\"noopener\"><strong>Koszule nocne ci\u0105\u017cowe i do karmienia<\/strong><\/a> to niezb\u0119dne elementy garderoby ci\u0105\u017cowej ka\u017cdej przysz\u0142ej mamy. <a href=\"https:\/\/mama-niemowlaka.pl\/sklep\/\" target=\"_blank\" rel=\"noopener\"><strong>mama-niemowlaka.pl<\/strong><\/a> to sklep internetowy oferuj\u0105cy szeroki wyb\u00f3r bielizny poporodowej, koszul do karmienia oraz <a href=\"https:\/\/mama-niemowlaka.pl\/sklep\/ubranka-niemowlece\/\" target=\"_blank\" rel=\"noopener\"><strong>ubranek dzieci\u0119cych<\/strong><\/a>. Kupisz tu najlepsze koszule nocne ci\u0105\u017cowe do karmienia. W naszym sklepie znajdziesz koszule poporodowe, klasyczn\u0105 koszul\u0119 ci\u0105\u017cow\u0105 zapinan\u0105 na guziki, koszule na napy, <a href=\"https:\/\/mama-niemowlaka.pl\/sklep\/c\/dlamamy\/koszule-do-karmienia\/\" target=\"_blank\" rel=\"noopener\"><strong>koszule do karmienia<\/strong><\/a> na suwak, <a href=\"https:\/\/mama-niemowlaka.pl\/sklep\/produkt\/dlamamy\/elegancka-koszula-ciazowa-do-karmienia-rozowa\/\" target=\"_blank\" rel=\"noopener\"><strong>eleganckie koszule nocne<\/strong><\/a> jaki <a href=\"https:\/\/mama-niemowlaka.pl\/sklep\/c\/dlamamy\/pizamy-do-karmienia\/\" target=\"_blank\" rel=\"noopener\"><strong>pi\u017camy ci\u0105\u017cowe<\/strong><\/a>.<\/p>\n<p data-pm-slice=\"1 1 []\">Nasze produkty wysy\u0142amy w ci\u0105gu 48 godzin. Zapewniamy r\u00f3wnie\u017c bezp\u0142atn\u0105 wymian\u0119 i 14-dniow\u0105 polityk\u0119 zwrotu. Dodatkowo, je\u015bli zam\u00f3wisz produkty o warto\u015bci minimum 249 z\u0142, dostawa jest ca\u0142kowicie bezp\u0142atna. Nasze produkty s\u0105 starannie dobrane, aby zapewni\u0107 maksymalny komfort i bezpiecze\u0144stwo Tobie i Twojemu dziecku. Nie musisz ju\u017c traci\u0107 czasu na przeszukiwanie innych sklep\u00f3w \u2013 <a href=\"https:\/\/mama-niemowlaka.pl\/sklep\/\" target=\"_blank\" rel=\"noopener\"><strong>mama-niemowlaka.pl<\/strong><\/a> ma wszystko, czego potrzebujesz! Skorzystaj z naszych us\u0142ug ju\u017c teraz i poznaj nasz\u0105 ofert\u0119 ju\u017c dzi\u015b!<\/p>\n<p data-pm-slice=\"1 1 []\">Sprawd\u017a nasz\u0105 ofert\u0119 koszul do karmienia piersi\u0105 i kup ju\u017c dzi\u015b wygodn\u0105 koszul\u0119 nocn\u0105 aby zapewni\u0107 sobie wygodne karmienie maluszka. Pami\u0119taj, aby wyprawk\u0119 do szpitala dla m\u0142odej mamy uzupe\u0142ni\u0107 o bielizn\u0119 poporodow\u0105. Sprawd\u017a koniecznie nasz\u0105 ofert\u0119 majtek poporodowych i biustonoszy do karmienia \u2013 <a href=\"https:\/\/mama-niemowlaka.pl\/sklep\/c\/dlamamy\/bielizna-poporodowa\/\" target=\"_blank\" rel=\"noopener\"><strong>bielizna poporodowa<\/strong><\/a>.<\/p>\n<p>Tabela rozmiar\u00f3w:<\/p>\n<table width=\"700\">\n<tbody>\n<tr>\n<td><strong>Rozmiar<\/strong><\/td>\n<td style=\"text-align: center;\"><strong>S<\/strong><\/td>\n<td style=\"text-align: center;\"><strong>M<\/strong><\/td>\n<td style=\"text-align: center;\"><strong>L<\/strong><\/td>\n<td style=\"text-align: center;\"><strong>XL<\/strong><\/td>\n<\/tr>\n<tr>\n<td>D\u0142ugo\u015b\u0107 ca\u0142kowita<\/td>\n<td style=\"text-align: center;\">98 cm<\/td>\n<td style=\"text-align: center;\">100 cm<\/td>\n<td style=\"text-align: center;\">102 cm<\/td>\n<td style=\"text-align: center;\">104 cm<\/td>\n<\/tr>\n<tr>\n<td>Obw\u00f3d w pasie<\/td>\n<td style=\"text-align: center;\">92 cm<\/td>\n<td style=\"text-align: center;\">96 cm<\/td>\n<td style=\"text-align: center;\">100 cm<\/td>\n<td style=\"text-align: center;\">104 cm<\/td>\n<\/tr>\n<tr>\n<td>Obw\u00f3d pod pachami<\/td>\n<td style=\"text-align: center;\">84 cm<\/td>\n<td style=\"text-align: center;\">88 cm<\/td>\n<td style=\"text-align: center;\">92 cm<\/td>\n<td style=\"text-align: center;\">96 cm<\/td>\n<\/tr>\n<\/tbody>\n<\/table>\n<p>&nbsp;<\/p>\n","protected":false},"excerpt":{"rendered":"<p data-pm-slice=\"1 1 []\">Koszula do karmienia w kolorze r\u00f3\u017cu to koszula do karmienia wykonana z mi\u0119kkiej i przyjaznej dla sk\u00f3ry bawe\u0142ny. Dzi\u0119ki guzikom po obu stronach piersi u\u0142atwia karmienie piersi\u0105. Nasza koszula nocna dla karmi\u0105cych posiada kr\u00f3tki r\u0119kaw, dzi\u0119ki czemu b\u0119dzie Ci wygodnie.<\/p>\n<p>Koszula nocna do karmienia wyst\u0119puje w czterech rozmiarach: S, M, L i XL. Do koszuli mo\u017cesz dokupi\u0107 szlafrok ci\u0105\u017cowy w tych samych kolorach: <a href=\"https:\/\/mama-niemowlaka.pl\/sklep\/produkt\/dlamamy\/szlafrok-ciazowy\/szlafrok-bawelniany-ciazowy-szary-w-paski\/\" target=\"_blank\" rel=\"noopener\"><strong>Szlafrok bawe\u0142niany ci\u0105\u017cowy szary w paski<\/strong><\/a>.<\/p>\n<p>Sk\u0142ad: 100% bawe\u0142na<\/p>\n","protected":false},"featured_media":18451,"template":"","meta":[],"product_brand":[],"product_cat":[97,64],"product_tag":[118,119,236,138,146,259,258,98,257,260,331,185],"class_list":{"0":"post-9302","1":"product","2":"type-product","3":"status-publish","4":"has-post-thumbnail","6":"product_cat-koszule-do-karmienia","7":"product_cat-dlamamy","8":"product_tag-bawelna","9":"product_tag-dla-mamy","10":"product_tag-koszula-do-karmienia","11":"product_tag-koszule-ciazowe","12":"product_tag-koszule-ciazowe-do-karmienia","13":"product_tag-koszula-do-karmienia-l","14":"product_tag-koszula-do-karmienia-m","15":"product_tag-koszule-nocne-do-karmienia","16":"product_tag-koszula-do-karmienia-s","17":"product_tag-koszula-do-karmienia-xl","18":"product_tag-koszulka-nocna-do-karmienia","19":"product_tag-krotki-rekaw","20":"product_shipping_class-lekka","21":"pa_rozmiar-l","22":"pa_rozmiar-m","23":"pa_rozmiar-s","24":"pa_rozmiar-xl","26":"first","27":"instock","28":"taxable","29":"shipping-taxable","30":"purchasable","31":"product-type-variable","32":"has-default-attributes","33":"wvs-archive-product-wrapper"},"_links":{"self":[{"href":"https:\/\/mama-niemowlaka.pl\/sklep\/wp-json\/wp\/v2\/product\/9302","targetHints":{"allow":["GET"]}}],"collection":[{"href":"https:\/\/mama-niemowlaka.pl\/sklep\/wp-json\/wp\/v2\/product"}],"about":[{"href":"https:\/\/mama-niemowlaka.pl\/sklep\/wp-json\/wp\/v2\/types\/product"}],"wp:featuredmedia":[{"embeddable":true,"href":"https:\/\/mama-niemowlaka.pl\/sklep\/wp-json\/wp\/v2\/media\/18451"}],"wp:attachment":[{"href":"https:\/\/mama-niemowlaka.pl\/sklep\/wp-json\/wp\/v2\/media?parent=9302"}],"wp:term":[{"taxonomy":"product_brand","embeddable":true,"href":"https:\/\/mama-niemowlaka.pl\/sklep\/wp-json\/wp\/v2\/product_brand?post=9302"},{"taxonomy":"product_cat","embeddable":true,"href":"https:\/\/mama-niemowlaka.pl\/sklep\/wp-json\/wp\/v2\/product_cat?post=9302"},{"taxonomy":"product_tag","embeddable":true,"href":"https:\/\/mama-niemowlaka.pl\/sklep\/wp-json\/wp\/v2\/product_tag?post=9302"}],"curies":[{"name":"wp","href":"https:\/\/api.w.org\/{rel}","templated":true}]}}