{"id":9426,"date":"2023-10-11T21:35:56","date_gmt":"2023-10-11T19:35:56","guid":{"rendered":"https:\/\/mama-niemowlaka.pl\/sklep\/?post_type=product&#038;p=9426"},"modified":"2024-07-21T18:14:31","modified_gmt":"2024-07-21T16:14:31","slug":"kombinezon-niemowlecy-zimowy-dla-dziewczynki-rozowy","status":"publish","type":"product","link":"https:\/\/mama-niemowlaka.pl\/sklep\/produkt\/ubranka-niemowlece\/kombinezony-dla-niemowlat\/kombinezon-niemowlecy-zimowy-dla-dziewczynki-rozowy\/","title":{"rendered":"Kombinezon niemowl\u0119cy zimowy dla dziewczynki &#8211; r\u00f3\u017cowy"},"content":{"rendered":"<h2 data-pm-slice=\"1 1 []\">Kombinezon dla dziewczynki &#8211; kombinezon zimowy dla niemowl\u0105t<\/h2>\n<p>R\u00f3\u017cowy kombinezon niemowl\u0119cy zimowy dla dziewczynki jest idealnym wyborem na jesie\u0144, zim\u0119 i wiosn\u0119. Ocieplane kombinezony idealne sprawdzaj\u0105 si\u0119 w zimne dni. Kombinezon dzieci\u0119cy zapinany jest na dwa suwaki, dzi\u0119ki temu spokojnie i bez niepotrzebnego przeciskania ubierzesz swojego malucha. Zamek ko\u0144czy si\u0119 pod szyjk\u0105 klapk\u0105 zabezpieczaj\u0105c\u0105 maluszka przed bezpo\u015brednim kontaktem. Warstwa wewn\u0119trzna kombinezonu niemowl\u0119cego wykonana jest z bardzo wysokiej jako\u015bci mi\u0119ciutkiego i przyjemnego w dotyku pluszu. Warstwa zewn\u0119trzna chroni od wody i wiatru. Pomi\u0119dzy warstw\u0105 wewn\u0119trzn\u0105 i zewn\u0119trzn\u0105 tego zimowego kombinezonu znajduje si\u0119 dodatkowa ocieplina. Niezwykle mi\u0119kki i wygodny w zak\u0142adaniu kombinezon zimowy dla dzieci jest bardzo wygodny do fotelik\u00f3w samochodowych.<\/p>\n<h2>Jakie cechy powinien mie\u0107 dobry kombinezon zimowy niemowl\u0119cy?<\/h2>\n<p>Dobry kombinezon zimowy niemowl\u0119cy to:<\/p>\n<ul>\n<li>ocieplany kombinezon dla dziecka,<\/li>\n<li>kombinezon, kt\u00f3ry jest jesienny lub zimowy ma wodoodporno\u015b\u0107 oraz wiatroszczelno\u015b\u0107,<\/li>\n<li>kombinezon, kt\u00f3ry posiada kaptur i zabudowane st\u00f3pki, kt\u00f3re zapewni\u0105 dziecku ciep\u0142o,<\/li>\n<li>a tak\u017ce kombinezon, kt\u00f3ry ma odpowiedni rozmiar aby zapewni\u0107 dziecku najlepszy komfort u\u017cytkowania.<\/li>\n<\/ul>\n<p>Ten kombinezon ocieplany niemowl\u0119cy to idealny kombinezon niemowl\u0119cy dla Twojej dziewczynki!<\/p>\n<h2>Kombinezony dla niemowl\u0105t w sklepie <a href=\"https:\/\/mama-niemowlaka.pl\">mama-niemowlaka.pl<\/a><\/h2>\n<p>Je\u015bli szukasz ubranek dla swojego niemowlaka, to <a href=\"https:\/\/mama-niemowlaka.pl\">mama-niemowlaka.pl<\/a> jest idealnym miejscem dla Ciebie. Oferujemy szeroki wyb\u00f3r ubranek dla niemowl\u0105t. Nasze produkty s\u0105 starannie wyselekcjonowane, aby zapewni\u0107 maksymalny komfort i bezpiecze\u0144stwo Twojemu dziecku. W naszym sklepie mo\u017cesz znale\u017a\u0107 urocze kombinezony dzieci\u0119ce zar\u00f3wno ciep\u0142y kombinezon na zim\u0119 jak i kombinezon wiosenny czy kombinezony niemowl\u0119ce na ch\u0142odne dni. Dodatkowo, oferujemy szybk\u0105 dostaw\u0119 (w ci\u0105gu 48 godzin), darmow\u0105 wymian\u0119 oraz mo\u017cliwo\u015b\u0107 zwrotu w ci\u0105gu 14 dni. A je\u015bli Tw\u00f3j zakup przekroczy 249 PLN, masz darmow\u0105 dostaw\u0119!<\/p>\n<p>Nie tra\u0107 ju\u017c wi\u0119cej czasu na przeszukiwanie innych sklep\u00f3w \u2013 <a href=\"https:\/\/mama-niemowlaka.pl\">mama-niemowlaka.pl<\/a> ma wszystko, czego potrzebujesz! Skorzystaj teraz z naszych us\u0142ug i sprawd\u017a nasz\u0105 ofert\u0119 ju\u017c dzi\u015b! Kup ju\u017c dzi\u015b idealny ciep\u0142y kombinezon dla niemowlaka.<\/p>\n","protected":false},"excerpt":{"rendered":"<p>Kombinezon niemowl\u0119cy zimowy dla dziewczynki w kolorze r\u00f3\u017cowym to idealne rozwi\u0105zanie na ch\u0142odniejsze dni. Kombinezon ocieplany niemowl\u0119cy posiada zar\u00f3wno kaptur jak i st\u00f3pki dzi\u0119ki czemu nie musimy martwi\u0107 si\u0119 o dodatkowe obuwie. Ubranko to wygodny kombinezon poniewa\u017c jest zapinany na dwa suwaki, kt\u00f3re ci\u0105gn\u0105 si\u0119 od szyjki a\u017c po same st\u00f3pki dzi\u0119ki temu mo\u017cemy bez stresowo ubra\u0107 dziecko. Kombinezon zimowy wykonany jest z r\u00f3\u017cowego, pikowanego materia\u0142u i podszyty jest bia\u0142ym misiem. Kombinezon niemowl\u0119cy zimowy dla dziewczynki pikowany z nieprzepuszczalnej tkaniny kurtkowej posiada warstw\u0119 ociepliny. R\u00f3\u017cowy kombinezon dla dziecka doskonale sprawdzi si\u0119 na jesie\u0144 i wiosn\u0119 a tak\u017ce lekk\u0105 zim\u0119 i zapewni dziecku komfort. Ten idealny kombinezon niemowl\u0119cy doskonale chroni dziecko przed deszczem czy \u015bniegiem.<\/p>\n<p>Kombinezon niemowl\u0119cy zimowy dla dziewczynki w kolorze r\u00f3\u017cowym dost\u0119pny jest w rozmiarze 62,68 i 74.<\/p>\n<p>Sk\u0142ad: 100% poliester<\/p>\n","protected":false},"featured_media":9412,"template":"","meta":[],"product_brand":[],"product_cat":[78,217,57],"product_tag":[152,211,339,229,230],"class_list":{"0":"post-9426","1":"product","2":"type-product","3":"status-publish","4":"has-post-thumbnail","6":"product_cat-kombinezony-dla-niemowlat","7":"product_cat-okrycia-wierzchnie","8":"product_cat-ubranka-niemowlece","9":"product_tag-ubranka-dla-niemowlat-dziewczynek","10":"product_tag-kombinezon","11":"product_tag-kombinezon-dla-noworodka","12":"product_tag-kombinezon-niemowlecy-zimowy","13":"product_tag-kombinezon-zimowy-dla-dziewczynki","14":"product_shipping_class-duza","15":"pa_rozmiar-312","16":"pa_rozmiar-313","17":"pa_rozmiar-314","19":"first","20":"instock","21":"taxable","22":"shipping-taxable","23":"purchasable","24":"product-type-variable","25":"has-default-attributes","26":"wvs-archive-product-wrapper"},"_links":{"self":[{"href":"https:\/\/mama-niemowlaka.pl\/sklep\/wp-json\/wp\/v2\/product\/9426","targetHints":{"allow":["GET"]}}],"collection":[{"href":"https:\/\/mama-niemowlaka.pl\/sklep\/wp-json\/wp\/v2\/product"}],"about":[{"href":"https:\/\/mama-niemowlaka.pl\/sklep\/wp-json\/wp\/v2\/types\/product"}],"wp:featuredmedia":[{"embeddable":true,"href":"https:\/\/mama-niemowlaka.pl\/sklep\/wp-json\/wp\/v2\/media\/9412"}],"wp:attachment":[{"href":"https:\/\/mama-niemowlaka.pl\/sklep\/wp-json\/wp\/v2\/media?parent=9426"}],"wp:term":[{"taxonomy":"product_brand","embeddable":true,"href":"https:\/\/mama-niemowlaka.pl\/sklep\/wp-json\/wp\/v2\/product_brand?post=9426"},{"taxonomy":"product_cat","embeddable":true,"href":"https:\/\/mama-niemowlaka.pl\/sklep\/wp-json\/wp\/v2\/product_cat?post=9426"},{"taxonomy":"product_tag","embeddable":true,"href":"https:\/\/mama-niemowlaka.pl\/sklep\/wp-json\/wp\/v2\/product_tag?post=9426"}],"curies":[{"name":"wp","href":"https:\/\/api.w.org\/{rel}","templated":true}]}}