{"id":9451,"date":"2023-12-29T11:45:08","date_gmt":"2023-12-29T10:45:08","guid":{"rendered":"https:\/\/mama-niemowlaka.pl\/sklep\/?post_type=product&#038;p=9451"},"modified":"2026-03-24T13:20:10","modified_gmt":"2026-03-24T12:20:10","slug":"polspiochy-bezuciskowe-cyferki","status":"publish","type":"product","link":"https:\/\/mama-niemowlaka.pl\/sklep\/produkt\/ubranka-niemowlece\/polspiochy\/polspiochy-bezuciskowe-cyferki\/","title":{"rendered":"P\u00f3\u0142\u015bpiochy bezuciskowe dla niemowl\u0105t &#8211; bia\u0142e w cyferki"},"content":{"rendered":"<h2 data-pm-slice=\"1 1 []\"><strong>Bawe\u0142niane p\u00f3\u0142\u015bpiochy dla niemowlaka<\/strong><\/h2>\n<p data-pm-slice=\"1 1 []\">Wygodne p\u00f3\u0142\u015bpioszki dla niemowl\u0105t to jedne z najpopularniejszych, komfortowych ubranek dla noworodka i niemowlaka. Odpowiednie p\u00f3\u0142\u015bpiochy dla noworodka powinny zapewnia\u0107 komfort termiczny oraz nie uciska\u0107 brzuszka niemowlaka.<\/p>\n<p data-pm-slice=\"1 1 []\"><a href=\"https:\/\/mama-niemowlaka.pl\/sklep\/produkt\/ubranka-niemowlece\/polspiochy\/polspiochy-bezuciskowe-cyferki\/\"><strong>Bezuciskowe p\u00f3\u0142\u015bpiochy niemowl\u0119ce<\/strong><\/a> uszyte z mi\u0119kkiej bawe\u0142ny w kolorze bia\u0142ym w urocze kolorowe cyferki. Te przewiewne i wygodne dzieci\u0119ce p\u00f3\u0142\u015bpiochy ze st\u00f3pkami posiadaj\u0105 szeroki \u015bci\u0105gacz na brzuszku, kt\u00f3ry nie uciska brzuszka niemowlaka dzi\u0119ki temu Twoje dziecko ma komfort noszenia. Bezuciskowe p\u00f3\u0142\u015bpiochy dzieci\u0119ce posiadaj\u0105 zabudowane st\u00f3pki dzi\u0119ki czemu chroni\u0105 delikatne st\u00f3pki dziecka. P\u00f3\u0142\u015bpiochy niemowl\u0119ce to obowi\u0105zkowy element ka\u017cdej wyprawki dla noworodka ma\u0142ego dziecka.<\/p>\n<p data-pm-slice=\"1 1 []\">Nasze <a href=\"https:\/\/mama-niemowlaka.pl\/sklep\/produkt\/ubranka-niemowlece\/polspiochy\/polspiochy-bezuciskowe-cyferki\/\"><strong>p\u00f3\u0142spiochy bezuciskowe<\/strong><\/a> to idealne p\u00f3\u0142\u015bpiochy dla niemowlaka.\u00a0To r\u00f3wnie\u017c idealne p\u00f3\u0142\u015bpiochy jako prezent dla maluszka.<\/p>\n<h2 data-pm-slice=\"1 1 []\"><strong>Praktyczne p\u00f3\u0142\u015bpiochy dla niemowlaka w sklepie <a href=\"https:\/\/mama-niemowlaka.pl\">mama-niemowlaka.pl<\/a><\/strong><\/h2>\n<p data-pm-slice=\"1 1 []\">Nasz sklep oferuje szeroki wyb\u00f3r p\u00f3\u0142\u015bpioch\u00f3w, dost\u0119pnych w r\u00f3\u017cnych rozmiarach, kolorach i wzorach. Mo\u017cesz znale\u017a\u0107 tu p\u00f3\u0142\u015bpiochy bezuciskowe dla niemowlaka idealne dla dziecka w jednolitym kolorze, ale tak\u017ce wzorzyste p\u00f3\u0142\u015bpiochy czy te\u017c dzieci\u0119ce p\u00f3\u0142\u015bpiochy pr\u0105\u017ckowane. Kupisz u nas wysokiej jako\u015bci p\u00f3\u0142\u015bpiochy dla dzieci m.in. p\u00f3\u0142\u015bpiochy z bawe\u0142ny organicznej, p\u00f3\u0142\u015bpiochy bez st\u00f3pek, p\u00f3\u0142\u015bpiochy dla ch\u0142opca oraz p\u00f3\u0142\u015bpiochy dla dziewczynki. Do p\u00f3\u0142\u015bpioszk\u00f3w wybierz koniecznie body niemowl\u0119ce lub kaftaniki niemowl\u0119ce. Body niemowl\u0119ce w sklepie <a href=\"https:\/\/mama-niemowlaka.pl\"><strong>mama-niemowlaka.pl<\/strong><\/a> znajdziesz w kategorii <a href=\"https:\/\/mama-niemowlaka.pl\/sklep\/c\/ubranka-niemowlece\/body-niemowlece\/\" target=\"_blank\" rel=\"noopener\"><strong>body dla niemowl\u0105t<\/strong><\/a>.<\/p>\n<p data-pm-slice=\"1 1 []\">Odwied\u017a nasz sklep internetowy <a href=\"https:\/\/mama-niemowlaka.pl\"><strong>mama-niemowlaka.pl<\/strong><\/a>, gdzie znajdziesz szeroki wyb\u00f3r najwy\u017cszej jako\u015bci ubra\u0144 niemowl\u0119cych. Gwarantujemy wysy\u0142k\u0119 zam\u00f3wienia w ci\u0105gu 48 godzin oraz darmow\u0105 wymian\u0119 towaru lub mo\u017cliwo\u015b\u0107 zwrotu w ci\u0105gu 14 dni. Co wi\u0119cej, je\u015bli zam\u00f3wisz za minimum 249 PLN, dostawa b\u0119dzie ca\u0142kowicie darmowa.<\/p>\n<p data-pm-slice=\"1 1 []\">Skorzystaj teraz z naszych us\u0142ug i sprawd\u017a nasz\u0105 ofert\u0119 ubra\u0144 niemowl\u0119cych ju\u017c dzi\u015b! Wybierz praktyczne p\u00f3\u0142\u015bpiochy bezuciskowe dla niemowlaka.<\/p>\n","protected":false},"excerpt":{"rendered":"<p data-pm-slice=\"1 1 []\"><a href=\"https:\/\/mama-niemowlaka.pl\/sklep\/produkt\/ubranka-niemowlece\/polspiochy\/polspiochy-bezuciskowe-cyferki\/\"><strong>Bezuciskowe p\u00f3\u0142\u015bpiochy<\/strong><\/a> dzieci\u0119ce w kolorze bia\u0142ym w kolorowe cyferki z dezuciskow\u0105 gumk\u0105 w pasie.<\/p>\n<p>Bia\u0142e p\u00f3\u0142\u015bpiochy niemowl\u0119ce wyst\u0119puj\u0105 w czterech rozmiarach 56, 62, 68 i 74.<\/p>\n<p>Sk\u0142ad: 100% bawe\u0142na<\/p>\n","protected":false},"featured_media":10570,"template":"","meta":[],"product_brand":[],"product_cat":[223,57],"product_tag":[118,145,152,220],"class_list":{"0":"post-9451","1":"product","2":"type-product","3":"status-publish","4":"has-post-thumbnail","6":"product_cat-polspiochy","7":"product_cat-ubranka-niemowlece","8":"product_tag-bawelna","9":"product_tag-ubranka-dla-niemowlat-chlopca","10":"product_tag-ubranka-dla-niemowlat-dziewczynek","11":"product_tag-ubranka-dla-noworodkow","12":"product_shipping_class-lekka","13":"pa_rozmiar-311","14":"pa_rozmiar-312","15":"pa_rozmiar-313","16":"pa_rozmiar-314","18":"first","19":"instock","20":"taxable","21":"shipping-taxable","22":"purchasable","23":"product-type-variable","24":"has-default-attributes","25":"wvs-archive-product-wrapper"},"_links":{"self":[{"href":"https:\/\/mama-niemowlaka.pl\/sklep\/wp-json\/wp\/v2\/product\/9451","targetHints":{"allow":["GET"]}}],"collection":[{"href":"https:\/\/mama-niemowlaka.pl\/sklep\/wp-json\/wp\/v2\/product"}],"about":[{"href":"https:\/\/mama-niemowlaka.pl\/sklep\/wp-json\/wp\/v2\/types\/product"}],"wp:featuredmedia":[{"embeddable":true,"href":"https:\/\/mama-niemowlaka.pl\/sklep\/wp-json\/wp\/v2\/media\/10570"}],"wp:attachment":[{"href":"https:\/\/mama-niemowlaka.pl\/sklep\/wp-json\/wp\/v2\/media?parent=9451"}],"wp:term":[{"taxonomy":"product_brand","embeddable":true,"href":"https:\/\/mama-niemowlaka.pl\/sklep\/wp-json\/wp\/v2\/product_brand?post=9451"},{"taxonomy":"product_cat","embeddable":true,"href":"https:\/\/mama-niemowlaka.pl\/sklep\/wp-json\/wp\/v2\/product_cat?post=9451"},{"taxonomy":"product_tag","embeddable":true,"href":"https:\/\/mama-niemowlaka.pl\/sklep\/wp-json\/wp\/v2\/product_tag?post=9451"}],"curies":[{"name":"wp","href":"https:\/\/api.w.org\/{rel}","templated":true}]}}