{"id":9471,"date":"2023-09-29T00:13:15","date_gmt":"2023-09-28T22:13:15","guid":{"rendered":"https:\/\/mama-niemowlaka.pl\/sklep\/?post_type=product&#038;p=9471"},"modified":"2026-03-13T15:34:22","modified_gmt":"2026-03-13T14:34:22","slug":"wyprawka-dla-wczesniaka-bezowy","status":"publish","type":"product","link":"https:\/\/mama-niemowlaka.pl\/sklep\/produkt\/ubranka-niemowlece\/ubranka-dla-wczesniakow\/wyprawka-dla-wczesniaka-bezowy\/","title":{"rendered":"Wyprawka dla wcze\u015bniaka 2 cz\u0119\u015bciowa &#8211; be\u017cowa"},"content":{"rendered":"<h2 data-pm-slice=\"1 1 []\">Jaka wyprawka dla wcze\u015bniaka &#8211; ubranka dla niemowl\u0105t z bawe\u0142ny organicznej<\/h2>\n<p data-pm-slice=\"1 1 []\">Kupowanie ubranek dla wcze\u015bniaka nie jest \u0142atwe. Co powinna zawiera\u0107 wyprawka dla wcze\u015bniaka? Ubranka w wyprawce dla dziecka urodzonego przedwcze\u015bnie powinny by\u0107 dobrane troszk\u0119 na wyrost &#8211; wybierz wi\u0119c odpowiedni rozmiar ubranek dla wcze\u015bniaka. Sk\u00f3ra wcze\u015bniaka jest jeszcze bardziej delikatna ni\u017c noworodka urodzonego w terminie, dlatego ubranka dla wcze\u015bniaka powinny by\u0107 delikatne, mie\u0107 wewn\u0119trzne szwy, ukryte metki i inne odstaj\u0105ce elementy. Najlepiej, aby pierwsze ubranka by\u0142y uszyte z bawe\u0142ny organicznej.<\/p>\n<h2>Jakie ubranka dla wcze\u015bniak\u00f3w kupi\u0107 w sklepie <a href=\"https:\/\/mama-niemowlaka.pl\">mama-niemowlaka.pl<\/a>?<\/h2>\n<p>Wcze\u015bniaki to najm\u0142odsze dzieci, kt\u00f3re urodzi\u0142y si\u0119 o wiele za wcze\u015bnie przed spodziewanym terminem porodu, czyli przed 37 tygodniem ci\u0105\u017cy. Wi\u0105\u017c\u0105 si\u0119 z tym r\u00f3\u017cne konsekwencje, g\u0142\u00f3wnie zdrowotne, ale nie tylko. Taki dzieci wymagaj\u0105 szczeg\u00f3lnej opieki i delikatno\u015bci. Wyb\u00f3r ubranek dla wcze\u015bniaka w sklepie <a href=\"https:\/\/mama-niemowlaka.pl\">mama-niemowlaka.pl<\/a> to \u015bwietny wyb\u00f3r. Nasze ubranka do wyprawki do szpitala dla wcze\u015bniaka s\u0105 uszyte z bawe\u0142ny lub bawe\u0142ny organicznej, a to oznacza \u017ce nasze ubranka s\u0105 bezpieczne dla noworodk\u00f3w urodzonych przedwcze\u015bnie. Kompletowanie wyprawki dla wcze\u015bniaka rozpocznij od sprawdzenia kategorii w naszym sklepie <a href=\"https:\/\/mama-niemowlaka.pl\/sklep\/c\/ubranka\/wczesniak\/\" target=\"_blank\" rel=\"noopener\"><strong>ubranka dla wcze\u015bniak\u00f3w<\/strong><\/a>.<\/p>\n<p>Odwied\u017a nasz sklep internetowy <a href=\"https:\/\/mama-niemowlaka.pl\">mama-niemowlaka.pl<\/a>, gdzie znajdziesz szeroki wyb\u00f3r najwy\u017cszej jako\u015bci ubranek niemowl\u0119cych. Gwarantujemy wysy\u0142k\u0119 zam\u00f3wienia w ci\u0105gu 48 godzin oraz darmow\u0105 wymian\u0119 towaru lub mo\u017cliwo\u015b\u0107 zwrotu w ci\u0105gu 14 dni. Co wi\u0119cej, je\u015bli zam\u00f3wisz za minimum 249 PLN, dostawa b\u0119dzie ca\u0142kowicie darmowa.<\/p>\n<p>Dbamy o wygod\u0119 i bezpiecze\u0144stwo Twojego dziecka, dlatego nasze produkty s\u0105 starannie wyselekcjonowane. Nie tra\u0107 wi\u0119cej czasu na przeszukiwanie innych sklep\u00f3w \u2013 <a href=\"https:\/\/mama-niemowlaka.pl\">mama-niemowlaka.pl<\/a> ma wszystko, czego potrzebujesz!<\/p>\n<p>Skorzystaj teraz z naszych us\u0142ug i sprawd\u017a nasz\u0105 ofert\u0119 ju\u017c dzi\u015b!<\/p>\n","protected":false},"excerpt":{"rendered":"<p data-pm-slice=\"1 1 []\">Wyprawka dla wcze\u015bniaka w kolorze be\u017cowym w rozmiarze 50. W sk\u0142ad wyprawki wchodz\u0105: kaftanik niemowl\u0119cy i p\u00f3\u0142\u015bpiochy. Oba ubranka zosta\u0142y uszyte z bawe\u0142ny organicznej. Kaftanik niemowl\u0119cy posiada d\u0142ugi r\u0119kaw i jest wi\u0105zany, dzi\u0119ki czemu nie podra\u017cnia sk\u00f3ry maluszka. P\u00f3\u0142\u015bpiochy maj\u0105 zabudowane st\u00f3pki, dzi\u0119ki czemu zapewniaj\u0105 ciep\u0142o dziecku. Po\u0142\u015bpichy posiadaj\u0105 w pasie bezuciskowy pas, kt\u00f3ry nie uciska ma\u0142ego brzuszka. Uniwersalny be\u017cowy kolor sprawdzi si\u0119 zar\u00f3wno dla dziewczynki jak i ch\u0142opca.<\/p>\n<p>Wyprawka dla wcze\u015bniaka w kolorze be\u017cowym dost\u0119pna jest w rozmiarze 50. Komplet mo\u017cesz kupi\u0107 w trzech kolorach: <a href=\"https:\/\/mama-niemowlaka.pl\/sklep\/produkt\/ubranka\/wczesniak\/wyprawka-dla-wczesniaka-bezowy\/\" target=\"_blank\" rel=\"noopener\"><strong>be\u017cowy<\/strong><\/a>, <a href=\"https:\/\/mama-niemowlaka.pl\/sklep\/produkt\/ubranka\/wczesniak\/komplet-dla-wczesniaka-ubranka-rozmiar-50-niebieski\/\" rel=\" \"><strong>niebieskim<\/strong><\/a> i r\u00f3\u017cowym.<\/p>\n<p>Sk\u0142ad: 100% bawe\u0142na organiczna<\/p>\n","protected":false},"featured_media":9469,"template":"","meta":[],"product_brand":[],"product_cat":[225,57],"product_tag":[94,214,164,153,220,165,226],"class_list":{"0":"post-9471","1":"product","2":"type-product","3":"status-publish","4":"has-post-thumbnail","6":"product_cat-ubranka-dla-wczesniakow","7":"product_cat-ubranka-niemowlece","8":"product_tag-bawelna-organiczna","9":"product_tag-bestseller","10":"product_tag-kaftaniki-niemowlece","11":"product_tag-komplet","12":"product_tag-ubranka-dla-noworodkow","13":"product_tag-polspiochy","14":"product_tag-wczesniak","15":"product_shipping_class-lekka","17":"first","18":"instock","19":"taxable","20":"shipping-taxable","21":"purchasable","22":"product-type-simple"},"_links":{"self":[{"href":"https:\/\/mama-niemowlaka.pl\/sklep\/wp-json\/wp\/v2\/product\/9471","targetHints":{"allow":["GET"]}}],"collection":[{"href":"https:\/\/mama-niemowlaka.pl\/sklep\/wp-json\/wp\/v2\/product"}],"about":[{"href":"https:\/\/mama-niemowlaka.pl\/sklep\/wp-json\/wp\/v2\/types\/product"}],"wp:featuredmedia":[{"embeddable":true,"href":"https:\/\/mama-niemowlaka.pl\/sklep\/wp-json\/wp\/v2\/media\/9469"}],"wp:attachment":[{"href":"https:\/\/mama-niemowlaka.pl\/sklep\/wp-json\/wp\/v2\/media?parent=9471"}],"wp:term":[{"taxonomy":"product_brand","embeddable":true,"href":"https:\/\/mama-niemowlaka.pl\/sklep\/wp-json\/wp\/v2\/product_brand?post=9471"},{"taxonomy":"product_cat","embeddable":true,"href":"https:\/\/mama-niemowlaka.pl\/sklep\/wp-json\/wp\/v2\/product_cat?post=9471"},{"taxonomy":"product_tag","embeddable":true,"href":"https:\/\/mama-niemowlaka.pl\/sklep\/wp-json\/wp\/v2\/product_tag?post=9471"}],"curies":[{"name":"wp","href":"https:\/\/api.w.org\/{rel}","templated":true}]}}