{"id":9711,"date":"2023-09-21T16:07:14","date_gmt":"2023-09-21T14:07:14","guid":{"rendered":"https:\/\/mama-niemowlaka.pl\/sklep\/?post_type=product&#038;p=9711"},"modified":"2024-10-13T08:29:16","modified_gmt":"2024-10-13T06:29:16","slug":"pajacyk-niemowlecy-dla-chlopca-niebieski","status":"publish","type":"product","link":"https:\/\/mama-niemowlaka.pl\/sklep\/produkt\/ubranka-niemowlece\/pajacyki-dla-niemowlat\/pajacyk-niemowlecy-dla-chlopca-niebieski\/","title":{"rendered":"Pajacyk niemowl\u0119cy bawe\u0142niany &#8211; niebieski"},"content":{"rendered":"<h2 data-pm-slice=\"1 1 []\"><strong>Pajacyki dla niemowl\u0105t &#8211; \u0141atwy w ubieraniu pajacyk niemowl\u0119cy<\/strong><\/h2>\n<p data-pm-slice=\"1 1 []\">Nasz mi\u0119kki pajacyk to idealny pajac dla noworodka poniewa\u017c zapewnia najwy\u017cszy komfort delikatnej sk\u00f3rze Twojego dziecka dzi\u0119ki mi\u0119kkiej tkaninie jak\u0105 jest przyjemna bawe\u0142na. To idealny pajac niemowl\u0119cy dla Twojego syna. Ten mi\u0119kki pajacyk niemowl\u0119cy z d\u0142ugim r\u0119kawem jest zar\u00f3wno praktyczny, jak i \u0142adny, dzi\u0119ki czemu idealnie nadaje si\u0119 jako pajacyk do spania dla niemowl\u0119cia lub do noszenia na co dzie\u0144.<\/p>\n<p data-pm-slice=\"1 1 []\">Nasze <a href=\"https:\/\/mama-niemowlaka.pl\/sklep\/c\/ubranka-niemowlece\/pajacyki-dla-niemowlat\/\" target=\"_blank\" rel=\"noopener\"><strong>pajacyki niemowl\u0119ce<\/strong><\/a> zosta\u0142y zaprojektowane, tak aby zapewni\u0107 Twojemu dziecku ciep\u0142o i komfort, zapewnia tak\u017ce wygod\u0119 ma\u0142ym st\u00f3pkom. Hipoalergiczne, niezawieraj\u0105ce niklu zatrzaski nie tylko k\u0142ad\u0105 nacisk na bezpiecze\u0144stwo Twojego dziecka, ale tak\u017ce sprawiaj\u0105, \u017ce jest to \u0142atwy w ubieraniu <a href=\"https:\/\/mama-niemowlaka.pl\/sklep\/produkt\/ubranka-niemowlece\/pajacyki-dla-niemowlat\/pajacyk-niemowlecy-dla-chlopca-niebieski\/\" target=\"_blank\" rel=\"noopener\"><strong>pajacyk niemowl\u0119cy<\/strong><\/a>. Wykonany z czystej bawe\u0142ny, delikatnej dla delikatnej sk\u00f3ry dziecka. Nasze pajacyki dla ch\u0142opca s\u0105 wyj\u0105tkowo przyjazne dla Twojego malucha. Ciesz si\u0119 idealnym po\u0142\u0105czeniem stylu i wygody dzi\u0119ki naszemu bawe\u0142nianemu \u015bpioszkowi dzieci\u0119cemu.<\/p>\n<h2 data-pm-slice=\"1 1 []\"><strong>Szukasz pajacyk\u00f3w niemowl\u0119cych?<\/strong><\/h2>\n<p data-pm-slice=\"1 1 []\">Wszystkie <a href=\"https:\/\/mama-niemowlaka.pl\/sklep\/c\/ubranka-niemowlece\/pajacyki-dla-niemowlat\/\" target=\"_blank\" rel=\"noopener\"><strong>pajacyki niemowl\u0119ce<\/strong><\/a> dost\u0119pne w sklepie <a href=\"https:\/\/mama-niemowlaka.pl\" target=\"_blank\" rel=\"noopener\"><strong>mama-niemowlaka.pl<\/strong><\/a> s\u0105 uszyte w taki spos\u00f3b, by jak najbardziej u\u0142atwi\u0107 przebieranie niemowl\u0105t, noworodk\u00f3w, a nawet wcze\u015bniak\u00f3w. Nasza kolekcja pajacyk\u00f3w niemowl\u0119cych zawiera tylko ubranka dla niemowl\u0105t uszyte z mi\u0119kkiej bawe\u0142ny.<\/p>\n<h2 data-pm-slice=\"1 1 []\"><strong>Kup wygodne pajacyki dla ch\u0142opc\u00f3w i dziewczynek w sklepie <\/strong><a href=\"https:\/\/mama-niemowlaka.pl\" target=\"_blank\" rel=\"noopener\"><strong>mama-niemowlaka.pl<\/strong><\/a><\/h2>\n<p data-pm-slice=\"1 1 []\">Odwied\u017a nasz sklep internetowy <a href=\"https:\/\/mama-niemowlaka.pl\" target=\"_blank\" rel=\"noopener\"><strong>mama-niemowlaka.pl<\/strong><\/a>, gdzie znajdziesz szeroki wyb\u00f3r pajacyk\u00f3w oraz <a href=\"https:\/\/mama-niemowlaka.pl\/sklep\/ubranka-niemowlece\/\" target=\"_blank\" rel=\"noopener\"><strong>ubranek niemowl\u0119cych<\/strong><\/a> najwy\u017cszej jako\u015bci. Znajdziesz tu zar\u00f3wno pajacyki dla ch\u0142opc\u00f3w i dziewczynek. Sprawd\u017a r\u00f3\u017cne rodzaje pajacyk\u00f3w dla niemowl\u0105t dost\u0119pne w naszym sklepie i wybierz idealny pajac niemowl\u0119cy dla swojego Malucha. W naszym sklepie kupisz <a href=\"https:\/\/mama-niemowlaka.pl\/sklep\/t\/pajacyk-do-spania\/\" target=\"_blank\" rel=\"noopener\"><strong>pajace do spania<\/strong><\/a>, odpowiednie pajacyki na ch\u0142odne dni czy te\u017c pajacyki zimowe. Szczeg\u00f3lnie wygodne b\u0119d\u0105 zapinane <a href=\"https:\/\/mama-niemowlaka.pl\/sklep\/t\/pajacyki-na-zamek\/\" target=\"_blank\" rel=\"noopener\"><strong>pajacyki na zamek<\/strong><\/a>.<\/p>\n<p data-pm-slice=\"1 1 []\">Gwarantujemy wysy\u0142k\u0119 zam\u00f3wienia w ci\u0105gu 48 godzin oraz darmow\u0105 wymian\u0119 towaru lub mo\u017cliwo\u015b\u0107 zwrotu w ci\u0105gu 14 dni. Co wi\u0119cej, je\u015bli zam\u00f3wisz za minimum 249 PLN, dostawa b\u0119dzie ca\u0142kowicie darmowa.<\/p>\n<h2 data-pm-slice=\"1 1 []\"><strong>Pajacyki dla noworodk\u00f3w i niemowl\u0105t &#8211; idealny pajac dla noworodka<\/strong><\/h2>\n<p data-pm-slice=\"1 1 []\"><a href=\"https:\/\/mama-niemowlaka.pl\/sklep\/c\/ubranka-niemowlece\/pajacyki-dla-niemowlat\/\" target=\"_blank\" rel=\"noopener\"><strong>Pajacyki dla niemowlaka<\/strong><\/a> to jedno z podstawowych element\u00f3w garderoby w wyprawce dla noworodka. Wybieraj\u0105c <a href=\"https:\/\/mama-niemowlaka.pl\/sklep\/c\/ubranka-niemowlece\/pajacyki-dla-niemowlat\/\" target=\"_blank\" rel=\"noopener\"><strong>pajacyki niemowl\u0119ce<\/strong><\/a> przeznaczone dla noworodka, warto zwr\u00f3ci\u0107 uwag\u0119 na kilka kryteri\u00f3w. Przede wszystkim, materia\u0142 powinien by\u0107 mi\u0119kki, oddychaj\u0105cy i hipoalergiczny, tak jak bawe\u0142na czy bambus. Ponadto, warto wybra\u0107 modele pajacyk\u00f3w \u0142atwe w ubieraniu. Mo\u017cesz wybra\u0107 <a href=\"https:\/\/mama-niemowlaka.pl\/sklep\/t\/pajacyki-na-zamek\/\" target=\"_blank\" rel=\"noopener\"><strong>pajacyki niemowl\u0119ce zapinane na zamek<\/strong><\/a> b\u0142yskawiczny lub zatrzaski. Warto r\u00f3wnie\u017c zwr\u00f3ci\u0107 uwag\u0119 na rozmiar pajacyka oraz fason, kt\u00f3ry nie kr\u0119puje ruch\u00f3w malucha.<\/p>\n<p data-pm-slice=\"1 1 []\">Z nami skompletujesz wyprawk\u0119 dla siebie oraz swojego Maluszka. Sprawd\u017a pozosta\u0142e kolorowe pajace niemowl\u0119ce i kup wygodny pajac niemowl\u0119cy do swojej wyprawki dla noworodka. <a href=\"https:\/\/mama-niemowlaka.pl\/sklep\/t\/pajacyki-dla-noworodka\/\" target=\"_blank\" rel=\"noopener\"><strong>Pajacyki dla noworodk\u00f3w<\/strong><\/a> i niemowl\u0105t znajdziesz tutaj -&gt; <a href=\"https:\/\/mama-niemowlaka.pl\/sklep\/c\/ubranka\/pajacyki-dla-niemowlat\/\" target=\"_blank\" rel=\"noopener\"><strong>pajacyki dla niemowlaka.<\/strong><\/a><\/p>\n","protected":false},"excerpt":{"rendered":"<p data-pm-slice=\"1 1 []\">Bawe\u0142niany pajacyk dla dziecka do niemowl\u0119cej wyprawki dla ch\u0142opca. Uroczy pajac niemowl\u0119cy w zwierz\u0105tka na niebieskim tle to obowi\u0105zkowy element garderoby ka\u017cdego malucha! Wygodny pajac niemowl\u0119cy jest jednym z niezb\u0119dnych element\u00f3w garderoby ka\u017cdego Maluszka. Ten pajacyk dla niemowl\u0105t posiada wygodny fason i zosta\u0142 uszyty z mi\u0119kkiej bawe\u0142ny. Oddychaj\u0105cy, wyj\u0105tkowo wygodny i \u0142atwy w ubieraniu pajacyk niemowl\u0119cy zapewnia optymalny komfort snu, nie kr\u0119puj\u0105c ruch\u00f3w dziecka, a jednocze\u015bnie zapewniaj\u0105c \u0142atwy dost\u0119p przy zmianie pieluszki. <a href=\"https:\/\/mama-niemowlaka.pl\/sklep\/t\/pajacyki-niemowlece-dla-chlopca\/\" target=\"_blank\" rel=\"noopener\"><strong>Pajacyk niemowl\u0119cy dla ch\u0142opca<\/strong><\/a> zapinany jest na zatrzaski po\u015brodku i od kroku a\u017c do stopy. Ten \u0142atwy w ubieraniu pajacyk niemowl\u0119cy b\u0119dzie doskona\u0142ym towarzyszem podczas drzemek, codziennych zabaw lub rutynowych wizyt u lekarza. Pajacyk dla niemowl\u0105t zapewnia szybki dost\u0119p do pieluszek i umo\u017cliwia prawid\u0142owe gojenie okolicy p\u0119pka.<\/p>\n<p><a href=\"https:\/\/mama-niemowlaka.pl\/sklep\/produkt\/ubranka-niemowlece\/pajacyki-dla-niemowlat\/pajacyk-niemowlecy-dla-chlopca-niebieski\/\" target=\"_blank\" rel=\"noopener\"><strong>Pajacyk niemowl\u0119cy<\/strong><\/a> bawe\u0142niany w kolorze niebieskim dost\u0119pny jest w trzech rozmiarach: 56,62 i 68.<\/p>\n<p>Sk\u0142ad: 100% bawe\u0142na<\/p>\n","protected":false},"featured_media":9723,"template":"","meta":[],"product_brand":[],"product_cat":[59,57],"product_tag":[118,214,145,220,270,272,273,268,271,269],"class_list":{"0":"post-9711","1":"product","2":"type-product","3":"status-publish","4":"has-post-thumbnail","6":"product_cat-pajacyki-dla-niemowlat","7":"product_cat-ubranka-niemowlece","8":"product_tag-bawelna","9":"product_tag-bestseller","10":"product_tag-ubranka-dla-niemowlat-chlopca","11":"product_tag-ubranka-dla-noworodkow","12":"product_tag-pajacyk-do-spania","13":"product_tag-pajacyk-niemowlecy-62","14":"product_tag-pajacyki-68","15":"product_tag-pajacyki-dla-noworodka","16":"product_tag-pajacyki-niemowlece-56","17":"product_tag-pajacyki-niemowlece-dla-chlopca","18":"product_shipping_class-lekka","19":"pa_rozmiar-311","20":"pa_rozmiar-312","21":"pa_rozmiar-313","23":"first","24":"instock","25":"taxable","26":"shipping-taxable","27":"purchasable","28":"product-type-variable","29":"has-default-attributes","30":"wvs-archive-product-wrapper"},"_links":{"self":[{"href":"https:\/\/mama-niemowlaka.pl\/sklep\/wp-json\/wp\/v2\/product\/9711","targetHints":{"allow":["GET"]}}],"collection":[{"href":"https:\/\/mama-niemowlaka.pl\/sklep\/wp-json\/wp\/v2\/product"}],"about":[{"href":"https:\/\/mama-niemowlaka.pl\/sklep\/wp-json\/wp\/v2\/types\/product"}],"wp:featuredmedia":[{"embeddable":true,"href":"https:\/\/mama-niemowlaka.pl\/sklep\/wp-json\/wp\/v2\/media\/9723"}],"wp:attachment":[{"href":"https:\/\/mama-niemowlaka.pl\/sklep\/wp-json\/wp\/v2\/media?parent=9711"}],"wp:term":[{"taxonomy":"product_brand","embeddable":true,"href":"https:\/\/mama-niemowlaka.pl\/sklep\/wp-json\/wp\/v2\/product_brand?post=9711"},{"taxonomy":"product_cat","embeddable":true,"href":"https:\/\/mama-niemowlaka.pl\/sklep\/wp-json\/wp\/v2\/product_cat?post=9711"},{"taxonomy":"product_tag","embeddable":true,"href":"https:\/\/mama-niemowlaka.pl\/sklep\/wp-json\/wp\/v2\/product_tag?post=9711"}],"curies":[{"name":"wp","href":"https:\/\/api.w.org\/{rel}","templated":true}]}}