{"id":9743,"date":"2023-12-27T18:01:28","date_gmt":"2023-12-27T17:01:28","guid":{"rendered":"https:\/\/mama-niemowlaka.pl\/sklep\/?post_type=product&#038;p=9743"},"modified":"2026-03-17T17:32:19","modified_gmt":"2026-03-17T16:32:19","slug":"rampers-na-suwak-niebieski","status":"publish","type":"product","link":"https:\/\/mama-niemowlaka.pl\/sklep\/produkt\/ubranka-niemowlece\/pajacyki-dla-niemowlat\/rampers-na-suwak-niebieski\/","title":{"rendered":"Rampers na suwak &#8211; niebieski"},"content":{"rendered":"<h2 data-pm-slice=\"1 1 []\"><strong>Pajacyk bez st\u00f3pek zapinany na suwak<\/strong><\/h2>\n<p data-pm-slice=\"1 1 []\">Wygodny, niebieski <a href=\"https:\/\/mama-niemowlaka.pl\/sklep\/t\/rampersy\/\" target=\"_blank\" rel=\"noopener\"><strong>rampers niemowl\u0119cy<\/strong><\/a> to obowi\u0105zkowy element w wyprawce dla noworodka. <a href=\"https:\/\/mama-niemowlaka.pl\/sklep\/produkt\/ubranka-niemowlece\/pajacyki-dla-niemowlat\/rampers-na-suwak-niebieski\/\" target=\"_blank\" rel=\"noopener\"><strong>Rampers na suwak<\/strong><\/a> zosta\u0142 uszyty z mi\u0119kkiej bawe\u0142ny, dzi\u0119ki czemu jest odpowiedni dla delikatnej sk\u00f3ry niemowlaka. Bawe\u0142na to dobry materia\u0142 dla niemowl\u0105t. Ubranka dla niemowl\u0105t uszyte z bawe\u0142ny to przewiewne ubranka niemowl\u0119ce. Bawe\u0142niany rampers niemowl\u0119cy zapinany jest na zamek b\u0142yskawiczny po ca\u0142ej d\u0142ugo\u015bci ubranka. Dzi\u0119ki temu zmiana ubranka czy pieluszki jest bardzo wygodna oraz szybka. <a href=\"https:\/\/mama-niemowlaka.pl\/sklep\/produkt\/ubranka-niemowlece\/pajacyki-dla-niemowlat\/rampers-na-suwak-niebieski\/\" target=\"_blank\" rel=\"noopener\"><strong>Rampers na suwak<\/strong><\/a> posiada d\u0142ugi r\u0119kaw dzi\u0119ki czeku idealnie zapewnia komfort termiczny dziecku.<\/p>\n<p data-pm-slice=\"1 1 []\"><a href=\"https:\/\/mama-niemowlaka.pl\/sklep\/produkt\/ubranka-niemowlece\/pajacyki-dla-niemowlat\/rampers-na-suwak-niebieski\/\" target=\"_blank\" rel=\"noopener\"><strong>Rampers niemowl\u0119cy zapinany na suwak<\/strong><\/a> doskonale sprawdzi si\u0119 jako ubranko niemowl\u0119ce do zabawy w ci\u0105gu dnia. Dzi\u0119ki odkrytym st\u00f3pkom nadaje si\u0119 nawet dla maluszk\u00f3w rozpoczynaj\u0105cych swoj\u0105 przygod\u0119 z chodzeniem. Rampersy znajduj\u0105 r\u00f3wnie\u017c zastosowanie jako pi\u017camka dla niemowlaka.<\/p>\n<p data-pm-slice=\"1 1 []\">Ten uroczy, niebieski rampers niemowl\u0119cy z d\u0142ugim r\u0119kawem jest zar\u00f3wno praktyczny, jak i \u0142adny, dzi\u0119ki czemu idealnie nadaje si\u0119 jako pajacyk do spania dla niemowl\u0119cia lub do noszenia na co dzie\u0144. Nasze <a href=\"https:\/\/mama-niemowlaka.pl\/sklep\/c\/ubranka-niemowlece\/pajacyki-dla-niemowlat\/\" target=\"_blank\" rel=\"noopener\"><strong>pajacyki niemowl\u0119ce<\/strong><\/a> zosta\u0142y zaprojektowane, tak aby zapewni\u0107 Twojemu dziecku ciep\u0142o i komfort. Rampersy zapinanie na zamek to wygodne pajace niemowl\u0119ce. Kup ju\u017c dzi\u015b nasz bawe\u0142niany rampers niemowl\u0119cy i zapewnij bezpiecze\u0144stwo ma\u0142ym u\u017cytkownikom.<\/p>\n<h2 data-pm-slice=\"1 1 []\"><strong>Pajace niemowl\u0119ce w sklepie <\/strong><a href=\"http:\/\/www.mama-niemowlaka.pl\"><strong>www.mama-niemowlaka.pl<\/strong><\/a><\/h2>\n<p data-pm-slice=\"1 1 []\">Odwied\u017a nasz sklep internetowy <a href=\"http:\/\/www.mama-niemowlaka.pl\"><strong>www.mama-niemowlaka.pl<\/strong><\/a>, gdzie znajdziesz szeroki wyb\u00f3r pajacyk\u00f3w oraz <a href=\"https:\/\/mama-niemowlaka.pl\/sklep\/ubranka-niemowlece\/\" target=\"_blank\" rel=\"noopener\"><strong>ubranek niemowl\u0119cych<\/strong><\/a> najwy\u017cszej jako\u015bci. Znajdziesz tu \u015bliczne <a href=\"https:\/\/mama-niemowlaka.pl\/sklep\/c\/ubranka-niemowlece\/pajacyki-dla-niemowlat\/\" target=\"_blank\" rel=\"noopener\"><strong>pajacyki niemowl\u0119ce<\/strong><\/a> zar\u00f3wno dla ch\u0142opc\u00f3w i dziewczynek. Sprawd\u017a r\u00f3\u017cne rodzaje pajacyk\u00f3w dla niemowl\u0105t dost\u0119pne w naszym sklepie i wybierz idealny pajac niemowl\u0119cy dla swojego Malucha. W naszym sklepie kupisz <a href=\"https:\/\/mama-niemowlaka.pl\/sklep\/t\/pajacyk-do-spania\/\" target=\"_blank\" rel=\"noopener\"><strong>pajace do spania<\/strong><\/a>, <a href=\"https:\/\/mama-niemowlaka.pl\/sklep\/t\/pajacyki-na-zamek\/\" target=\"_blank\" rel=\"noopener\"><strong>pajace na zamek<\/strong><\/a>, odpowiednie pajacyki na ch\u0142odne dni, <a href=\"https:\/\/mama-niemowlaka.pl\/sklep\/c\/ubranka-niemowlece\/kombinezony-dla-niemowlat\/\" target=\"_blank\" rel=\"noopener\"><strong>kombinezony niemowl\u0119ce<\/strong><\/a> czy te\u017c <a href=\"https:\/\/mama-niemowlaka.pl\/sklep\/t\/rampersy\/\" target=\"_blank\" rel=\"noopener\"><strong>rampersy<\/strong><\/a> z kr\u00f3tkim r\u0119kawem. Szczeg\u00f3lnie wygodne b\u0119d\u0105 zapinane pajacyki na zamek b\u0142yskawiczny.<\/p>\n<p data-pm-slice=\"1 1 []\">Gwarantujemy wysy\u0142k\u0119 zam\u00f3wienia w ci\u0105gu 48 godzin oraz darmow\u0105 wymian\u0119 towaru lub mo\u017cliwo\u015b\u0107 zwrotu w ci\u0105gu 14 dni. Co wi\u0119cej, je\u015bli zam\u00f3wisz za minimum 249 PLN, dostawa b\u0119dzie ca\u0142kowicie darmowa.<\/p>\n<p data-pm-slice=\"1 1 []\">Sprawd\u017a pozosta\u0142e rampersy niemowl\u0119ce i kup wygodny pajac niemowl\u0119cy do swojej <a href=\"https:\/\/mama-niemowlaka.pl\/sklep\/c\/ubranka-niemowlece\/wyprawka-dla-noworodka\/\" target=\"_blank\" rel=\"noopener\"><strong>wyprawki niemowl\u0119cej<\/strong><\/a>. Pozosta\u0142e bawe\u0142niane pajacyki niemowl\u0119ce i rampersy znajdziesz w kategorii <a href=\"https:\/\/mama-niemowlaka.pl\/sklep\/c\/ubranka\/pajacyki-dla-niemowlat\/\" target=\"_blank\" rel=\"noopener\"><strong>pajacyki dla niemowlaka.<\/strong><\/a><\/p>\n","protected":false},"excerpt":{"rendered":"<p data-pm-slice=\"1 1 []\">Bawe\u0142niany, <a href=\"https:\/\/mama-niemowlaka.pl\/sklep\/produkt\/ubranka-niemowlece\/pajacyki-dla-niemowlat\/rampers-na-suwak-niebieski\/\" target=\"_blank\" rel=\"noopener\"><strong>rampers na suwak<\/strong><\/a> dla ch\u0142opca w kolorze niebieskim. Rampers niemowl\u0119cy zapinany na suwak wykonano z mi\u0119kkiej i oddychaj\u0105cej bawe\u0142ny w jednolitym, niebieskim kolorze. Nogawki i r\u0119kawy zosta\u0142y wyko\u0144czone wygodnym \u015bci\u0105gaczem, dzi\u0119ki czemu si\u0119 nie podwijaj\u0105. Zapinanie na zamek jest wygodnym rozwi\u0105zaniem zar\u00f3wno dla dzieci jak i dla rodzic\u00f3w. Zamek b\u0142yskawiczny podszyto bawe\u0142nian\u0105 plis\u0105, a przy szyi os\u0142oni\u0119to bawe\u0142nianym p\u0142atkiem dla zapewnienia dziecku jak najwi\u0119kszego komfortu.<\/p>\n<p>Niebieski rampers na suwak wyst\u0119puje w czterech rozmiarach: 62, 68, 74 i 80.<\/p>\n<p>Sk\u0142ad: 100% bawe\u0142na<\/p>\n","protected":false},"featured_media":9736,"template":"","meta":[],"product_brand":[],"product_cat":[59,57],"product_tag":[118,145,355,220,277,270,272,273,275,276,280,269,235],"class_list":{"0":"post-9743","1":"product","2":"type-product","3":"status-publish","4":"has-post-thumbnail","6":"product_cat-pajacyki-dla-niemowlat","7":"product_cat-ubranka-niemowlece","8":"product_tag-bawelna","9":"product_tag-ubranka-dla-niemowlat-chlopca","10":"product_tag-letnie-ubranka-dla-niemowlat","11":"product_tag-ubranka-dla-noworodkow","12":"product_tag-pajacyk-80","13":"product_tag-pajacyk-do-spania","14":"product_tag-pajacyk-niemowlecy-62","15":"product_tag-pajacyki-68","16":"product_tag-pajacyki-74","17":"product_tag-pajacyki-bez-stopek","18":"product_tag-pajacyki-na-zamek","19":"product_tag-pajacyki-niemowlece-dla-chlopca","20":"product_tag-rampersy","21":"product_shipping_class-lekka","22":"pa_rozmiar-312","23":"pa_rozmiar-313","24":"pa_rozmiar-314","25":"pa_rozmiar-315","27":"first","28":"instock","29":"taxable","30":"shipping-taxable","31":"purchasable","32":"product-type-variable","33":"has-default-attributes","34":"wvs-archive-product-wrapper"},"_links":{"self":[{"href":"https:\/\/mama-niemowlaka.pl\/sklep\/wp-json\/wp\/v2\/product\/9743","targetHints":{"allow":["GET"]}}],"collection":[{"href":"https:\/\/mama-niemowlaka.pl\/sklep\/wp-json\/wp\/v2\/product"}],"about":[{"href":"https:\/\/mama-niemowlaka.pl\/sklep\/wp-json\/wp\/v2\/types\/product"}],"wp:featuredmedia":[{"embeddable":true,"href":"https:\/\/mama-niemowlaka.pl\/sklep\/wp-json\/wp\/v2\/media\/9736"}],"wp:attachment":[{"href":"https:\/\/mama-niemowlaka.pl\/sklep\/wp-json\/wp\/v2\/media?parent=9743"}],"wp:term":[{"taxonomy":"product_brand","embeddable":true,"href":"https:\/\/mama-niemowlaka.pl\/sklep\/wp-json\/wp\/v2\/product_brand?post=9743"},{"taxonomy":"product_cat","embeddable":true,"href":"https:\/\/mama-niemowlaka.pl\/sklep\/wp-json\/wp\/v2\/product_cat?post=9743"},{"taxonomy":"product_tag","embeddable":true,"href":"https:\/\/mama-niemowlaka.pl\/sklep\/wp-json\/wp\/v2\/product_tag?post=9743"}],"curies":[{"name":"wp","href":"https:\/\/api.w.org\/{rel}","templated":true}]}}