{"id":9744,"date":"2023-09-16T18:02:08","date_gmt":"2023-09-16T16:02:08","guid":{"rendered":"https:\/\/mama-niemowlaka.pl\/sklep\/?post_type=product&#038;p=9744"},"modified":"2026-02-27T11:24:01","modified_gmt":"2026-02-27T10:24:01","slug":"welurowe-body-niemowlece-z-dlugim-rekawem","status":"publish","type":"product","link":"https:\/\/mama-niemowlaka.pl\/sklep\/produkt\/ubranka-niemowlece\/body-niemowlece\/welurowe-body-niemowlece-z-dlugim-rekawem\/","title":{"rendered":"Welurowe body niemowl\u0119ce ciep\u0142e z d\u0142ugim r\u0119kawem"},"content":{"rendered":"<h2 data-pm-slice=\"1 1 []\">Ubranka niemowl\u0119ce welurowe &#8211; welurowe body niemowl\u0119ce wygodne i bezpieczne<\/h2>\n<p>Welurowe ubranko dla dziecka to nie tylko welurowe dresiki niemowl\u0119ce. Sprawd\u017a nasz\u0105 propozycj\u0119 &#8211; welurowe body dla niemowl\u0105t. To welurowe body niemowl\u0119ce bezpieczne nawet dla noworodka. Do uszycia naszego niemowl\u0119cego body z weluru zosta\u0142 u\u017cyty welur bawe\u0142niany &#8211; dzi\u0119ki du\u017cej zawarto\u015bci bawe\u0142ny jest niezwykle delikatny i bezpieczny dla sk\u00f3ry dziecka.<\/p>\n<h2>Ciep\u0142e body dla dzieci &#8211; body welurowe dziewcz\u0119ce i ch\u0142opi\u0119ce<\/h2>\n<p>Pierwsza zima maluszka mo\u017ce okaza\u0107 si\u0119 wyzwaniem &#8211; nie jeste\u015bmy pewni co zapewni mu odpowiedni komfort. Ciep\u0142e ubranka niemowl\u0119ce welurowe doskonale sprawdz\u0105 si\u0119 w ch\u0142odniejsze dni, a tak\u017ce jako jedna z warstw ubranek na zimowym spacerze. Niemowl\u0119ce body z d\u0142ugim r\u0119kawem doskonale sprawdzi si\u0119 na ka\u017cd\u0105 pogod\u0119. Nasze welurowe body niemowl\u0119ce mo\u017cesz po\u0142\u0105czy\u0107 z p\u00f3\u0142\u015bpiochami, legginsami dla niemowlaka, a tak\u017ce mo\u017cesz je ubra\u0107 pod cieplejsze dresy welurowe niemowl\u0119ce lub kombinezon niemowl\u0119cy. Welurowe body b\u0119d\u0105 idealne r\u00f3wnie\u017c dla noworodka. Delikatny, mi\u0119ciutki materia\u0142 zapewni komfort i ciep\u0142o dla Twojego maluszka.<\/p>\n<h2>Dlaczego warto kupi\u0107 ubranka niemowl\u0119ce w sklepie <a href=\"https:\/\/www.mama-niemowlaka.pl\">mama-niemowlaka.pl<\/a>?<\/h2>\n<p>Odwied\u017a nasz sklep internetowy <a href=\"https:\/\/www.mama-niemowlaka.pl\">mama-niemowlaka.pl<\/a>, gdzie znajdziesz szeroki wyb\u00f3r najwy\u017cszej jako\u015bci ubranek niemowl\u0119cych. Gwarantujemy wysy\u0142k\u0119 zam\u00f3wienia w ci\u0105gu 48 godzin oraz darmow\u0105 wymian\u0119 towaru lub mo\u017cliwo\u015b\u0107 zwrotu w ci\u0105gu 14 dni. Co wi\u0119cej, je\u015bli zam\u00f3wisz za minimum 249 PLN, dostawa b\u0119dzie ca\u0142kowicie darmowa.<\/p>\n<p>Nasze body dla dzieci to nie tylko welurowe body dla niemowl\u0105t. Sprawd\u017a pozosta\u0142e body dla dzieci w kategorii <a href=\"https:\/\/mama-niemowlaka.pl\/sklep\/c\/ubranka\/body\/\" target=\"_blank\" rel=\"noopener\"><strong>body dla niemowl\u0105t.<\/strong><\/a><\/p>\n<p>Dbamy o wygod\u0119 i bezpiecze\u0144stwo Twojego dziecka, dlatego nasze produkty s\u0105 starannie wyselekcjonowane. Nie tra\u0107 wi\u0119cej czasu na przeszukiwanie innych sklep\u00f3w \u2013 <a href=\"https:\/\/www.mama-niemowlaka.pl\">mama-niemowlaka.pl<\/a> ma wszystko, czego potrzebujesz!<\/p>\n<p>Skorzystaj teraz z naszych us\u0142ug i sprawd\u017a nasz\u0105 ofert\u0119 ubranek dla niemowlaka ju\u017c dzi\u015b! Wybierz wygodne ubranka dla niemowlaka.<\/p>\n","protected":false},"excerpt":{"rendered":"<p data-pm-slice=\"1 1 []\">Uniwersalne welurowe body niemowl\u0119ce z d\u0142ugim r\u0119kawem wykonane z mi\u0119ciutkiego i mi\u0119sistego weluru. Welur na zewn\u0119trznej warstwie jest aksamitny i delikatny, a warstwa wewn\u0119trzna jest g\u0142adka idealna dla sk\u00f3ry dziecka. Dzi\u0119ki du\u017cej zawarto\u015bci bawe\u0142ny, nasz welur jest bardzo dobrze tolerowany nawet przez najm\u0142odsze dzieci. Body niemowl\u0119ce zapinane jest na ramieniu i w kroczku na bezniklowe, antyalergiczne napki. S\u0105 one bezpieczne dla sk\u00f3ry niemowlaka. Ubranko dla niemowlaka ma d\u0142ugi r\u0119kaw. Kolory s\u0105 stonowane dzi\u0119ki czemu sprawdzi si\u0119 zar\u00f3wno dla ch\u0142opca jak i dziewczynki.<\/p>\n<p>Welurowe body niemowl\u0119ce s\u0105 dost\u0119pne w pi\u0119ciu rozmiarach: 56, 62, 68, 74 i 80.<\/p>\n<p>Sk\u0142ad: 80% bawe\u0142na, 20% poliester<\/p>\n","protected":false},"featured_media":9749,"template":"","meta":[],"product_brand":[],"product_cat":[137,57],"product_tag":[161,250,252,247,145,152,220],"class_list":{"0":"post-9744","1":"product","2":"type-product","3":"status-publish","4":"has-post-thumbnail","6":"product_cat-body-niemowlece","7":"product_cat-ubranka-niemowlece","8":"product_tag-body-dla-niemowlat","9":"product_tag-body-dla-chlopca","10":"product_tag-body-dla-noworodka","11":"product_tag-body-z-dlugim-rekawem","12":"product_tag-ubranka-dla-niemowlat-chlopca","13":"product_tag-ubranka-dla-niemowlat-dziewczynek","14":"product_tag-ubranka-dla-noworodkow","15":"product_shipping_class-lekka","16":"pa_rozmiar-311","17":"pa_rozmiar-312","18":"pa_rozmiar-313","19":"pa_rozmiar-314","20":"pa_rozmiar-315","22":"first","23":"instock","24":"taxable","25":"shipping-taxable","26":"purchasable","27":"product-type-variable","28":"has-default-attributes","29":"wvs-archive-product-wrapper"},"_links":{"self":[{"href":"https:\/\/mama-niemowlaka.pl\/sklep\/wp-json\/wp\/v2\/product\/9744","targetHints":{"allow":["GET"]}}],"collection":[{"href":"https:\/\/mama-niemowlaka.pl\/sklep\/wp-json\/wp\/v2\/product"}],"about":[{"href":"https:\/\/mama-niemowlaka.pl\/sklep\/wp-json\/wp\/v2\/types\/product"}],"wp:featuredmedia":[{"embeddable":true,"href":"https:\/\/mama-niemowlaka.pl\/sklep\/wp-json\/wp\/v2\/media\/9749"}],"wp:attachment":[{"href":"https:\/\/mama-niemowlaka.pl\/sklep\/wp-json\/wp\/v2\/media?parent=9744"}],"wp:term":[{"taxonomy":"product_brand","embeddable":true,"href":"https:\/\/mama-niemowlaka.pl\/sklep\/wp-json\/wp\/v2\/product_brand?post=9744"},{"taxonomy":"product_cat","embeddable":true,"href":"https:\/\/mama-niemowlaka.pl\/sklep\/wp-json\/wp\/v2\/product_cat?post=9744"},{"taxonomy":"product_tag","embeddable":true,"href":"https:\/\/mama-niemowlaka.pl\/sklep\/wp-json\/wp\/v2\/product_tag?post=9744"}],"curies":[{"name":"wp","href":"https:\/\/api.w.org\/{rel}","templated":true}]}}