{"id":9762,"date":"2023-09-20T00:21:56","date_gmt":"2023-09-19T22:21:56","guid":{"rendered":"https:\/\/mama-niemowlaka.pl\/sklep\/?post_type=product&#038;p=9762"},"modified":"2025-11-01T13:28:50","modified_gmt":"2025-11-01T12:28:50","slug":"pajac-niemowlecy-dla-dziewczynki-rozowy","status":"publish","type":"product","link":"https:\/\/mama-niemowlaka.pl\/sklep\/produkt\/ubranka-niemowlece\/pajacyki-dla-niemowlat\/pajac-niemowlecy-dla-dziewczynki-rozowy\/","title":{"rendered":"Pajacyk niemowl\u0119cy bawe\u0142niany &#8211; r\u00f3\u017cowy"},"content":{"rendered":"<h2 data-pm-slice=\"1 1 []\"><strong>Pajac niemowl\u0119cy &#8211; Pajacyki niemowl\u0119ce dla dziewczynki<\/strong><\/h2>\n<p data-pm-slice=\"1 1 []\">Nasz <a href=\"https:\/\/mama-niemowlaka.pl\/sklep\/produkt\/ubranka-niemowlece\/pajacyki-dla-niemowlat\/pajac-niemowlecy-dla-dziewczynki-rozowy\/\" target=\"_blank\" rel=\"noopener\"><strong>pajac dla dziecka<\/strong><\/a> zapewnia najwy\u017cszy komfort delikatnej sk\u00f3rze Twojego dziecka dzi\u0119ki mi\u0119kkiej tkaninie jak\u0105 jest przyjemna bawe\u0142na. To idealny pajac niemowl\u0119cy dla Twojej c\u00f3rki. Ten pajac jest zar\u00f3wno praktyczny, jak i \u0142adny, dzi\u0119ki czemu idealnie nadaje si\u0119 na pi\u017camy do spania jako <a href=\"https:\/\/mama-niemowlaka.pl\/sklep\/t\/pajacyk-do-spania\/\" target=\"_blank\" rel=\"noopener\"><strong>pajac pi\u017cama<\/strong><\/a> lub do noszenia na co dzie\u0144.<\/p>\n<p data-pm-slice=\"1 1 []\">Nasze <a href=\"https:\/\/mama-niemowlaka.pl\/sklep\/t\/pajacyki-dla-dziewczynek\/\" target=\"_blank\" rel=\"noopener\"><strong>pajace niemowl\u0119ce dla dziewczynki<\/strong><\/a> zosta\u0142y zaprojektowane, tak aby zapewni\u0107 Twojemu dziecku ciep\u0142o i komfort, zapewnia tak\u017ce wygod\u0119 ma\u0142ym st\u00f3pkom. Hipoalergiczne, niezawieraj\u0105ce niklu zatrzaski nie tylko k\u0142ad\u0105 nacisk na bezpiecze\u0144stwo Twojego dziecka, ale tak\u017ce sprawiaj\u0105, \u017ce jest to \u0142atwy w ubieraniu pajacyk niemowl\u0119cy. Wykonany z czystej bawe\u0142ny, delikatnej dla delikatnej sk\u00f3ry dziecka. Nasze <a href=\"https:\/\/mama-niemowlaka.pl\/sklep\/t\/pajacyki-dla-dziewczynek\/\" target=\"_blank\" rel=\"noopener\"><strong>pajace dla dziewczynki<\/strong><\/a> s\u0105 wyj\u0105tkowo przyjazne dla Twojego malucha. Ciesz si\u0119 idealnym po\u0142\u0105czeniem stylu i wygody dzi\u0119ki naszemu bawe\u0142nianemu \u015bpioszkowi dzieci\u0119cemu.<\/p>\n<h2 data-pm-slice=\"1 1 []\"><strong>Szukasz pajacyk\u00f3w niemowl\u0119cych?<\/strong><\/h2>\n<h2><strong>Kup wygodne pajacyki dla niemowlaka w sklepie <\/strong><a href=\"https:\/\/mama-niemowlaka.pl\/sklep\/\" target=\"_blank\" rel=\"noopener\"><strong>mama-niemowlaka.pl<\/strong><\/a><\/h2>\n<p data-pm-slice=\"1 1 []\">Odwied\u017a nasz sklep internetowy <a href=\"https:\/\/mama-niemowlaka.pl\/sklep\/\" target=\"_blank\" rel=\"noopener\"><strong>mama-niemowlaka.pl<\/strong><\/a>, gdzie znajdziesz szeroki wyb\u00f3r pajacyk\u00f3w oraz <a href=\"https:\/\/mama-niemowlaka.pl\/sklep\/ubranka-niemowlece\/\" target=\"_blank\" rel=\"noopener\"><strong>ubranek niemowl\u0119cych<\/strong><\/a> najwy\u017cszej jako\u015bci. Znajdziesz tu zar\u00f3wno <a href=\"https:\/\/mama-niemowlaka.pl\/sklep\/t\/pajacyki-dla-dziewczynek\/\" target=\"_blank\" rel=\"noopener\"><strong>pajace niemowl\u0119ce dla dziewczynki<\/strong><\/a> jak i <a href=\"https:\/\/mama-niemowlaka.pl\/sklep\/t\/pajacyki-niemowlece-dla-chlopca\/\" target=\"_blank\" rel=\"noopener\"><strong>pajacyki niemowl\u0119ce dla ch\u0142opca<\/strong><\/a>. Sprawd\u017a r\u00f3\u017cne rodzaje pajacyk\u00f3w dla niemowl\u0105t dost\u0119pne w naszym sklepie i wybierz idealny pajac niemowl\u0119cy dla swojego Malucha. Gwarantujemy wysy\u0142k\u0119 zam\u00f3wienia w ci\u0105gu 48 godzin oraz darmow\u0105 wymian\u0119 towaru lub mo\u017cliwo\u015b\u0107 zwrotu w ci\u0105gu 14 dni. Co wi\u0119cej, je\u015bli zam\u00f3wisz za minimum 249 PLN, dostawa b\u0119dzie ca\u0142kowicie darmowa.<\/p>\n<h2 data-pm-slice=\"1 1 []\"><strong>Pajacyki dla noworodk\u00f3w i niemowl\u0105t &#8211; pajace niemowl\u0119ce dla dziewczynki<\/strong><\/h2>\n<p data-pm-slice=\"1 1 []\"><a href=\"https:\/\/mama-niemowlaka.pl\/sklep\/c\/ubranka-niemowlece\/pajacyki-dla-niemowlat\/\" target=\"_blank\" rel=\"noopener\"><strong>Pajacyki dla niemowlaka<\/strong><\/a> to jedno z podstawowych element\u00f3w garderoby w wyprawce dla noworodka. Z nami skompletujesz wyprawk\u0119 dla siebie oraz swojego Maluszka. Sprawd\u017a pozosta\u0142e <a href=\"https:\/\/mama-niemowlaka.pl\/sklep\/t\/pajacyki-dla-dziewczynek\/\" target=\"_blank\" rel=\"noopener\"><strong>pajacyki niemowl\u0119ce dla dziewczynki<\/strong><\/a> i kup wygodny pajac niemowl\u0119cy do swojej wyprawki dla noworodka. <a href=\"https:\/\/mama-niemowlaka.pl\/sklep\/t\/pajacyki-dla-noworodka\/\" target=\"_blank\" rel=\"noopener\"><strong>Pajacyki dla noworodk\u00f3w<\/strong><\/a> i niemowl\u0105t znajdziesz tutaj -&gt; <a href=\"https:\/\/mama-niemowlaka.pl\/sklep\/c\/ubranka\/pajacyki-dla-niemowlat\/\" target=\"_blank\" rel=\"noopener\"><strong>pajacyki dla niemowlaka.<\/strong><\/a><\/p>\n","protected":false},"excerpt":{"rendered":"<p>Bawe\u0142niany pajac dla dziecka do niemowl\u0119cej wyprawki dla dziewczynki. Uroczy pajac niemowl\u0119cy w delikatne kwiatki na r\u00f3\u017cowym tle to obowi\u0105zkowy element garderoby ka\u017cdego malucha! Wygodny pajac niemowl\u0119cy jest jednym z niezb\u0119dnych element\u00f3w garderoby ka\u017cdego Maluszka. Ten pajac posiada wygodny fason i zosta\u0142 uszyty z mi\u0119kkiej bawe\u0142ny. Oddychaj\u0105cy, wyj\u0105tkowo wygodny i \u0142atwy w ubieraniu pajacyk niemowl\u0119cy zapewnia optymalny komfort snu, nie kr\u0119puj\u0105c ruch\u00f3w dziecka, a jednocze\u015bnie zapewniaj\u0105c \u0142atwy dost\u0119p przy zmianie pieluszki. Pajac niemowl\u0119cy dla dziewczynki zapinany jest na zatrzaski po\u015brodku i od kroku a\u017c do stopy. Ten \u0142atwy w ubieraniu pajacyk niemowl\u0119cy b\u0119dzie doskona\u0142ym towarzyszem podczas drzemek, codziennych zabaw lub rutynowych wizyt u lekarza. Pajacyk niemowl\u0119cy zapewnia szybki dost\u0119p do pieluszek i umo\u017cliwia prawid\u0142owe gojenie okolicy p\u0119pka.<\/p>\n<p>Pajac niemowl\u0119cy bawe\u0142niany w kolorze r\u00f3\u017cowym dost\u0119pny jest w trzech rozmiarach: 56,62 i 68.<\/p>\n<p>Pajacyk uszyty ze 100% mi\u0119kkiej bawe\u0142ny.<\/p>\n","protected":false},"featured_media":9722,"template":"","meta":[],"product_brand":[],"product_cat":[59,57],"product_tag":[118,214,152,220,270,272,273,274,268,271],"class_list":{"0":"post-9762","1":"product","2":"type-product","3":"status-publish","4":"has-post-thumbnail","6":"product_cat-pajacyki-dla-niemowlat","7":"product_cat-ubranka-niemowlece","8":"product_tag-bawelna","9":"product_tag-bestseller","10":"product_tag-ubranka-dla-niemowlat-dziewczynek","11":"product_tag-ubranka-dla-noworodkow","12":"product_tag-pajacyk-do-spania","13":"product_tag-pajacyk-niemowlecy-62","14":"product_tag-pajacyki-68","15":"product_tag-pajacyki-dla-dziewczynek","16":"product_tag-pajacyki-dla-noworodka","17":"product_tag-pajacyki-niemowlece-56","18":"product_shipping_class-lekka","19":"pa_rozmiar-311","20":"pa_rozmiar-312","21":"pa_rozmiar-313","23":"first","24":"instock","25":"taxable","26":"shipping-taxable","27":"purchasable","28":"product-type-variable","29":"has-default-attributes","30":"wvs-archive-product-wrapper"},"_links":{"self":[{"href":"https:\/\/mama-niemowlaka.pl\/sklep\/wp-json\/wp\/v2\/product\/9762","targetHints":{"allow":["GET"]}}],"collection":[{"href":"https:\/\/mama-niemowlaka.pl\/sklep\/wp-json\/wp\/v2\/product"}],"about":[{"href":"https:\/\/mama-niemowlaka.pl\/sklep\/wp-json\/wp\/v2\/types\/product"}],"wp:featuredmedia":[{"embeddable":true,"href":"https:\/\/mama-niemowlaka.pl\/sklep\/wp-json\/wp\/v2\/media\/9722"}],"wp:attachment":[{"href":"https:\/\/mama-niemowlaka.pl\/sklep\/wp-json\/wp\/v2\/media?parent=9762"}],"wp:term":[{"taxonomy":"product_brand","embeddable":true,"href":"https:\/\/mama-niemowlaka.pl\/sklep\/wp-json\/wp\/v2\/product_brand?post=9762"},{"taxonomy":"product_cat","embeddable":true,"href":"https:\/\/mama-niemowlaka.pl\/sklep\/wp-json\/wp\/v2\/product_cat?post=9762"},{"taxonomy":"product_tag","embeddable":true,"href":"https:\/\/mama-niemowlaka.pl\/sklep\/wp-json\/wp\/v2\/product_tag?post=9762"}],"curies":[{"name":"wp","href":"https:\/\/api.w.org\/{rel}","templated":true}]}}