{"id":9763,"date":"2023-09-21T00:27:39","date_gmt":"2023-09-20T22:27:39","guid":{"rendered":"https:\/\/mama-niemowlaka.pl\/sklep\/?post_type=product&#038;p=9763"},"modified":"2025-01-10T23:17:15","modified_gmt":"2025-01-10T22:17:15","slug":"pajac-niemowlecy-dla-dziewczynki-bez","status":"publish","type":"product","link":"https:\/\/mama-niemowlaka.pl\/sklep\/produkt\/ubranka-niemowlece\/pajacyki-dla-niemowlat\/pajac-niemowlecy-dla-dziewczynki-bez\/","title":{"rendered":"Pajac niemowl\u0119cy dla dziewczynki &#8211; be\u017cowy"},"content":{"rendered":"<h2 data-pm-slice=\"1 1 []\"><strong>Pajace dla niemowl\u0105t &#8211; wygodny pajac dzieci\u0119cy dla dziewczynki<\/strong><\/h2>\n<p data-pm-slice=\"1 1 []\">Nasz <a href=\"https:\/\/mama-niemowlaka.pl\/sklep\/produkt\/ubranka-niemowlece\/pajacyki-dla-niemowlat\/pajac-niemowlecy-dla-dziewczynki-bez\/\" target=\"_blank\" rel=\"noopener\"><strong>pajac niemowl\u0119cy<\/strong><\/a> dla dziewczynki zapewnia najwy\u017cszy komfort delikatnej sk\u00f3rze Twojego dziecka dzi\u0119ki mi\u0119kkiej tkaninie jak\u0105 jest przyjemna bawe\u0142na. To idealny pajac niemowl\u0119cy dla Twojej c\u00f3rki. Ten pajac dla dziewczynki jest zar\u00f3wno praktyczny, jak i \u0142adny, dzi\u0119ki czemu idealnie nadaje si\u0119 jako <a href=\"https:\/\/mama-niemowlaka.pl\/sklep\/t\/pajacyk-do-spania\/\" target=\"_blank\" rel=\"noopener\"><strong>pajac niemowl\u0119cy do spania<\/strong><\/a> lub do noszenia na co dzie\u0144.<\/p>\n<p data-pm-slice=\"1 1 []\">Nasze prze\u015bliczne <a href=\"https:\/\/mama-niemowlaka.pl\/sklep\/c\/ubranka-niemowlece\/pajacyki-dla-niemowlat\/\" target=\"_blank\" rel=\"noopener\"><strong>pajacyki niemowl\u0119ce<\/strong><\/a> dla dziewczynki zosta\u0142y zaprojektowane, tak aby zapewni\u0107 Twojemu dziecku ciep\u0142o i komfort. <a href=\"https:\/\/mama-niemowlaka.pl\/sklep\/t\/pajacyki-dla-dziewczynek\/\" target=\"_blank\" rel=\"noopener\"><strong>Pajacyk dla dziewczynki<\/strong><\/a> posiada zabudowane st\u00f3pki, dzi\u0119ki czemu chroni ma\u0142e n\u00f3\u017cki przed ch\u0142odem Hipoalergiczne, niezawieraj\u0105ce niklu zatrzaski nie tylko k\u0142ad\u0105 nacisk na bezpiecze\u0144stwo Twojego dziecka, ale tak\u017ce sprawiaj\u0105, \u017ce jest to \u0142atwy w ubieraniu pajacyk dla dziecka. Wykonany z czystej bawe\u0142ny, delikatnej dla delikatnej sk\u00f3ry dziecka.<\/p>\n<p data-pm-slice=\"1 1 []\">Nasze <a href=\"https:\/\/mama-niemowlaka.pl\/sklep\/t\/pajacyki-dla-dziewczynek\/\" target=\"_blank\" rel=\"noopener\"><strong>pajace dla dziewczynki<\/strong><\/a> s\u0105 wyj\u0105tkowo przyjazne dla Twojego malucha. Ciesz si\u0119 idealnym po\u0142\u0105czeniem stylu i wygody kupuj\u0105c ten prze\u015bliczny pajacyk niemowl\u0119cy.<\/p>\n<h2 data-pm-slice=\"1 1 []\"><strong>Szukasz pajacyk\u00f3w dla niemowlaka?<\/strong><\/h2>\n<h2><strong>Kup wygodne pajacyki dla niemowl\u0105t w sklepie <\/strong><a href=\"https:\/\/mama-niemowlaka.pl\" target=\"_blank\" rel=\"noopener\"><strong>mama-niemowlaka.pl<\/strong><\/a><\/h2>\n<p data-pm-slice=\"1 1 []\">Odwied\u017a nasz sklep internetowy <a href=\"https:\/\/mama-niemowlaka.pl\" target=\"_blank\" rel=\"noopener\">mama-niemowlaka.pl<\/a>, gdzie znajdziesz szeroki wyb\u00f3r pajacyk\u00f3w oraz <a href=\"https:\/\/mama-niemowlaka.pl\/sklep\/ubranka-niemowlece\/\" target=\"_blank\" rel=\"noopener\"><strong>ubranek niemowl\u0119cych<\/strong><\/a> najwy\u017cszej jako\u015bci. Znajdziesz tu szeroki wyb\u00f3r <a href=\"https:\/\/mama-niemowlaka.pl\/sklep\/c\/ubranka-niemowlece\/pajacyki-dla-niemowlat\/\" target=\"_blank\" rel=\"noopener\"><strong>pajacyk\u00f3w dla niemowl\u0105t<\/strong><\/a> zar\u00f3wno <a href=\"https:\/\/mama-niemowlaka.pl\/sklep\/t\/pajacyki-dla-dziewczynek\/\" target=\"_blank\" rel=\"noopener\"><strong>pajacyki dla dziewczynek<\/strong><\/a> jak i <a href=\"https:\/\/mama-niemowlaka.pl\/sklep\/t\/pajacyki-niemowlece-dla-chlopca\/\" target=\"_blank\" rel=\"noopener\"><strong>pajacyki dla ch\u0142opc\u00f3w<\/strong><\/a>. W naszej ofercie znajdziesz pajacyki z kr\u00f3tkim r\u0119kawem, pajacyki na zamek, pajacyki na ch\u0142odne dni, pajacyki zimowe, pajacyki do zabawy, <a href=\"https:\/\/mama-niemowlaka.pl\/sklep\/t\/pajacyk-do-spania\/\" target=\"_blank\" rel=\"noopener\"><strong>pajace niemowl\u0119ce do spania<\/strong><\/a>, ciep\u0142e pajace niemowl\u0119ce i wiele innych.<\/p>\n<p data-pm-slice=\"1 1 []\">Sprawd\u017a r\u00f3\u017cne rodzaje pajacyk\u00f3w dla niemowl\u0105t dost\u0119pne w naszym sklepie i wybierz idealny pajac niemowl\u0119cy dla swojego Malucha. Wszystkie pajacyki niemowl\u0119ce w naszym sklepie s\u0105 wykonane z bezpiecznych i delikatnych materia\u0142\u00f3w, tak aby chroni\u0107 sk\u00f3r\u0119 Twojego Malucha. Gwarantujemy wysy\u0142k\u0119 zam\u00f3wienia w ci\u0105gu 48 godzin oraz darmow\u0105 wymian\u0119 towaru lub mo\u017cliwo\u015b\u0107 zwrotu w ci\u0105gu 14 dni. Co wi\u0119cej, je\u015bli zam\u00f3wisz za minimum 249 PLN, dostawa b\u0119dzie ca\u0142kowicie darmowa.<\/p>\n<h2 data-pm-slice=\"1 1 []\"><strong>Pajacyki dla noworodk\u00f3w i niemowl\u0105t &#8211; pajacyki niemowl\u0119ce dla dziewczynki<\/strong><\/h2>\n<p data-pm-slice=\"1 1 []\"><a href=\"https:\/\/mama-niemowlaka.pl\/sklep\/c\/ubranka-niemowlece\/pajacyki-dla-niemowlat\/\" target=\"_blank\" rel=\"noopener\"><strong>Pajacyki dla niemowlaka<\/strong><\/a> to jedno z podstawowych element\u00f3w garderoby w wyprawce dla noworodka. A pajace dla dzieci w klasycznych kolorach to niezb\u0119dne elementy ka\u017cdej dzieci\u0119cej szafy. Z nami skompletujesz wyprawk\u0119 dla siebie oraz swojego Maluszka. Sprawd\u017a pozosta\u0142e pajacyki dla niemowl\u0105t i kup wygodny pajac niemowl\u0119cy do swojej wyprawki dla noworodka. <a href=\"https:\/\/mama-niemowlaka.pl\/sklep\/t\/pajacyki-dla-noworodka\/\" target=\"_blank\" rel=\"noopener\"><strong>Pajacyki dla noworodk\u00f3w<\/strong><\/a> i niemowl\u0105t znajdziesz tutaj -&gt; <a href=\"https:\/\/mama-niemowlaka.pl\/sklep\/c\/ubranka-niemowlece\/pajacyki-dla-niemowlat\/\" target=\"_blank\" rel=\"noopener\"><strong>pajacyki dla niemowlaka.<\/strong><\/a><\/p>\n","protected":false},"excerpt":{"rendered":"<p data-pm-slice=\"1 1 []\">Bawe\u0142niany <a href=\"https:\/\/mama-niemowlaka.pl\/sklep\/produkt\/ubranka-niemowlece\/pajacyki-dla-niemowlat\/pajac-niemowlecy-dla-dziewczynki-bez\/\" target=\"_blank\" rel=\"noopener\"><strong>pajac niemowl\u0119cy<\/strong><\/a> to <a href=\"https:\/\/mama-niemowlaka.pl\/sklep\/ubranka-niemowlece\/\" target=\"_blank\" rel=\"noopener\"><strong>ubranko niemowl\u0119ce<\/strong><\/a> s\u0142u\u017c\u0105ce dzieciom od pierwszych chwil. Prze\u015bliczny pajacyk niemowl\u0119cy w delikatne kwiatki na be\u017cowym tle to obowi\u0105zkowy element garderoby ka\u017cdego malucha! Wygodny pajac niemowl\u0119cy zosta\u0142 uszyty z mi\u0119kkiej bawe\u0142ny. Oddychaj\u0105cy, wyj\u0105tkowo wygodny i \u0142atwy w ubieraniu pajacyk niemowl\u0119cy zapewnia optymalny komfort snu, nie kr\u0119puj\u0105c ruch\u00f3w dziecka, a jednocze\u015bnie zapewniaj\u0105c \u0142atwy dost\u0119p przy zmianie pieluszki. Pajacyk niemowl\u0119cy dla dziewczynki zapinany jest na zatrzaski po\u015brodku i od kroku a\u017c do stopy. Ten \u0142atwy w ubieraniu pajacyk dla dziewczynek b\u0119dzie doskona\u0142ym towarzyszem podczas drzemek, codziennych zabaw lub rutynowych wizyt u lekarza. To ubranko niemowl\u0119ce to idealny <a href=\"https:\/\/mama-niemowlaka.pl\/sklep\/t\/pajacyki-dla-noworodka\/\" target=\"_blank\" rel=\"noopener\"><strong>pajac dla noworodka<\/strong><\/a>.<\/p>\n<p><a href=\"https:\/\/mama-niemowlaka.pl\/sklep\/produkt\/ubranka-niemowlece\/pajacyki-dla-niemowlat\/pajac-niemowlecy-dla-dziewczynki-bez\/\" target=\"_blank\" rel=\"noopener\"><strong>Pajac niemowl\u0119cy<\/strong><\/a> w kolorze be\u017cowym dost\u0119pny jest w trzech rozmiarach: 56,62 i 68.<\/p>\n<p>Sk\u0142ad: 100% bawe\u0142na<\/p>\n","protected":false},"featured_media":9721,"template":"","meta":[],"product_brand":[],"product_cat":[59,57],"product_tag":[118,152,220,150,270,272,273,274,268,271],"class_list":{"0":"post-9763","1":"product","2":"type-product","3":"status-publish","4":"has-post-thumbnail","6":"product_cat-pajacyki-dla-niemowlat","7":"product_cat-ubranka-niemowlece","8":"product_tag-bawelna","9":"product_tag-ubranka-dla-niemowlat-dziewczynek","10":"product_tag-ubranka-dla-noworodkow","11":"product_tag-pajacyk","12":"product_tag-pajacyk-do-spania","13":"product_tag-pajacyk-niemowlecy-62","14":"product_tag-pajacyki-68","15":"product_tag-pajacyki-dla-dziewczynek","16":"product_tag-pajacyki-dla-noworodka","17":"product_tag-pajacyki-niemowlece-56","18":"product_shipping_class-lekka","19":"pa_rozmiar-311","20":"pa_rozmiar-312","21":"pa_rozmiar-313","23":"first","24":"instock","25":"taxable","26":"shipping-taxable","27":"purchasable","28":"product-type-variable","29":"has-default-attributes","30":"wvs-archive-product-wrapper"},"_links":{"self":[{"href":"https:\/\/mama-niemowlaka.pl\/sklep\/wp-json\/wp\/v2\/product\/9763","targetHints":{"allow":["GET"]}}],"collection":[{"href":"https:\/\/mama-niemowlaka.pl\/sklep\/wp-json\/wp\/v2\/product"}],"about":[{"href":"https:\/\/mama-niemowlaka.pl\/sklep\/wp-json\/wp\/v2\/types\/product"}],"wp:featuredmedia":[{"embeddable":true,"href":"https:\/\/mama-niemowlaka.pl\/sklep\/wp-json\/wp\/v2\/media\/9721"}],"wp:attachment":[{"href":"https:\/\/mama-niemowlaka.pl\/sklep\/wp-json\/wp\/v2\/media?parent=9763"}],"wp:term":[{"taxonomy":"product_brand","embeddable":true,"href":"https:\/\/mama-niemowlaka.pl\/sklep\/wp-json\/wp\/v2\/product_brand?post=9763"},{"taxonomy":"product_cat","embeddable":true,"href":"https:\/\/mama-niemowlaka.pl\/sklep\/wp-json\/wp\/v2\/product_cat?post=9763"},{"taxonomy":"product_tag","embeddable":true,"href":"https:\/\/mama-niemowlaka.pl\/sklep\/wp-json\/wp\/v2\/product_tag?post=9763"}],"curies":[{"name":"wp","href":"https:\/\/api.w.org\/{rel}","templated":true}]}}